{"id":23085,"date":"2024-08-07T06:33:57","date_gmt":"2024-08-07T04:33:57","guid":{"rendered":"https:\/\/functionals.com\/uncategorized\/tertio-h40-magnefique-2\/"},"modified":"2025-10-06T13:55:34","modified_gmt":"2025-10-06T11:55:34","slug":"tertio-h40-magnefique-2","status":"publish","type":"product","link":"https:\/\/functionals.com\/nl\/kapstokken\/tertio-h40-magnefique-2\/","title":{"rendered":"tertio h40 magn\u00e9fique"},"content":{"rendered":"<p>Tertio H 40cm Magn\u00e9fique<\/p>\n","protected":false},"excerpt":{"rendered":"<p>Tertio H40 Magn\u00e9fique is een magnetisch element met vier haken waaraan een jas kan worden opgehangen. Tertio H40 Magn\u00e9fique maakt deel uit van de garderobeserie Tertio, ontworpen door ontwerper Gerard Kerklaan. Dankzij het transparante ontwerp kunnen de verschillende modellen gemakkelijk gecombineerd worden.  <\/p>\n","protected":false},"featured_media":9238,"template":"","meta":{"_acf_changed":false,"inline_featured_image":false},"product_brand":[],"product_cat":[161,162],"product_tag":[3205,3209,3208,3204],"class_list":{"0":"post-23085","1":"product","2":"type-product","3":"status-publish","4":"has-post-thumbnail","6":"product_cat-kapstokken","7":"product_cat-wandkapstok","8":"product_tag-coat-rack-nl","9":"product_tag-gerard-kerklaan-nl","10":"product_tag-kapstok-nl","11":"product_tag-tertio-nl","12":"pa_designer-gerard-kerklaan-nl","14":"first","15":"instock","16":"taxable","17":"shipping-taxable","18":"purchasable","19":"product-type-simple"},"acf":[],"yoast_head":"<!-- This site is optimized with the Yoast SEO plugin v27.3 - https:\/\/yoast.com\/product\/yoast-seo-wordpress\/ -->\n<title>tertio h40 magn\u00e9fique - functionals<\/title>\n<meta name=\"robots\" content=\"index, follow, max-snippet:-1, max-image-preview:large, max-video-preview:-1\" \/>\n<link rel=\"canonical\" href=\"https:\/\/functionals.com\/nl\/kapstokken\/tertio-h40-magnefique-2\/\" \/>\n<meta property=\"og:locale\" content=\"nl_NL\" \/>\n<meta property=\"og:type\" content=\"article\" \/>\n<meta property=\"og:title\" content=\"tertio h40 magn\u00e9fique - functionals\" \/>\n<meta property=\"og:description\" content=\"Tertio H40 Magn\u00e9fique is een magnetisch element met vier haken waaraan een jas kan worden opgehangen. Tertio H40 Magn\u00e9fique maakt deel uit van de garderobeserie Tertio, ontworpen door ontwerper Gerard Kerklaan. Dankzij het transparante ontwerp kunnen de verschillende modellen gemakkelijk gecombineerd worden.\" \/>\n<meta property=\"og:url\" content=\"https:\/\/functionals.com\/nl\/kapstokken\/tertio-h40-magnefique-2\/\" \/>\n<meta property=\"og:site_name\" content=\"functionals\" \/>\n<meta property=\"article:publisher\" content=\"https:\/\/www.facebook.com\/functionals.eu\" \/>\n<meta property=\"article:modified_time\" content=\"2025-10-06T11:55:34+00:00\" \/>\n<meta property=\"og:image\" content=\"https:\/\/functionals.com\/wp-content\/uploads\/2024\/08\/Tertio-H-Magnefique-40-FV-1-scaled.jpg\" \/>\n\t<meta property=\"og:image:width\" content=\"1707\" \/>\n\t<meta property=\"og:image:height\" content=\"2560\" \/>\n\t<meta property=\"og:image:type\" content=\"image\/jpeg\" \/>\n<meta name=\"twitter:card\" content=\"summary_large_image\" \/>\n<script type=\"application\/ld+json\" class=\"yoast-schema-graph\">{\"@context\":\"https:\\\/\\\/schema.org\",\"@graph\":[{\"@type\":\"WebPage\",\"@id\":\"https:\\\/\\\/functionals.com\\\/nl\\\/kapstokken\\\/tertio-h40-magnefique-2\\\/\",\"url\":\"https:\\\/\\\/functionals.com\\\/nl\\\/kapstokken\\\/tertio-h40-magnefique-2\\\/\",\"name\":\"tertio h40 magn\u00e9fique - functionals\",\"isPartOf\":{\"@id\":\"https:\\\/\\\/functionals.com\\\/nl\\\/#website\"},\"primaryImageOfPage\":{\"@id\":\"https:\\\/\\\/functionals.com\\\/nl\\\/kapstokken\\\/tertio-h40-magnefique-2\\\/#primaryimage\"},\"image\":{\"@id\":\"https:\\\/\\\/functionals.com\\\/nl\\\/kapstokken\\\/tertio-h40-magnefique-2\\\/#primaryimage\"},\"thumbnailUrl\":\"https:\\\/\\\/functionals.com\\\/wp-content\\\/uploads\\\/2024\\\/08\\\/Tertio-H-Magnefique-40-FV-1-scaled.jpg\",\"datePublished\":\"2024-08-07T04:33:57+00:00\",\"dateModified\":\"2025-10-06T11:55:34+00:00\",\"breadcrumb\":{\"@id\":\"https:\\\/\\\/functionals.com\\\/nl\\\/kapstokken\\\/tertio-h40-magnefique-2\\\/#breadcrumb\"},\"inLanguage\":\"nl-NL\",\"potentialAction\":[{\"@type\":\"ReadAction\",\"target\":[\"https:\\\/\\\/functionals.com\\\/nl\\\/kapstokken\\\/tertio-h40-magnefique-2\\\/\"]}],\"author\":{\"@type\":\"Organization\",\"name\":\"Heabb\",\"url\":\"https:\\\/\\\/heabb.nl\"}},{\"@type\":\"ImageObject\",\"inLanguage\":\"nl-NL\",\"@id\":\"https:\\\/\\\/functionals.com\\\/nl\\\/kapstokken\\\/tertio-h40-magnefique-2\\\/#primaryimage\",\"url\":\"https:\\\/\\\/functionals.com\\\/wp-content\\\/uploads\\\/2024\\\/08\\\/Tertio-H-Magnefique-40-FV-1-scaled.jpg\",\"contentUrl\":\"https:\\\/\\\/functionals.com\\\/wp-content\\\/uploads\\\/2024\\\/08\\\/Tertio-H-Magnefique-40-FV-1-scaled.jpg\",\"width\":1707,\"height\":2560},{\"@type\":\"BreadcrumbList\",\"@id\":\"https:\\\/\\\/functionals.com\\\/nl\\\/kapstokken\\\/tertio-h40-magnefique-2\\\/#breadcrumb\",\"itemListElement\":[{\"@type\":\"ListItem\",\"position\":1,\"name\":\"home\",\"item\":\"https:\\\/\\\/functionals.com\\\/nl\\\/\"},{\"@type\":\"ListItem\",\"position\":2,\"name\":\"producten\",\"item\":\"https:\\\/\\\/functionals.com\\\/nl\\\/producten\\\/\"},{\"@type\":\"ListItem\",\"position\":3,\"name\":\"tertio h40 magn\u00e9fique\"}]},{\"@type\":\"WebSite\",\"@id\":\"https:\\\/\\\/functionals.com\\\/nl\\\/#website\",\"url\":\"https:\\\/\\\/functionals.com\\\/nl\\\/\",\"name\":\"Functionals\",\"description\":\"organising spaces\",\"publisher\":{\"@id\":\"https:\\\/\\\/functionals.com\\\/nl\\\/#organization\"},\"potentialAction\":[{\"@type\":\"SearchAction\",\"target\":{\"@type\":\"EntryPoint\",\"urlTemplate\":\"https:\\\/\\\/functionals.com\\\/nl\\\/?s={search_term_string}\"},\"query-input\":{\"@type\":\"PropertyValueSpecification\",\"valueRequired\":true,\"valueName\":\"search_term_string\"}}],\"inLanguage\":\"nl-NL\"},{\"@type\":\"Organization\",\"@id\":\"https:\\\/\\\/functionals.com\\\/nl\\\/#organization\",\"name\":\"Functionals\",\"url\":\"https:\\\/\\\/functionals.com\\\/nl\\\/\",\"logo\":{\"@type\":\"ImageObject\",\"inLanguage\":\"nl-NL\",\"@id\":\"https:\\\/\\\/functionals.com\\\/nl\\\/#\\\/schema\\\/logo\\\/image\\\/\",\"url\":\"https:\\\/\\\/functionals.com\\\/wp-content\\\/uploads\\\/2024\\\/08\\\/Functionals-logo-5cm-300dpi.jpg\",\"contentUrl\":\"https:\\\/\\\/functionals.com\\\/wp-content\\\/uploads\\\/2024\\\/08\\\/Functionals-logo-5cm-300dpi.jpg\",\"width\":591,\"height\":997,\"caption\":\"Functionals\"},\"image\":{\"@id\":\"https:\\\/\\\/functionals.com\\\/nl\\\/#\\\/schema\\\/logo\\\/image\\\/\"},\"sameAs\":[\"https:\\\/\\\/www.facebook.com\\\/functionals.eu\",\"https:\\\/\\\/www.instagram.com\\\/functionals\",\"https:\\\/\\\/www.linkedin.com\\\/company\\\/functionals-com\"]}]}<\/script>\n<!-- \/ Yoast SEO plugin. -->","yoast_head_json":{"title":"tertio h40 magn\u00e9fique - functionals","robots":{"index":"index","follow":"follow","max-snippet":"max-snippet:-1","max-image-preview":"max-image-preview:large","max-video-preview":"max-video-preview:-1"},"canonical":"https:\/\/functionals.com\/nl\/kapstokken\/tertio-h40-magnefique-2\/","og_locale":"nl_NL","og_type":"article","og_title":"tertio h40 magn\u00e9fique - functionals","og_description":"Tertio H40 Magn\u00e9fique is een magnetisch element met vier haken waaraan een jas kan worden opgehangen. Tertio H40 Magn\u00e9fique maakt deel uit van de garderobeserie Tertio, ontworpen door ontwerper Gerard Kerklaan. Dankzij het transparante ontwerp kunnen de verschillende modellen gemakkelijk gecombineerd worden.","og_url":"https:\/\/functionals.com\/nl\/kapstokken\/tertio-h40-magnefique-2\/","og_site_name":"functionals","article_publisher":"https:\/\/www.facebook.com\/functionals.eu","article_modified_time":"2025-10-06T11:55:34+00:00","og_image":[{"width":1707,"height":2560,"url":"https:\/\/functionals.com\/wp-content\/uploads\/2024\/08\/Tertio-H-Magnefique-40-FV-1-scaled.jpg","type":"image\/jpeg"}],"twitter_card":"summary_large_image","schema":{"@context":"https:\/\/schema.org","@graph":[{"@type":"WebPage","@id":"https:\/\/functionals.com\/nl\/kapstokken\/tertio-h40-magnefique-2\/","url":"https:\/\/functionals.com\/nl\/kapstokken\/tertio-h40-magnefique-2\/","name":"tertio h40 magn\u00e9fique - functionals","isPartOf":{"@id":"https:\/\/functionals.com\/nl\/#website"},"primaryImageOfPage":{"@id":"https:\/\/functionals.com\/nl\/kapstokken\/tertio-h40-magnefique-2\/#primaryimage"},"image":{"@id":"https:\/\/functionals.com\/nl\/kapstokken\/tertio-h40-magnefique-2\/#primaryimage"},"thumbnailUrl":"https:\/\/functionals.com\/wp-content\/uploads\/2024\/08\/Tertio-H-Magnefique-40-FV-1-scaled.jpg","datePublished":"2024-08-07T04:33:57+00:00","dateModified":"2025-10-06T11:55:34+00:00","breadcrumb":{"@id":"https:\/\/functionals.com\/nl\/kapstokken\/tertio-h40-magnefique-2\/#breadcrumb"},"inLanguage":"nl-NL","potentialAction":[{"@type":"ReadAction","target":["https:\/\/functionals.com\/nl\/kapstokken\/tertio-h40-magnefique-2\/"]}],"author":{"@type":"Organization","name":"Heabb","url":"https:\/\/heabb.nl"}},{"@type":"ImageObject","inLanguage":"nl-NL","@id":"https:\/\/functionals.com\/nl\/kapstokken\/tertio-h40-magnefique-2\/#primaryimage","url":"https:\/\/functionals.com\/wp-content\/uploads\/2024\/08\/Tertio-H-Magnefique-40-FV-1-scaled.jpg","contentUrl":"https:\/\/functionals.com\/wp-content\/uploads\/2024\/08\/Tertio-H-Magnefique-40-FV-1-scaled.jpg","width":1707,"height":2560},{"@type":"BreadcrumbList","@id":"https:\/\/functionals.com\/nl\/kapstokken\/tertio-h40-magnefique-2\/#breadcrumb","itemListElement":[{"@type":"ListItem","position":1,"name":"home","item":"https:\/\/functionals.com\/nl\/"},{"@type":"ListItem","position":2,"name":"producten","item":"https:\/\/functionals.com\/nl\/producten\/"},{"@type":"ListItem","position":3,"name":"tertio h40 magn\u00e9fique"}]},{"@type":"WebSite","@id":"https:\/\/functionals.com\/nl\/#website","url":"https:\/\/functionals.com\/nl\/","name":"Functionals","description":"organising spaces","publisher":{"@id":"https:\/\/functionals.com\/nl\/#organization"},"potentialAction":[{"@type":"SearchAction","target":{"@type":"EntryPoint","urlTemplate":"https:\/\/functionals.com\/nl\/?s={search_term_string}"},"query-input":{"@type":"PropertyValueSpecification","valueRequired":true,"valueName":"search_term_string"}}],"inLanguage":"nl-NL"},{"@type":"Organization","@id":"https:\/\/functionals.com\/nl\/#organization","name":"Functionals","url":"https:\/\/functionals.com\/nl\/","logo":{"@type":"ImageObject","inLanguage":"nl-NL","@id":"https:\/\/functionals.com\/nl\/#\/schema\/logo\/image\/","url":"https:\/\/functionals.com\/wp-content\/uploads\/2024\/08\/Functionals-logo-5cm-300dpi.jpg","contentUrl":"https:\/\/functionals.com\/wp-content\/uploads\/2024\/08\/Functionals-logo-5cm-300dpi.jpg","width":591,"height":997,"caption":"Functionals"},"image":{"@id":"https:\/\/functionals.com\/nl\/#\/schema\/logo\/image\/"},"sameAs":["https:\/\/www.facebook.com\/functionals.eu","https:\/\/www.instagram.com\/functionals","https:\/\/www.linkedin.com\/company\/functionals-com"]}]}},"_links":{"self":[{"href":"https:\/\/functionals.com\/nl\/wp-json\/wp\/v2\/product\/23085","targetHints":{"allow":["GET"]}}],"collection":[{"href":"https:\/\/functionals.com\/nl\/wp-json\/wp\/v2\/product"}],"about":[{"href":"https:\/\/functionals.com\/nl\/wp-json\/wp\/v2\/types\/product"}],"wp:featuredmedia":[{"embeddable":true,"href":"https:\/\/functionals.com\/nl\/wp-json\/wp\/v2\/media\/9238"}],"wp:attachment":[{"href":"https:\/\/functionals.com\/nl\/wp-json\/wp\/v2\/media?parent=23085"}],"wp:term":[{"taxonomy":"product_brand","embeddable":true,"href":"https:\/\/functionals.com\/nl\/wp-json\/wp\/v2\/product_brand?post=23085"},{"taxonomy":"product_cat","embeddable":true,"href":"https:\/\/functionals.com\/nl\/wp-json\/wp\/v2\/product_cat?post=23085"},{"taxonomy":"product_tag","embeddable":true,"href":"https:\/\/functionals.com\/nl\/wp-json\/wp\/v2\/product_tag?post=23085"}],"curies":[{"name":"wp","href":"https:\/\/api.w.org\/{rel}","templated":true}]}}