{"id":22976,"date":"2024-08-07T03:14:32","date_gmt":"2024-08-07T01:14:32","guid":{"rendered":"https:\/\/functionals.com\/uncategorized\/dunk-3-2\/"},"modified":"2025-12-01T11:19:06","modified_gmt":"2025-12-01T10:19:06","slug":"dunk-3-2","status":"publish","type":"product","link":"https:\/\/functionals.com\/nl\/afvalbakken\/dunk-3-2\/","title":{"rendered":"dunk 3"},"content":{"rendered":"<p>Dunk 3<\/p>\n","protected":false},"excerpt":{"rendered":"<p>Dit is Dunk. De afvalbak die uitblinkt in design, functionaliteit en prijs. Het bescheiden en tijdloze ontwerp van Frans de la Haye past naadloos in commerci\u00eble en openbare ruimtes. Wij noemen dat stijlvol scheiden. Dunk 1 is uitgerust met \u00e9\u00e9n uitneembare, waterdichte binnenbak met een inhoud van 60 liter.    <\/p>\n","protected":false},"featured_media":13913,"template":"","meta":{"_acf_changed":false,"inline_featured_image":false},"product_brand":[],"product_cat":[170],"product_tag":[],"class_list":{"0":"post-22976","1":"product","2":"type-product","3":"status-publish","4":"has-post-thumbnail","6":"product_cat-afvalbakken","7":"pa_designer-frans-de-la-haye-nl-2","9":"first","10":"instock","11":"taxable","12":"shipping-taxable","13":"purchasable","14":"product-type-simple"},"acf":[],"yoast_head":"<!-- This site is optimized with the Yoast SEO plugin v27.3 - https:\/\/yoast.com\/product\/yoast-seo-wordpress\/ -->\n<title>dunk 3 - functionals<\/title>\n<meta name=\"robots\" content=\"index, follow, max-snippet:-1, max-image-preview:large, max-video-preview:-1\" \/>\n<link rel=\"canonical\" href=\"https:\/\/functionals.com\/nl\/afvalbakken\/dunk-3-2\/\" \/>\n<meta property=\"og:locale\" content=\"nl_NL\" \/>\n<meta property=\"og:type\" content=\"article\" \/>\n<meta property=\"og:title\" content=\"dunk 3 - functionals\" \/>\n<meta property=\"og:description\" content=\"Dit is Dunk. De afvalbak die uitblinkt in design, functionaliteit en prijs. Het bescheiden en tijdloze ontwerp van Frans de la Haye past naadloos in commerci\u00eble en openbare ruimtes. Wij noemen dat stijlvol scheiden. Dunk 1 is uitgerust met \u00e9\u00e9n uitneembare, waterdichte binnenbak met een inhoud van 60 liter.\" \/>\n<meta property=\"og:url\" content=\"https:\/\/functionals.com\/nl\/afvalbakken\/dunk-3-2\/\" \/>\n<meta property=\"og:site_name\" content=\"functionals\" \/>\n<meta property=\"article:publisher\" content=\"https:\/\/www.facebook.com\/functionals.eu\" \/>\n<meta property=\"article:modified_time\" content=\"2025-12-01T10:19:06+00:00\" \/>\n<meta property=\"og:image\" content=\"https:\/\/functionals.com\/wp-content\/uploads\/2024\/08\/Dunk-3-Stone-Grey-FV.jpg\" \/>\n\t<meta property=\"og:image:width\" content=\"850\" \/>\n\t<meta property=\"og:image:height\" content=\"1276\" \/>\n\t<meta property=\"og:image:type\" content=\"image\/jpeg\" \/>\n<meta name=\"twitter:card\" content=\"summary_large_image\" \/>\n<script type=\"application\/ld+json\" class=\"yoast-schema-graph\">{\"@context\":\"https:\\\/\\\/schema.org\",\"@graph\":[{\"@type\":\"WebPage\",\"@id\":\"https:\\\/\\\/functionals.com\\\/nl\\\/afvalbakken\\\/dunk-3-2\\\/\",\"url\":\"https:\\\/\\\/functionals.com\\\/nl\\\/afvalbakken\\\/dunk-3-2\\\/\",\"name\":\"dunk 3 - functionals\",\"isPartOf\":{\"@id\":\"https:\\\/\\\/functionals.com\\\/nl\\\/#website\"},\"primaryImageOfPage\":{\"@id\":\"https:\\\/\\\/functionals.com\\\/nl\\\/afvalbakken\\\/dunk-3-2\\\/#primaryimage\"},\"image\":{\"@id\":\"https:\\\/\\\/functionals.com\\\/nl\\\/afvalbakken\\\/dunk-3-2\\\/#primaryimage\"},\"thumbnailUrl\":\"https:\\\/\\\/functionals.com\\\/wp-content\\\/uploads\\\/2024\\\/08\\\/Dunk-3-Stone-Grey-FV.jpg\",\"datePublished\":\"2024-08-07T01:14:32+00:00\",\"dateModified\":\"2025-12-01T10:19:06+00:00\",\"breadcrumb\":{\"@id\":\"https:\\\/\\\/functionals.com\\\/nl\\\/afvalbakken\\\/dunk-3-2\\\/#breadcrumb\"},\"inLanguage\":\"nl-NL\",\"potentialAction\":[{\"@type\":\"ReadAction\",\"target\":[\"https:\\\/\\\/functionals.com\\\/nl\\\/afvalbakken\\\/dunk-3-2\\\/\"]}],\"author\":{\"@type\":\"Organization\",\"name\":\"Heabb\",\"url\":\"https:\\\/\\\/heabb.nl\"}},{\"@type\":\"ImageObject\",\"inLanguage\":\"nl-NL\",\"@id\":\"https:\\\/\\\/functionals.com\\\/nl\\\/afvalbakken\\\/dunk-3-2\\\/#primaryimage\",\"url\":\"https:\\\/\\\/functionals.com\\\/wp-content\\\/uploads\\\/2024\\\/08\\\/Dunk-3-Stone-Grey-FV.jpg\",\"contentUrl\":\"https:\\\/\\\/functionals.com\\\/wp-content\\\/uploads\\\/2024\\\/08\\\/Dunk-3-Stone-Grey-FV.jpg\",\"width\":850,\"height\":1276},{\"@type\":\"BreadcrumbList\",\"@id\":\"https:\\\/\\\/functionals.com\\\/nl\\\/afvalbakken\\\/dunk-3-2\\\/#breadcrumb\",\"itemListElement\":[{\"@type\":\"ListItem\",\"position\":1,\"name\":\"home\",\"item\":\"https:\\\/\\\/functionals.com\\\/nl\\\/\"},{\"@type\":\"ListItem\",\"position\":2,\"name\":\"producten\",\"item\":\"https:\\\/\\\/functionals.com\\\/nl\\\/producten\\\/\"},{\"@type\":\"ListItem\",\"position\":3,\"name\":\"dunk 3\"}]},{\"@type\":\"WebSite\",\"@id\":\"https:\\\/\\\/functionals.com\\\/nl\\\/#website\",\"url\":\"https:\\\/\\\/functionals.com\\\/nl\\\/\",\"name\":\"Functionals\",\"description\":\"organising spaces\",\"publisher\":{\"@id\":\"https:\\\/\\\/functionals.com\\\/nl\\\/#organization\"},\"potentialAction\":[{\"@type\":\"SearchAction\",\"target\":{\"@type\":\"EntryPoint\",\"urlTemplate\":\"https:\\\/\\\/functionals.com\\\/nl\\\/?s={search_term_string}\"},\"query-input\":{\"@type\":\"PropertyValueSpecification\",\"valueRequired\":true,\"valueName\":\"search_term_string\"}}],\"inLanguage\":\"nl-NL\"},{\"@type\":\"Organization\",\"@id\":\"https:\\\/\\\/functionals.com\\\/nl\\\/#organization\",\"name\":\"Functionals\",\"url\":\"https:\\\/\\\/functionals.com\\\/nl\\\/\",\"logo\":{\"@type\":\"ImageObject\",\"inLanguage\":\"nl-NL\",\"@id\":\"https:\\\/\\\/functionals.com\\\/nl\\\/#\\\/schema\\\/logo\\\/image\\\/\",\"url\":\"https:\\\/\\\/functionals.com\\\/wp-content\\\/uploads\\\/2024\\\/08\\\/Functionals-logo-5cm-300dpi.jpg\",\"contentUrl\":\"https:\\\/\\\/functionals.com\\\/wp-content\\\/uploads\\\/2024\\\/08\\\/Functionals-logo-5cm-300dpi.jpg\",\"width\":591,\"height\":997,\"caption\":\"Functionals\"},\"image\":{\"@id\":\"https:\\\/\\\/functionals.com\\\/nl\\\/#\\\/schema\\\/logo\\\/image\\\/\"},\"sameAs\":[\"https:\\\/\\\/www.facebook.com\\\/functionals.eu\",\"https:\\\/\\\/www.instagram.com\\\/functionals\",\"https:\\\/\\\/www.linkedin.com\\\/company\\\/functionals-com\"]}]}<\/script>\n<!-- \/ Yoast SEO plugin. -->","yoast_head_json":{"title":"dunk 3 - functionals","robots":{"index":"index","follow":"follow","max-snippet":"max-snippet:-1","max-image-preview":"max-image-preview:large","max-video-preview":"max-video-preview:-1"},"canonical":"https:\/\/functionals.com\/nl\/afvalbakken\/dunk-3-2\/","og_locale":"nl_NL","og_type":"article","og_title":"dunk 3 - functionals","og_description":"Dit is Dunk. De afvalbak die uitblinkt in design, functionaliteit en prijs. Het bescheiden en tijdloze ontwerp van Frans de la Haye past naadloos in commerci\u00eble en openbare ruimtes. Wij noemen dat stijlvol scheiden. Dunk 1 is uitgerust met \u00e9\u00e9n uitneembare, waterdichte binnenbak met een inhoud van 60 liter.","og_url":"https:\/\/functionals.com\/nl\/afvalbakken\/dunk-3-2\/","og_site_name":"functionals","article_publisher":"https:\/\/www.facebook.com\/functionals.eu","article_modified_time":"2025-12-01T10:19:06+00:00","og_image":[{"width":850,"height":1276,"url":"https:\/\/functionals.com\/wp-content\/uploads\/2024\/08\/Dunk-3-Stone-Grey-FV.jpg","type":"image\/jpeg"}],"twitter_card":"summary_large_image","schema":{"@context":"https:\/\/schema.org","@graph":[{"@type":"WebPage","@id":"https:\/\/functionals.com\/nl\/afvalbakken\/dunk-3-2\/","url":"https:\/\/functionals.com\/nl\/afvalbakken\/dunk-3-2\/","name":"dunk 3 - functionals","isPartOf":{"@id":"https:\/\/functionals.com\/nl\/#website"},"primaryImageOfPage":{"@id":"https:\/\/functionals.com\/nl\/afvalbakken\/dunk-3-2\/#primaryimage"},"image":{"@id":"https:\/\/functionals.com\/nl\/afvalbakken\/dunk-3-2\/#primaryimage"},"thumbnailUrl":"https:\/\/functionals.com\/wp-content\/uploads\/2024\/08\/Dunk-3-Stone-Grey-FV.jpg","datePublished":"2024-08-07T01:14:32+00:00","dateModified":"2025-12-01T10:19:06+00:00","breadcrumb":{"@id":"https:\/\/functionals.com\/nl\/afvalbakken\/dunk-3-2\/#breadcrumb"},"inLanguage":"nl-NL","potentialAction":[{"@type":"ReadAction","target":["https:\/\/functionals.com\/nl\/afvalbakken\/dunk-3-2\/"]}],"author":{"@type":"Organization","name":"Heabb","url":"https:\/\/heabb.nl"}},{"@type":"ImageObject","inLanguage":"nl-NL","@id":"https:\/\/functionals.com\/nl\/afvalbakken\/dunk-3-2\/#primaryimage","url":"https:\/\/functionals.com\/wp-content\/uploads\/2024\/08\/Dunk-3-Stone-Grey-FV.jpg","contentUrl":"https:\/\/functionals.com\/wp-content\/uploads\/2024\/08\/Dunk-3-Stone-Grey-FV.jpg","width":850,"height":1276},{"@type":"BreadcrumbList","@id":"https:\/\/functionals.com\/nl\/afvalbakken\/dunk-3-2\/#breadcrumb","itemListElement":[{"@type":"ListItem","position":1,"name":"home","item":"https:\/\/functionals.com\/nl\/"},{"@type":"ListItem","position":2,"name":"producten","item":"https:\/\/functionals.com\/nl\/producten\/"},{"@type":"ListItem","position":3,"name":"dunk 3"}]},{"@type":"WebSite","@id":"https:\/\/functionals.com\/nl\/#website","url":"https:\/\/functionals.com\/nl\/","name":"Functionals","description":"organising spaces","publisher":{"@id":"https:\/\/functionals.com\/nl\/#organization"},"potentialAction":[{"@type":"SearchAction","target":{"@type":"EntryPoint","urlTemplate":"https:\/\/functionals.com\/nl\/?s={search_term_string}"},"query-input":{"@type":"PropertyValueSpecification","valueRequired":true,"valueName":"search_term_string"}}],"inLanguage":"nl-NL"},{"@type":"Organization","@id":"https:\/\/functionals.com\/nl\/#organization","name":"Functionals","url":"https:\/\/functionals.com\/nl\/","logo":{"@type":"ImageObject","inLanguage":"nl-NL","@id":"https:\/\/functionals.com\/nl\/#\/schema\/logo\/image\/","url":"https:\/\/functionals.com\/wp-content\/uploads\/2024\/08\/Functionals-logo-5cm-300dpi.jpg","contentUrl":"https:\/\/functionals.com\/wp-content\/uploads\/2024\/08\/Functionals-logo-5cm-300dpi.jpg","width":591,"height":997,"caption":"Functionals"},"image":{"@id":"https:\/\/functionals.com\/nl\/#\/schema\/logo\/image\/"},"sameAs":["https:\/\/www.facebook.com\/functionals.eu","https:\/\/www.instagram.com\/functionals","https:\/\/www.linkedin.com\/company\/functionals-com"]}]}},"_links":{"self":[{"href":"https:\/\/functionals.com\/nl\/wp-json\/wp\/v2\/product\/22976","targetHints":{"allow":["GET"]}}],"collection":[{"href":"https:\/\/functionals.com\/nl\/wp-json\/wp\/v2\/product"}],"about":[{"href":"https:\/\/functionals.com\/nl\/wp-json\/wp\/v2\/types\/product"}],"wp:featuredmedia":[{"embeddable":true,"href":"https:\/\/functionals.com\/nl\/wp-json\/wp\/v2\/media\/13913"}],"wp:attachment":[{"href":"https:\/\/functionals.com\/nl\/wp-json\/wp\/v2\/media?parent=22976"}],"wp:term":[{"taxonomy":"product_brand","embeddable":true,"href":"https:\/\/functionals.com\/nl\/wp-json\/wp\/v2\/product_brand?post=22976"},{"taxonomy":"product_cat","embeddable":true,"href":"https:\/\/functionals.com\/nl\/wp-json\/wp\/v2\/product_cat?post=22976"},{"taxonomy":"product_tag","embeddable":true,"href":"https:\/\/functionals.com\/nl\/wp-json\/wp\/v2\/product_tag?post=22976"}],"curies":[{"name":"wp","href":"https:\/\/api.w.org\/{rel}","templated":true}]}}