{"id":27996,"date":"2024-08-29T14:05:19","date_gmt":"2024-08-29T12:05:19","guid":{"rendered":"https:\/\/functionals.com\/uncategorized\/wt-table-2\/"},"modified":"2024-08-29T14:05:19","modified_gmt":"2024-08-29T12:05:19","slug":"wt-table-2","status":"publish","type":"product","link":"https:\/\/functionals.com\/fr\/tables\/wt-table-2\/","title":{"rendered":"wt-table"},"content":{"rendered":"","protected":false},"excerpt":{"rendered":"<p>Le designer n\u00e9erlandais Karel Martens a initialement cr\u00e9\u00e9 cette table en 1995 pour ses \u00e9tudiants du programme de master Werkplaats Typografie \u00e0 l\u2019ArtEZ University of the Arts. Aujourd\u2019hui, la table est disponible pour le grand public pour la premi\u00e8re fois. Sa construction ing\u00e9nieuse conf\u00e8re \u00e0 la WT-Table \u2013 nomm\u00e9e d\u2019apr\u00e8s la Werkplaats Typografie \u2013 une allure architecturale. Elle est \u00e0 la fois \u00e9l\u00e9gamment simple, solide et stable. Ses dimensions invitent \u00e0 des discussions anim\u00e9es ou \u00e0 de longs d\u00eeners. Parfaite pour tout bureau, espace de r\u00e9union ou salle \u00e0 manger.     <\/p>\n","protected":false},"featured_media":8176,"template":"","meta":{"_acf_changed":false,"inline_featured_image":false},"product_brand":[],"product_cat":[150],"product_tag":[],"class_list":{"0":"post-27996","1":"product","2":"type-product","3":"status-publish","4":"has-post-thumbnail","6":"product_cat-tables","7":"pa_designer-karel-martens-fr","9":"first","10":"instock","11":"taxable","12":"shipping-taxable","13":"purchasable","14":"product-type-variable"},"acf":[],"yoast_head":"<!-- This site is optimized with the Yoast SEO plugin v27.5 - https:\/\/yoast.com\/product\/yoast-seo-wordpress\/ -->\n<title>wt-table - functionals<\/title>\n<meta name=\"robots\" content=\"index, follow, max-snippet:-1, max-image-preview:large, max-video-preview:-1\" \/>\n<link rel=\"canonical\" href=\"https:\/\/functionals.com\/fr\/tables\/wt-table-2\/\" \/>\n<meta property=\"og:locale\" content=\"fr_FR\" \/>\n<meta property=\"og:type\" content=\"article\" \/>\n<meta property=\"og:title\" content=\"wt-table - functionals\" \/>\n<meta property=\"og:description\" content=\"Le designer n\u00e9erlandais Karel Martens a initialement cr\u00e9\u00e9 cette table en 1995 pour ses \u00e9tudiants du programme de master Werkplaats Typografie \u00e0 l\u2019ArtEZ University of the Arts. Aujourd\u2019hui, la table est disponible pour le grand public pour la premi\u00e8re fois. Sa construction ing\u00e9nieuse conf\u00e8re \u00e0 la WT-Table \u2013 nomm\u00e9e d\u2019apr\u00e8s la Werkplaats Typografie \u2013 une allure architecturale. Elle est \u00e0 la fois \u00e9l\u00e9gamment simple, solide et stable. Ses dimensions invitent \u00e0 des discussions anim\u00e9es ou \u00e0 de longs d\u00eeners. Parfaite pour tout bureau, espace de r\u00e9union ou salle \u00e0 manger.\" \/>\n<meta property=\"og:url\" content=\"https:\/\/functionals.com\/fr\/tables\/wt-table-2\/\" \/>\n<meta property=\"og:site_name\" content=\"functionals\" \/>\n<meta property=\"article:publisher\" content=\"https:\/\/www.facebook.com\/functionals.eu\" \/>\n<meta property=\"og:image\" content=\"https:\/\/functionals.com\/wp-content\/uploads\/2024\/08\/WT-Table-200-Black-Maroon-Red-FV-scaled.jpg\" \/>\n\t<meta property=\"og:image:width\" content=\"1707\" \/>\n\t<meta property=\"og:image:height\" content=\"2560\" \/>\n\t<meta property=\"og:image:type\" content=\"image\/jpeg\" \/>\n<meta name=\"twitter:card\" content=\"summary_large_image\" \/>\n<script type=\"application\/ld+json\" class=\"yoast-schema-graph\">{\"@context\":\"https:\\\/\\\/schema.org\",\"@graph\":[{\"@type\":\"WebPage\",\"@id\":\"https:\\\/\\\/functionals.com\\\/fr\\\/tables\\\/wt-table-2\\\/\",\"url\":\"https:\\\/\\\/functionals.com\\\/fr\\\/tables\\\/wt-table-2\\\/\",\"name\":\"wt-table - functionals\",\"isPartOf\":{\"@id\":\"https:\\\/\\\/functionals.com\\\/fr\\\/#website\"},\"primaryImageOfPage\":{\"@id\":\"https:\\\/\\\/functionals.com\\\/fr\\\/tables\\\/wt-table-2\\\/#primaryimage\"},\"image\":{\"@id\":\"https:\\\/\\\/functionals.com\\\/fr\\\/tables\\\/wt-table-2\\\/#primaryimage\"},\"thumbnailUrl\":\"https:\\\/\\\/functionals.com\\\/wp-content\\\/uploads\\\/2024\\\/08\\\/WT-Table-200-Black-Maroon-Red-FV-scaled.jpg\",\"datePublished\":\"2024-08-29T12:05:19+00:00\",\"breadcrumb\":{\"@id\":\"https:\\\/\\\/functionals.com\\\/fr\\\/tables\\\/wt-table-2\\\/#breadcrumb\"},\"inLanguage\":\"fr-FR\",\"potentialAction\":[{\"@type\":\"ReadAction\",\"target\":[\"https:\\\/\\\/functionals.com\\\/fr\\\/tables\\\/wt-table-2\\\/\"]}],\"author\":{\"@type\":\"Organization\",\"name\":\"Heabb\",\"url\":\"https:\\\/\\\/heabb.nl\"}},{\"@type\":\"ImageObject\",\"inLanguage\":\"fr-FR\",\"@id\":\"https:\\\/\\\/functionals.com\\\/fr\\\/tables\\\/wt-table-2\\\/#primaryimage\",\"url\":\"https:\\\/\\\/functionals.com\\\/wp-content\\\/uploads\\\/2024\\\/08\\\/WT-Table-200-Black-Maroon-Red-FV-scaled.jpg\",\"contentUrl\":\"https:\\\/\\\/functionals.com\\\/wp-content\\\/uploads\\\/2024\\\/08\\\/WT-Table-200-Black-Maroon-Red-FV-scaled.jpg\",\"width\":1707,\"height\":2560},{\"@type\":\"BreadcrumbList\",\"@id\":\"https:\\\/\\\/functionals.com\\\/fr\\\/tables\\\/wt-table-2\\\/#breadcrumb\",\"itemListElement\":[{\"@type\":\"ListItem\",\"position\":1,\"name\":\"home\",\"item\":\"https:\\\/\\\/functionals.com\\\/fr\\\/\"},{\"@type\":\"ListItem\",\"position\":2,\"name\":\"produits\",\"item\":\"https:\\\/\\\/functionals.com\\\/fr\\\/produits\\\/\"},{\"@type\":\"ListItem\",\"position\":3,\"name\":\"wt-table\"}]},{\"@type\":\"WebSite\",\"@id\":\"https:\\\/\\\/functionals.com\\\/fr\\\/#website\",\"url\":\"https:\\\/\\\/functionals.com\\\/fr\\\/\",\"name\":\"Functionals\",\"description\":\"organising spaces\",\"publisher\":{\"@id\":\"https:\\\/\\\/functionals.com\\\/fr\\\/#organization\"},\"potentialAction\":[{\"@type\":\"SearchAction\",\"target\":{\"@type\":\"EntryPoint\",\"urlTemplate\":\"https:\\\/\\\/functionals.com\\\/fr\\\/?s={search_term_string}\"},\"query-input\":{\"@type\":\"PropertyValueSpecification\",\"valueRequired\":true,\"valueName\":\"search_term_string\"}}],\"inLanguage\":\"fr-FR\"},{\"@type\":\"Organization\",\"@id\":\"https:\\\/\\\/functionals.com\\\/fr\\\/#organization\",\"name\":\"Functionals\",\"url\":\"https:\\\/\\\/functionals.com\\\/fr\\\/\",\"logo\":{\"@type\":\"ImageObject\",\"inLanguage\":\"fr-FR\",\"@id\":\"https:\\\/\\\/functionals.com\\\/fr\\\/#\\\/schema\\\/logo\\\/image\\\/\",\"url\":\"https:\\\/\\\/functionals.com\\\/wp-content\\\/uploads\\\/2024\\\/08\\\/Functionals-logo-5cm-300dpi.jpg\",\"contentUrl\":\"https:\\\/\\\/functionals.com\\\/wp-content\\\/uploads\\\/2024\\\/08\\\/Functionals-logo-5cm-300dpi.jpg\",\"width\":591,\"height\":997,\"caption\":\"Functionals\"},\"image\":{\"@id\":\"https:\\\/\\\/functionals.com\\\/fr\\\/#\\\/schema\\\/logo\\\/image\\\/\"},\"sameAs\":[\"https:\\\/\\\/www.facebook.com\\\/functionals.eu\",\"https:\\\/\\\/www.instagram.com\\\/functionals\",\"https:\\\/\\\/www.linkedin.com\\\/company\\\/functionals-com\"]}]}<\/script>\n<!-- \/ Yoast SEO plugin. -->","yoast_head_json":{"title":"wt-table - functionals","robots":{"index":"index","follow":"follow","max-snippet":"max-snippet:-1","max-image-preview":"max-image-preview:large","max-video-preview":"max-video-preview:-1"},"canonical":"https:\/\/functionals.com\/fr\/tables\/wt-table-2\/","og_locale":"fr_FR","og_type":"article","og_title":"wt-table - functionals","og_description":"Le designer n\u00e9erlandais Karel Martens a initialement cr\u00e9\u00e9 cette table en 1995 pour ses \u00e9tudiants du programme de master Werkplaats Typografie \u00e0 l\u2019ArtEZ University of the Arts. Aujourd\u2019hui, la table est disponible pour le grand public pour la premi\u00e8re fois. Sa construction ing\u00e9nieuse conf\u00e8re \u00e0 la WT-Table \u2013 nomm\u00e9e d\u2019apr\u00e8s la Werkplaats Typografie \u2013 une allure architecturale. Elle est \u00e0 la fois \u00e9l\u00e9gamment simple, solide et stable. Ses dimensions invitent \u00e0 des discussions anim\u00e9es ou \u00e0 de longs d\u00eeners. Parfaite pour tout bureau, espace de r\u00e9union ou salle \u00e0 manger.","og_url":"https:\/\/functionals.com\/fr\/tables\/wt-table-2\/","og_site_name":"functionals","article_publisher":"https:\/\/www.facebook.com\/functionals.eu","og_image":[{"width":1707,"height":2560,"url":"https:\/\/functionals.com\/wp-content\/uploads\/2024\/08\/WT-Table-200-Black-Maroon-Red-FV-scaled.jpg","type":"image\/jpeg"}],"twitter_card":"summary_large_image","schema":{"@context":"https:\/\/schema.org","@graph":[{"@type":"WebPage","@id":"https:\/\/functionals.com\/fr\/tables\/wt-table-2\/","url":"https:\/\/functionals.com\/fr\/tables\/wt-table-2\/","name":"wt-table - functionals","isPartOf":{"@id":"https:\/\/functionals.com\/fr\/#website"},"primaryImageOfPage":{"@id":"https:\/\/functionals.com\/fr\/tables\/wt-table-2\/#primaryimage"},"image":{"@id":"https:\/\/functionals.com\/fr\/tables\/wt-table-2\/#primaryimage"},"thumbnailUrl":"https:\/\/functionals.com\/wp-content\/uploads\/2024\/08\/WT-Table-200-Black-Maroon-Red-FV-scaled.jpg","datePublished":"2024-08-29T12:05:19+00:00","breadcrumb":{"@id":"https:\/\/functionals.com\/fr\/tables\/wt-table-2\/#breadcrumb"},"inLanguage":"fr-FR","potentialAction":[{"@type":"ReadAction","target":["https:\/\/functionals.com\/fr\/tables\/wt-table-2\/"]}],"author":{"@type":"Organization","name":"Heabb","url":"https:\/\/heabb.nl"}},{"@type":"ImageObject","inLanguage":"fr-FR","@id":"https:\/\/functionals.com\/fr\/tables\/wt-table-2\/#primaryimage","url":"https:\/\/functionals.com\/wp-content\/uploads\/2024\/08\/WT-Table-200-Black-Maroon-Red-FV-scaled.jpg","contentUrl":"https:\/\/functionals.com\/wp-content\/uploads\/2024\/08\/WT-Table-200-Black-Maroon-Red-FV-scaled.jpg","width":1707,"height":2560},{"@type":"BreadcrumbList","@id":"https:\/\/functionals.com\/fr\/tables\/wt-table-2\/#breadcrumb","itemListElement":[{"@type":"ListItem","position":1,"name":"home","item":"https:\/\/functionals.com\/fr\/"},{"@type":"ListItem","position":2,"name":"produits","item":"https:\/\/functionals.com\/fr\/produits\/"},{"@type":"ListItem","position":3,"name":"wt-table"}]},{"@type":"WebSite","@id":"https:\/\/functionals.com\/fr\/#website","url":"https:\/\/functionals.com\/fr\/","name":"Functionals","description":"organising spaces","publisher":{"@id":"https:\/\/functionals.com\/fr\/#organization"},"potentialAction":[{"@type":"SearchAction","target":{"@type":"EntryPoint","urlTemplate":"https:\/\/functionals.com\/fr\/?s={search_term_string}"},"query-input":{"@type":"PropertyValueSpecification","valueRequired":true,"valueName":"search_term_string"}}],"inLanguage":"fr-FR"},{"@type":"Organization","@id":"https:\/\/functionals.com\/fr\/#organization","name":"Functionals","url":"https:\/\/functionals.com\/fr\/","logo":{"@type":"ImageObject","inLanguage":"fr-FR","@id":"https:\/\/functionals.com\/fr\/#\/schema\/logo\/image\/","url":"https:\/\/functionals.com\/wp-content\/uploads\/2024\/08\/Functionals-logo-5cm-300dpi.jpg","contentUrl":"https:\/\/functionals.com\/wp-content\/uploads\/2024\/08\/Functionals-logo-5cm-300dpi.jpg","width":591,"height":997,"caption":"Functionals"},"image":{"@id":"https:\/\/functionals.com\/fr\/#\/schema\/logo\/image\/"},"sameAs":["https:\/\/www.facebook.com\/functionals.eu","https:\/\/www.instagram.com\/functionals","https:\/\/www.linkedin.com\/company\/functionals-com"]}]}},"_links":{"self":[{"href":"https:\/\/functionals.com\/fr\/wp-json\/wp\/v2\/product\/27996","targetHints":{"allow":["GET"]}}],"collection":[{"href":"https:\/\/functionals.com\/fr\/wp-json\/wp\/v2\/product"}],"about":[{"href":"https:\/\/functionals.com\/fr\/wp-json\/wp\/v2\/types\/product"}],"wp:featuredmedia":[{"embeddable":true,"href":"https:\/\/functionals.com\/fr\/wp-json\/wp\/v2\/media\/8176"}],"wp:attachment":[{"href":"https:\/\/functionals.com\/fr\/wp-json\/wp\/v2\/media?parent=27996"}],"wp:term":[{"taxonomy":"product_brand","embeddable":true,"href":"https:\/\/functionals.com\/fr\/wp-json\/wp\/v2\/product_brand?post=27996"},{"taxonomy":"product_cat","embeddable":true,"href":"https:\/\/functionals.com\/fr\/wp-json\/wp\/v2\/product_cat?post=27996"},{"taxonomy":"product_tag","embeddable":true,"href":"https:\/\/functionals.com\/fr\/wp-json\/wp\/v2\/product_tag?post=27996"}],"curies":[{"name":"wp","href":"https:\/\/api.w.org\/{rel}","templated":true}]}}