{"id":27408,"date":"2024-08-14T14:54:06","date_gmt":"2024-08-14T12:54:06","guid":{"rendered":"https:\/\/functionals.com\/uncategorized\/tertio-bew-plus-bews-plus-2\/"},"modified":"2024-08-14T14:54:06","modified_gmt":"2024-08-14T12:54:06","slug":"tertio-bew-plus-bews-plus-2","status":"publish","type":"product","link":"https:\/\/functionals.com\/fr\/bancs\/tertio-bew-plus-bews-plus-2\/","title":{"rendered":"tertio bew+ | bews+"},"content":{"rendered":"","protected":false},"excerpt":{"rendered":"<p>Un syst\u00e8me de vestiaire et un banc \u00e9l\u00e9gant en un: le banc mural Tertio BEW+ | BEWS+ est \u00e9quip\u00e9 de crochets pratiques et d\u2019un porte-sacs. Disponible en standard jusqu\u2019\u00e0 3 m\u00e8tres de longueur. Le Tertio BEW+ | BEWS+ fait partie de la vaste gamme de vestiaires Tertio, con\u00e7ue par Gerard Kerklaan. Les diff\u00e9rentes tailles de bancs sont particuli\u00e8rement frappantes gr\u00e2ce au cadre en acier \u00e9poxy caract\u00e9ristique associ\u00e9 au h\u00eatre laqu\u00e9 clair. Le Tertio BEWS+ est \u00e9quip\u00e9 d\u2019un porte-chaussures.    <\/p>\n","protected":false},"featured_media":10756,"template":"","meta":{"_acf_changed":false,"inline_featured_image":false},"product_brand":[],"product_cat":[147],"product_tag":[3355,3358],"class_list":{"0":"post-27408","1":"product","2":"type-product","3":"status-publish","4":"has-post-thumbnail","6":"product_cat-bancs","7":"product_tag-coat-rack","8":"product_tag-kapstok","9":"pa_designer-gerard-kerklaan-fr","11":"first","12":"instock","13":"taxable","14":"shipping-taxable","15":"purchasable","16":"product-type-variable"},"acf":[],"yoast_head":"<!-- This site is optimized with the Yoast SEO plugin v27.5 - https:\/\/yoast.com\/product\/yoast-seo-wordpress\/ -->\n<title>tertio bew+ | bews+ - functionals<\/title>\n<meta name=\"robots\" content=\"index, follow, max-snippet:-1, max-image-preview:large, max-video-preview:-1\" \/>\n<link rel=\"canonical\" href=\"https:\/\/functionals.com\/fr\/bancs\/tertio-bew-plus-bews-plus-2\/\" \/>\n<meta property=\"og:locale\" content=\"fr_FR\" \/>\n<meta property=\"og:type\" content=\"article\" \/>\n<meta property=\"og:title\" content=\"tertio bew+ | bews+ - functionals\" \/>\n<meta property=\"og:description\" content=\"Un syst\u00e8me de vestiaire et un banc \u00e9l\u00e9gant en un: le banc mural Tertio BEW+ | BEWS+ est \u00e9quip\u00e9 de crochets pratiques et d\u2019un porte-sacs. Disponible en standard jusqu\u2019\u00e0 3 m\u00e8tres de longueur. Le Tertio BEW+ | BEWS+ fait partie de la vaste gamme de vestiaires Tertio, con\u00e7ue par Gerard Kerklaan. Les diff\u00e9rentes tailles de bancs sont particuli\u00e8rement frappantes gr\u00e2ce au cadre en acier \u00e9poxy caract\u00e9ristique associ\u00e9 au h\u00eatre laqu\u00e9 clair. Le Tertio BEWS+ est \u00e9quip\u00e9 d\u2019un porte-chaussures.\" \/>\n<meta property=\"og:url\" content=\"https:\/\/functionals.com\/fr\/bancs\/tertio-bew-plus-bews-plus-2\/\" \/>\n<meta property=\"og:site_name\" content=\"functionals\" \/>\n<meta property=\"article:publisher\" content=\"https:\/\/www.facebook.com\/functionals.eu\" \/>\n<meta property=\"og:image\" content=\"https:\/\/functionals.com\/wp-content\/uploads\/2024\/08\/Tertio-BEW100-FV-scaled.jpg\" \/>\n\t<meta property=\"og:image:width\" content=\"1707\" \/>\n\t<meta property=\"og:image:height\" content=\"2560\" \/>\n\t<meta property=\"og:image:type\" content=\"image\/jpeg\" \/>\n<meta name=\"twitter:card\" content=\"summary_large_image\" \/>\n<script type=\"application\/ld+json\" class=\"yoast-schema-graph\">{\"@context\":\"https:\\\/\\\/schema.org\",\"@graph\":[{\"@type\":\"WebPage\",\"@id\":\"https:\\\/\\\/functionals.com\\\/fr\\\/bancs\\\/tertio-bew-plus-bews-plus-2\\\/\",\"url\":\"https:\\\/\\\/functionals.com\\\/fr\\\/bancs\\\/tertio-bew-plus-bews-plus-2\\\/\",\"name\":\"tertio bew+ | bews+ - functionals\",\"isPartOf\":{\"@id\":\"https:\\\/\\\/functionals.com\\\/fr\\\/#website\"},\"primaryImageOfPage\":{\"@id\":\"https:\\\/\\\/functionals.com\\\/fr\\\/bancs\\\/tertio-bew-plus-bews-plus-2\\\/#primaryimage\"},\"image\":{\"@id\":\"https:\\\/\\\/functionals.com\\\/fr\\\/bancs\\\/tertio-bew-plus-bews-plus-2\\\/#primaryimage\"},\"thumbnailUrl\":\"https:\\\/\\\/functionals.com\\\/wp-content\\\/uploads\\\/2024\\\/08\\\/Tertio-BEW100-FV-scaled.jpg\",\"datePublished\":\"2024-08-14T12:54:06+00:00\",\"breadcrumb\":{\"@id\":\"https:\\\/\\\/functionals.com\\\/fr\\\/bancs\\\/tertio-bew-plus-bews-plus-2\\\/#breadcrumb\"},\"inLanguage\":\"fr-FR\",\"potentialAction\":[{\"@type\":\"ReadAction\",\"target\":[\"https:\\\/\\\/functionals.com\\\/fr\\\/bancs\\\/tertio-bew-plus-bews-plus-2\\\/\"]}],\"author\":{\"@type\":\"Organization\",\"name\":\"Heabb\",\"url\":\"https:\\\/\\\/heabb.nl\"}},{\"@type\":\"ImageObject\",\"inLanguage\":\"fr-FR\",\"@id\":\"https:\\\/\\\/functionals.com\\\/fr\\\/bancs\\\/tertio-bew-plus-bews-plus-2\\\/#primaryimage\",\"url\":\"https:\\\/\\\/functionals.com\\\/wp-content\\\/uploads\\\/2024\\\/08\\\/Tertio-BEW100-FV-scaled.jpg\",\"contentUrl\":\"https:\\\/\\\/functionals.com\\\/wp-content\\\/uploads\\\/2024\\\/08\\\/Tertio-BEW100-FV-scaled.jpg\",\"width\":1707,\"height\":2560},{\"@type\":\"BreadcrumbList\",\"@id\":\"https:\\\/\\\/functionals.com\\\/fr\\\/bancs\\\/tertio-bew-plus-bews-plus-2\\\/#breadcrumb\",\"itemListElement\":[{\"@type\":\"ListItem\",\"position\":1,\"name\":\"home\",\"item\":\"https:\\\/\\\/functionals.com\\\/fr\\\/\"},{\"@type\":\"ListItem\",\"position\":2,\"name\":\"produits\",\"item\":\"https:\\\/\\\/functionals.com\\\/fr\\\/produits\\\/\"},{\"@type\":\"ListItem\",\"position\":3,\"name\":\"tertio bew+ | bews+\"}]},{\"@type\":\"WebSite\",\"@id\":\"https:\\\/\\\/functionals.com\\\/fr\\\/#website\",\"url\":\"https:\\\/\\\/functionals.com\\\/fr\\\/\",\"name\":\"Functionals\",\"description\":\"organising spaces\",\"publisher\":{\"@id\":\"https:\\\/\\\/functionals.com\\\/fr\\\/#organization\"},\"potentialAction\":[{\"@type\":\"SearchAction\",\"target\":{\"@type\":\"EntryPoint\",\"urlTemplate\":\"https:\\\/\\\/functionals.com\\\/fr\\\/?s={search_term_string}\"},\"query-input\":{\"@type\":\"PropertyValueSpecification\",\"valueRequired\":true,\"valueName\":\"search_term_string\"}}],\"inLanguage\":\"fr-FR\"},{\"@type\":\"Organization\",\"@id\":\"https:\\\/\\\/functionals.com\\\/fr\\\/#organization\",\"name\":\"Functionals\",\"url\":\"https:\\\/\\\/functionals.com\\\/fr\\\/\",\"logo\":{\"@type\":\"ImageObject\",\"inLanguage\":\"fr-FR\",\"@id\":\"https:\\\/\\\/functionals.com\\\/fr\\\/#\\\/schema\\\/logo\\\/image\\\/\",\"url\":\"https:\\\/\\\/functionals.com\\\/wp-content\\\/uploads\\\/2024\\\/08\\\/Functionals-logo-5cm-300dpi.jpg\",\"contentUrl\":\"https:\\\/\\\/functionals.com\\\/wp-content\\\/uploads\\\/2024\\\/08\\\/Functionals-logo-5cm-300dpi.jpg\",\"width\":591,\"height\":997,\"caption\":\"Functionals\"},\"image\":{\"@id\":\"https:\\\/\\\/functionals.com\\\/fr\\\/#\\\/schema\\\/logo\\\/image\\\/\"},\"sameAs\":[\"https:\\\/\\\/www.facebook.com\\\/functionals.eu\",\"https:\\\/\\\/www.instagram.com\\\/functionals\",\"https:\\\/\\\/www.linkedin.com\\\/company\\\/functionals-com\"]}]}<\/script>\n<!-- \/ Yoast SEO plugin. -->","yoast_head_json":{"title":"tertio bew+ | bews+ - functionals","robots":{"index":"index","follow":"follow","max-snippet":"max-snippet:-1","max-image-preview":"max-image-preview:large","max-video-preview":"max-video-preview:-1"},"canonical":"https:\/\/functionals.com\/fr\/bancs\/tertio-bew-plus-bews-plus-2\/","og_locale":"fr_FR","og_type":"article","og_title":"tertio bew+ | bews+ - functionals","og_description":"Un syst\u00e8me de vestiaire et un banc \u00e9l\u00e9gant en un: le banc mural Tertio BEW+ | BEWS+ est \u00e9quip\u00e9 de crochets pratiques et d\u2019un porte-sacs. Disponible en standard jusqu\u2019\u00e0 3 m\u00e8tres de longueur. Le Tertio BEW+ | BEWS+ fait partie de la vaste gamme de vestiaires Tertio, con\u00e7ue par Gerard Kerklaan. Les diff\u00e9rentes tailles de bancs sont particuli\u00e8rement frappantes gr\u00e2ce au cadre en acier \u00e9poxy caract\u00e9ristique associ\u00e9 au h\u00eatre laqu\u00e9 clair. Le Tertio BEWS+ est \u00e9quip\u00e9 d\u2019un porte-chaussures.","og_url":"https:\/\/functionals.com\/fr\/bancs\/tertio-bew-plus-bews-plus-2\/","og_site_name":"functionals","article_publisher":"https:\/\/www.facebook.com\/functionals.eu","og_image":[{"width":1707,"height":2560,"url":"https:\/\/functionals.com\/wp-content\/uploads\/2024\/08\/Tertio-BEW100-FV-scaled.jpg","type":"image\/jpeg"}],"twitter_card":"summary_large_image","schema":{"@context":"https:\/\/schema.org","@graph":[{"@type":"WebPage","@id":"https:\/\/functionals.com\/fr\/bancs\/tertio-bew-plus-bews-plus-2\/","url":"https:\/\/functionals.com\/fr\/bancs\/tertio-bew-plus-bews-plus-2\/","name":"tertio bew+ | bews+ - functionals","isPartOf":{"@id":"https:\/\/functionals.com\/fr\/#website"},"primaryImageOfPage":{"@id":"https:\/\/functionals.com\/fr\/bancs\/tertio-bew-plus-bews-plus-2\/#primaryimage"},"image":{"@id":"https:\/\/functionals.com\/fr\/bancs\/tertio-bew-plus-bews-plus-2\/#primaryimage"},"thumbnailUrl":"https:\/\/functionals.com\/wp-content\/uploads\/2024\/08\/Tertio-BEW100-FV-scaled.jpg","datePublished":"2024-08-14T12:54:06+00:00","breadcrumb":{"@id":"https:\/\/functionals.com\/fr\/bancs\/tertio-bew-plus-bews-plus-2\/#breadcrumb"},"inLanguage":"fr-FR","potentialAction":[{"@type":"ReadAction","target":["https:\/\/functionals.com\/fr\/bancs\/tertio-bew-plus-bews-plus-2\/"]}],"author":{"@type":"Organization","name":"Heabb","url":"https:\/\/heabb.nl"}},{"@type":"ImageObject","inLanguage":"fr-FR","@id":"https:\/\/functionals.com\/fr\/bancs\/tertio-bew-plus-bews-plus-2\/#primaryimage","url":"https:\/\/functionals.com\/wp-content\/uploads\/2024\/08\/Tertio-BEW100-FV-scaled.jpg","contentUrl":"https:\/\/functionals.com\/wp-content\/uploads\/2024\/08\/Tertio-BEW100-FV-scaled.jpg","width":1707,"height":2560},{"@type":"BreadcrumbList","@id":"https:\/\/functionals.com\/fr\/bancs\/tertio-bew-plus-bews-plus-2\/#breadcrumb","itemListElement":[{"@type":"ListItem","position":1,"name":"home","item":"https:\/\/functionals.com\/fr\/"},{"@type":"ListItem","position":2,"name":"produits","item":"https:\/\/functionals.com\/fr\/produits\/"},{"@type":"ListItem","position":3,"name":"tertio bew+ | bews+"}]},{"@type":"WebSite","@id":"https:\/\/functionals.com\/fr\/#website","url":"https:\/\/functionals.com\/fr\/","name":"Functionals","description":"organising spaces","publisher":{"@id":"https:\/\/functionals.com\/fr\/#organization"},"potentialAction":[{"@type":"SearchAction","target":{"@type":"EntryPoint","urlTemplate":"https:\/\/functionals.com\/fr\/?s={search_term_string}"},"query-input":{"@type":"PropertyValueSpecification","valueRequired":true,"valueName":"search_term_string"}}],"inLanguage":"fr-FR"},{"@type":"Organization","@id":"https:\/\/functionals.com\/fr\/#organization","name":"Functionals","url":"https:\/\/functionals.com\/fr\/","logo":{"@type":"ImageObject","inLanguage":"fr-FR","@id":"https:\/\/functionals.com\/fr\/#\/schema\/logo\/image\/","url":"https:\/\/functionals.com\/wp-content\/uploads\/2024\/08\/Functionals-logo-5cm-300dpi.jpg","contentUrl":"https:\/\/functionals.com\/wp-content\/uploads\/2024\/08\/Functionals-logo-5cm-300dpi.jpg","width":591,"height":997,"caption":"Functionals"},"image":{"@id":"https:\/\/functionals.com\/fr\/#\/schema\/logo\/image\/"},"sameAs":["https:\/\/www.facebook.com\/functionals.eu","https:\/\/www.instagram.com\/functionals","https:\/\/www.linkedin.com\/company\/functionals-com"]}]}},"_links":{"self":[{"href":"https:\/\/functionals.com\/fr\/wp-json\/wp\/v2\/product\/27408","targetHints":{"allow":["GET"]}}],"collection":[{"href":"https:\/\/functionals.com\/fr\/wp-json\/wp\/v2\/product"}],"about":[{"href":"https:\/\/functionals.com\/fr\/wp-json\/wp\/v2\/types\/product"}],"wp:featuredmedia":[{"embeddable":true,"href":"https:\/\/functionals.com\/fr\/wp-json\/wp\/v2\/media\/10756"}],"wp:attachment":[{"href":"https:\/\/functionals.com\/fr\/wp-json\/wp\/v2\/media?parent=27408"}],"wp:term":[{"taxonomy":"product_brand","embeddable":true,"href":"https:\/\/functionals.com\/fr\/wp-json\/wp\/v2\/product_brand?post=27408"},{"taxonomy":"product_cat","embeddable":true,"href":"https:\/\/functionals.com\/fr\/wp-json\/wp\/v2\/product_cat?post=27408"},{"taxonomy":"product_tag","embeddable":true,"href":"https:\/\/functionals.com\/fr\/wp-json\/wp\/v2\/product_tag?post=27408"}],"curies":[{"name":"wp","href":"https:\/\/api.w.org\/{rel}","templated":true}]}}