{"id":27218,"date":"2024-08-29T17:29:24","date_gmt":"2024-08-29T15:29:24","guid":{"rendered":"https:\/\/functionals.com\/uncategorized\/stoklamp-2\/"},"modified":"2024-08-29T17:29:24","modified_gmt":"2024-08-29T15:29:24","slug":"stoklamp-2","status":"publish","type":"product","link":"https:\/\/functionals.com\/fr\/lampes\/stoklamp-2\/","title":{"rendered":"stoklamp"},"content":{"rendered":"","protected":false},"excerpt":{"rendered":"<p>La Stoklamp de Floris Hovers est une harmonie de trois composants distincts : base en acier, tige en bois et abat-jour en tissu. Contrairement \u00e0 de nombreux autres lampadaires, la Stoklamp refuse de cacher le cordon \u00e9lectrique. Au contraire, le cordon est enti\u00e8rement visible et devient une ligne qui relie l\u2019abat-jour, la tige et la base \u2013 une ligne qui constitue l\u2019\u00e9l\u00e9ment distinctif de la lampe.  <\/p>\n","protected":false},"featured_media":0,"template":"","meta":{"_acf_changed":false,"inline_featured_image":false},"product_brand":[],"product_cat":[188],"product_tag":[],"class_list":{"0":"post-27218","1":"product","2":"type-product","3":"status-publish","5":"product_cat-lampes","6":"pa_designer-floris-hovers-fr","8":"first","9":"instock","10":"taxable","11":"shipping-taxable","12":"purchasable","13":"product-type-variable"},"acf":[],"yoast_head":"<!-- This site is optimized with the Yoast SEO plugin v27.5 - https:\/\/yoast.com\/product\/yoast-seo-wordpress\/ -->\n<title>stoklamp - functionals<\/title>\n<meta name=\"robots\" content=\"index, follow, max-snippet:-1, max-image-preview:large, max-video-preview:-1\" \/>\n<link rel=\"canonical\" href=\"https:\/\/functionals.com\/fr\/lampes\/stoklamp-2\/\" \/>\n<meta property=\"og:locale\" content=\"fr_FR\" \/>\n<meta property=\"og:type\" content=\"article\" \/>\n<meta property=\"og:title\" content=\"stoklamp - functionals\" \/>\n<meta property=\"og:description\" content=\"La Stoklamp de Floris Hovers est une harmonie de trois composants distincts : base en acier, tige en bois et abat-jour en tissu. Contrairement \u00e0 de nombreux autres lampadaires, la Stoklamp refuse de cacher le cordon \u00e9lectrique. Au contraire, le cordon est enti\u00e8rement visible et devient une ligne qui relie l\u2019abat-jour, la tige et la base \u2013 une ligne qui constitue l\u2019\u00e9l\u00e9ment distinctif de la lampe.\" \/>\n<meta property=\"og:url\" content=\"https:\/\/functionals.com\/fr\/lampes\/stoklamp-2\/\" \/>\n<meta property=\"og:site_name\" content=\"functionals\" \/>\n<meta property=\"article:publisher\" content=\"https:\/\/www.facebook.com\/functionals.eu\" \/>\n<meta property=\"og:image\" content=\"https:\/\/functionals.com\/wp-content\/uploads\/2024\/08\/Stoklamp-Raven-Black-SV-scaled.jpg\" \/>\n\t<meta property=\"og:image:width\" content=\"1707\" \/>\n\t<meta property=\"og:image:height\" content=\"2560\" \/>\n\t<meta property=\"og:image:type\" content=\"image\/jpeg\" \/>\n<meta name=\"twitter:card\" content=\"summary_large_image\" \/>\n<script type=\"application\/ld+json\" class=\"yoast-schema-graph\">{\"@context\":\"https:\\\/\\\/schema.org\",\"@graph\":[{\"@type\":\"WebPage\",\"@id\":\"https:\\\/\\\/functionals.com\\\/fr\\\/lampes\\\/stoklamp-2\\\/\",\"url\":\"https:\\\/\\\/functionals.com\\\/fr\\\/lampes\\\/stoklamp-2\\\/\",\"name\":\"stoklamp - functionals\",\"isPartOf\":{\"@id\":\"https:\\\/\\\/functionals.com\\\/fr\\\/#website\"},\"datePublished\":\"2024-08-29T15:29:24+00:00\",\"breadcrumb\":{\"@id\":\"https:\\\/\\\/functionals.com\\\/fr\\\/lampes\\\/stoklamp-2\\\/#breadcrumb\"},\"inLanguage\":\"fr-FR\",\"potentialAction\":[{\"@type\":\"ReadAction\",\"target\":[\"https:\\\/\\\/functionals.com\\\/fr\\\/lampes\\\/stoklamp-2\\\/\"]}],\"author\":{\"@type\":\"Organization\",\"name\":\"Heabb\",\"url\":\"https:\\\/\\\/heabb.nl\"}},{\"@type\":\"BreadcrumbList\",\"@id\":\"https:\\\/\\\/functionals.com\\\/fr\\\/lampes\\\/stoklamp-2\\\/#breadcrumb\",\"itemListElement\":[{\"@type\":\"ListItem\",\"position\":1,\"name\":\"home\",\"item\":\"https:\\\/\\\/functionals.com\\\/fr\\\/\"},{\"@type\":\"ListItem\",\"position\":2,\"name\":\"produits\",\"item\":\"https:\\\/\\\/functionals.com\\\/fr\\\/produits\\\/\"},{\"@type\":\"ListItem\",\"position\":3,\"name\":\"stoklamp\"}]},{\"@type\":\"WebSite\",\"@id\":\"https:\\\/\\\/functionals.com\\\/fr\\\/#website\",\"url\":\"https:\\\/\\\/functionals.com\\\/fr\\\/\",\"name\":\"Functionals\",\"description\":\"organising spaces\",\"publisher\":{\"@id\":\"https:\\\/\\\/functionals.com\\\/fr\\\/#organization\"},\"potentialAction\":[{\"@type\":\"SearchAction\",\"target\":{\"@type\":\"EntryPoint\",\"urlTemplate\":\"https:\\\/\\\/functionals.com\\\/fr\\\/?s={search_term_string}\"},\"query-input\":{\"@type\":\"PropertyValueSpecification\",\"valueRequired\":true,\"valueName\":\"search_term_string\"}}],\"inLanguage\":\"fr-FR\"},{\"@type\":\"Organization\",\"@id\":\"https:\\\/\\\/functionals.com\\\/fr\\\/#organization\",\"name\":\"Functionals\",\"url\":\"https:\\\/\\\/functionals.com\\\/fr\\\/\",\"logo\":{\"@type\":\"ImageObject\",\"inLanguage\":\"fr-FR\",\"@id\":\"https:\\\/\\\/functionals.com\\\/fr\\\/#\\\/schema\\\/logo\\\/image\\\/\",\"url\":\"https:\\\/\\\/functionals.com\\\/wp-content\\\/uploads\\\/2024\\\/08\\\/Functionals-logo-5cm-300dpi.jpg\",\"contentUrl\":\"https:\\\/\\\/functionals.com\\\/wp-content\\\/uploads\\\/2024\\\/08\\\/Functionals-logo-5cm-300dpi.jpg\",\"width\":591,\"height\":997,\"caption\":\"Functionals\"},\"image\":{\"@id\":\"https:\\\/\\\/functionals.com\\\/fr\\\/#\\\/schema\\\/logo\\\/image\\\/\"},\"sameAs\":[\"https:\\\/\\\/www.facebook.com\\\/functionals.eu\",\"https:\\\/\\\/www.instagram.com\\\/functionals\",\"https:\\\/\\\/www.linkedin.com\\\/company\\\/functionals-com\"]}]}<\/script>\n<!-- \/ Yoast SEO plugin. -->","yoast_head_json":{"title":"stoklamp - functionals","robots":{"index":"index","follow":"follow","max-snippet":"max-snippet:-1","max-image-preview":"max-image-preview:large","max-video-preview":"max-video-preview:-1"},"canonical":"https:\/\/functionals.com\/fr\/lampes\/stoklamp-2\/","og_locale":"fr_FR","og_type":"article","og_title":"stoklamp - functionals","og_description":"La Stoklamp de Floris Hovers est une harmonie de trois composants distincts : base en acier, tige en bois et abat-jour en tissu. Contrairement \u00e0 de nombreux autres lampadaires, la Stoklamp refuse de cacher le cordon \u00e9lectrique. Au contraire, le cordon est enti\u00e8rement visible et devient une ligne qui relie l\u2019abat-jour, la tige et la base \u2013 une ligne qui constitue l\u2019\u00e9l\u00e9ment distinctif de la lampe.","og_url":"https:\/\/functionals.com\/fr\/lampes\/stoklamp-2\/","og_site_name":"functionals","article_publisher":"https:\/\/www.facebook.com\/functionals.eu","og_image":[{"width":1707,"height":2560,"url":"https:\/\/functionals.com\/wp-content\/uploads\/2024\/08\/Stoklamp-Raven-Black-SV-scaled.jpg","type":"image\/jpeg"}],"twitter_card":"summary_large_image","schema":{"@context":"https:\/\/schema.org","@graph":[{"@type":"WebPage","@id":"https:\/\/functionals.com\/fr\/lampes\/stoklamp-2\/","url":"https:\/\/functionals.com\/fr\/lampes\/stoklamp-2\/","name":"stoklamp - functionals","isPartOf":{"@id":"https:\/\/functionals.com\/fr\/#website"},"datePublished":"2024-08-29T15:29:24+00:00","breadcrumb":{"@id":"https:\/\/functionals.com\/fr\/lampes\/stoklamp-2\/#breadcrumb"},"inLanguage":"fr-FR","potentialAction":[{"@type":"ReadAction","target":["https:\/\/functionals.com\/fr\/lampes\/stoklamp-2\/"]}],"author":{"@type":"Organization","name":"Heabb","url":"https:\/\/heabb.nl"}},{"@type":"BreadcrumbList","@id":"https:\/\/functionals.com\/fr\/lampes\/stoklamp-2\/#breadcrumb","itemListElement":[{"@type":"ListItem","position":1,"name":"home","item":"https:\/\/functionals.com\/fr\/"},{"@type":"ListItem","position":2,"name":"produits","item":"https:\/\/functionals.com\/fr\/produits\/"},{"@type":"ListItem","position":3,"name":"stoklamp"}]},{"@type":"WebSite","@id":"https:\/\/functionals.com\/fr\/#website","url":"https:\/\/functionals.com\/fr\/","name":"Functionals","description":"organising spaces","publisher":{"@id":"https:\/\/functionals.com\/fr\/#organization"},"potentialAction":[{"@type":"SearchAction","target":{"@type":"EntryPoint","urlTemplate":"https:\/\/functionals.com\/fr\/?s={search_term_string}"},"query-input":{"@type":"PropertyValueSpecification","valueRequired":true,"valueName":"search_term_string"}}],"inLanguage":"fr-FR"},{"@type":"Organization","@id":"https:\/\/functionals.com\/fr\/#organization","name":"Functionals","url":"https:\/\/functionals.com\/fr\/","logo":{"@type":"ImageObject","inLanguage":"fr-FR","@id":"https:\/\/functionals.com\/fr\/#\/schema\/logo\/image\/","url":"https:\/\/functionals.com\/wp-content\/uploads\/2024\/08\/Functionals-logo-5cm-300dpi.jpg","contentUrl":"https:\/\/functionals.com\/wp-content\/uploads\/2024\/08\/Functionals-logo-5cm-300dpi.jpg","width":591,"height":997,"caption":"Functionals"},"image":{"@id":"https:\/\/functionals.com\/fr\/#\/schema\/logo\/image\/"},"sameAs":["https:\/\/www.facebook.com\/functionals.eu","https:\/\/www.instagram.com\/functionals","https:\/\/www.linkedin.com\/company\/functionals-com"]}]}},"_links":{"self":[{"href":"https:\/\/functionals.com\/fr\/wp-json\/wp\/v2\/product\/27218","targetHints":{"allow":["GET"]}}],"collection":[{"href":"https:\/\/functionals.com\/fr\/wp-json\/wp\/v2\/product"}],"about":[{"href":"https:\/\/functionals.com\/fr\/wp-json\/wp\/v2\/types\/product"}],"wp:attachment":[{"href":"https:\/\/functionals.com\/fr\/wp-json\/wp\/v2\/media?parent=27218"}],"wp:term":[{"taxonomy":"product_brand","embeddable":true,"href":"https:\/\/functionals.com\/fr\/wp-json\/wp\/v2\/product_brand?post=27218"},{"taxonomy":"product_cat","embeddable":true,"href":"https:\/\/functionals.com\/fr\/wp-json\/wp\/v2\/product_cat?post=27218"},{"taxonomy":"product_tag","embeddable":true,"href":"https:\/\/functionals.com\/fr\/wp-json\/wp\/v2\/product_tag?post=27218"}],"curies":[{"name":"wp","href":"https:\/\/api.w.org\/{rel}","templated":true}]}}