{"id":27040,"date":"2024-12-04T12:38:40","date_gmt":"2024-12-04T11:38:40","guid":{"rendered":"https:\/\/functionals.com\/uncategorized\/ossa-doorpanel-2\/"},"modified":"2024-12-04T12:38:40","modified_gmt":"2024-12-04T11:38:40","slug":"ossa-doorpanel-2","status":"publish","type":"product","link":"https:\/\/functionals.com\/fr\/accessoires\/ossa-doorpanel-2\/","title":{"rendered":"ossa felt door"},"content":{"rendered":"","protected":false},"excerpt":{"rendered":"<p>Notre syst\u00e8me de rangement Ossa incite chacun \u00e0 optimiser son espace. Les accessoires permettent encore plus de personnalisation. Appropriez-vous Ossa en ajoutant la porte en feutre. Aucun outil n\u00e9cessaire \u2013 elle se fixe simplement gr\u00e2ce \u00e0 des bandes magn\u00e9tiques. La porte est fabriqu\u00e9e en feutre PET, un mat\u00e9riau durable et acoustique issu de bouteilles en plastique recycl\u00e9es.     <\/p>\n","protected":false},"featured_media":14689,"template":"","meta":{"_acf_changed":false,"inline_featured_image":false},"product_brand":[],"product_cat":[152],"product_tag":[],"class_list":{"0":"post-27040","1":"product","2":"type-product","3":"status-publish","4":"has-post-thumbnail","6":"product_cat-accessoires","7":"pa_designer-geckeler-michels-fr","9":"first","10":"instock","11":"featured","12":"taxable","13":"shipping-taxable","14":"purchasable","15":"product-type-variable"},"acf":[],"yoast_head":"<!-- This site is optimized with the Yoast SEO plugin v27.5 - https:\/\/yoast.com\/product\/yoast-seo-wordpress\/ -->\n<title>ossa felt door - functionals<\/title>\n<meta name=\"robots\" content=\"index, follow, max-snippet:-1, max-image-preview:large, max-video-preview:-1\" \/>\n<link rel=\"canonical\" href=\"https:\/\/functionals.com\/fr\/accessoires\/ossa-doorpanel-2\/\" \/>\n<meta property=\"og:locale\" content=\"fr_FR\" \/>\n<meta property=\"og:type\" content=\"article\" \/>\n<meta property=\"og:title\" content=\"ossa felt door - functionals\" \/>\n<meta property=\"og:description\" content=\"Notre syst\u00e8me de rangement Ossa incite chacun \u00e0 optimiser son espace. Les accessoires permettent encore plus de personnalisation. Appropriez-vous Ossa en ajoutant la porte en feutre. Aucun outil n\u00e9cessaire \u2013 elle se fixe simplement gr\u00e2ce \u00e0 des bandes magn\u00e9tiques. La porte est fabriqu\u00e9e en feutre PET, un mat\u00e9riau durable et acoustique issu de bouteilles en plastique recycl\u00e9es.\" \/>\n<meta property=\"og:url\" content=\"https:\/\/functionals.com\/fr\/accessoires\/ossa-doorpanel-2\/\" \/>\n<meta property=\"og:site_name\" content=\"functionals\" \/>\n<meta property=\"article:publisher\" content=\"https:\/\/www.facebook.com\/functionals.eu\" \/>\n<meta property=\"og:image\" content=\"https:\/\/functionals.com\/wp-content\/uploads\/2024\/12\/Ossa-Door-Ground-FV.jpg\" \/>\n\t<meta property=\"og:image:width\" content=\"850\" \/>\n\t<meta property=\"og:image:height\" content=\"1276\" \/>\n\t<meta property=\"og:image:type\" content=\"image\/jpeg\" \/>\n<meta name=\"twitter:card\" content=\"summary_large_image\" \/>\n<script type=\"application\/ld+json\" class=\"yoast-schema-graph\">{\"@context\":\"https:\\\/\\\/schema.org\",\"@graph\":[{\"@type\":\"WebPage\",\"@id\":\"https:\\\/\\\/functionals.com\\\/fr\\\/accessoires\\\/ossa-doorpanel-2\\\/\",\"url\":\"https:\\\/\\\/functionals.com\\\/fr\\\/accessoires\\\/ossa-doorpanel-2\\\/\",\"name\":\"ossa felt door - functionals\",\"isPartOf\":{\"@id\":\"https:\\\/\\\/functionals.com\\\/fr\\\/#website\"},\"primaryImageOfPage\":{\"@id\":\"https:\\\/\\\/functionals.com\\\/fr\\\/accessoires\\\/ossa-doorpanel-2\\\/#primaryimage\"},\"image\":{\"@id\":\"https:\\\/\\\/functionals.com\\\/fr\\\/accessoires\\\/ossa-doorpanel-2\\\/#primaryimage\"},\"thumbnailUrl\":\"https:\\\/\\\/functionals.com\\\/wp-content\\\/uploads\\\/2024\\\/12\\\/Ossa-Door-Ground-FV.jpg\",\"datePublished\":\"2024-12-04T11:38:40+00:00\",\"breadcrumb\":{\"@id\":\"https:\\\/\\\/functionals.com\\\/fr\\\/accessoires\\\/ossa-doorpanel-2\\\/#breadcrumb\"},\"inLanguage\":\"fr-FR\",\"potentialAction\":[{\"@type\":\"ReadAction\",\"target\":[\"https:\\\/\\\/functionals.com\\\/fr\\\/accessoires\\\/ossa-doorpanel-2\\\/\"]}],\"author\":{\"@type\":\"Organization\",\"name\":\"Heabb\",\"url\":\"https:\\\/\\\/heabb.nl\"}},{\"@type\":\"ImageObject\",\"inLanguage\":\"fr-FR\",\"@id\":\"https:\\\/\\\/functionals.com\\\/fr\\\/accessoires\\\/ossa-doorpanel-2\\\/#primaryimage\",\"url\":\"https:\\\/\\\/functionals.com\\\/wp-content\\\/uploads\\\/2024\\\/12\\\/Ossa-Door-Ground-FV.jpg\",\"contentUrl\":\"https:\\\/\\\/functionals.com\\\/wp-content\\\/uploads\\\/2024\\\/12\\\/Ossa-Door-Ground-FV.jpg\",\"width\":850,\"height\":1276},{\"@type\":\"BreadcrumbList\",\"@id\":\"https:\\\/\\\/functionals.com\\\/fr\\\/accessoires\\\/ossa-doorpanel-2\\\/#breadcrumb\",\"itemListElement\":[{\"@type\":\"ListItem\",\"position\":1,\"name\":\"home\",\"item\":\"https:\\\/\\\/functionals.com\\\/fr\\\/\"},{\"@type\":\"ListItem\",\"position\":2,\"name\":\"produits\",\"item\":\"https:\\\/\\\/functionals.com\\\/fr\\\/produits\\\/\"},{\"@type\":\"ListItem\",\"position\":3,\"name\":\"ossa felt door\"}]},{\"@type\":\"WebSite\",\"@id\":\"https:\\\/\\\/functionals.com\\\/fr\\\/#website\",\"url\":\"https:\\\/\\\/functionals.com\\\/fr\\\/\",\"name\":\"Functionals\",\"description\":\"organising spaces\",\"publisher\":{\"@id\":\"https:\\\/\\\/functionals.com\\\/fr\\\/#organization\"},\"potentialAction\":[{\"@type\":\"SearchAction\",\"target\":{\"@type\":\"EntryPoint\",\"urlTemplate\":\"https:\\\/\\\/functionals.com\\\/fr\\\/?s={search_term_string}\"},\"query-input\":{\"@type\":\"PropertyValueSpecification\",\"valueRequired\":true,\"valueName\":\"search_term_string\"}}],\"inLanguage\":\"fr-FR\"},{\"@type\":\"Organization\",\"@id\":\"https:\\\/\\\/functionals.com\\\/fr\\\/#organization\",\"name\":\"Functionals\",\"url\":\"https:\\\/\\\/functionals.com\\\/fr\\\/\",\"logo\":{\"@type\":\"ImageObject\",\"inLanguage\":\"fr-FR\",\"@id\":\"https:\\\/\\\/functionals.com\\\/fr\\\/#\\\/schema\\\/logo\\\/image\\\/\",\"url\":\"https:\\\/\\\/functionals.com\\\/wp-content\\\/uploads\\\/2024\\\/08\\\/Functionals-logo-5cm-300dpi.jpg\",\"contentUrl\":\"https:\\\/\\\/functionals.com\\\/wp-content\\\/uploads\\\/2024\\\/08\\\/Functionals-logo-5cm-300dpi.jpg\",\"width\":591,\"height\":997,\"caption\":\"Functionals\"},\"image\":{\"@id\":\"https:\\\/\\\/functionals.com\\\/fr\\\/#\\\/schema\\\/logo\\\/image\\\/\"},\"sameAs\":[\"https:\\\/\\\/www.facebook.com\\\/functionals.eu\",\"https:\\\/\\\/www.instagram.com\\\/functionals\",\"https:\\\/\\\/www.linkedin.com\\\/company\\\/functionals-com\"]}]}<\/script>\n<!-- \/ Yoast SEO plugin. -->","yoast_head_json":{"title":"ossa felt door - functionals","robots":{"index":"index","follow":"follow","max-snippet":"max-snippet:-1","max-image-preview":"max-image-preview:large","max-video-preview":"max-video-preview:-1"},"canonical":"https:\/\/functionals.com\/fr\/accessoires\/ossa-doorpanel-2\/","og_locale":"fr_FR","og_type":"article","og_title":"ossa felt door - functionals","og_description":"Notre syst\u00e8me de rangement Ossa incite chacun \u00e0 optimiser son espace. Les accessoires permettent encore plus de personnalisation. Appropriez-vous Ossa en ajoutant la porte en feutre. Aucun outil n\u00e9cessaire \u2013 elle se fixe simplement gr\u00e2ce \u00e0 des bandes magn\u00e9tiques. La porte est fabriqu\u00e9e en feutre PET, un mat\u00e9riau durable et acoustique issu de bouteilles en plastique recycl\u00e9es.","og_url":"https:\/\/functionals.com\/fr\/accessoires\/ossa-doorpanel-2\/","og_site_name":"functionals","article_publisher":"https:\/\/www.facebook.com\/functionals.eu","og_image":[{"width":850,"height":1276,"url":"https:\/\/functionals.com\/wp-content\/uploads\/2024\/12\/Ossa-Door-Ground-FV.jpg","type":"image\/jpeg"}],"twitter_card":"summary_large_image","schema":{"@context":"https:\/\/schema.org","@graph":[{"@type":"WebPage","@id":"https:\/\/functionals.com\/fr\/accessoires\/ossa-doorpanel-2\/","url":"https:\/\/functionals.com\/fr\/accessoires\/ossa-doorpanel-2\/","name":"ossa felt door - functionals","isPartOf":{"@id":"https:\/\/functionals.com\/fr\/#website"},"primaryImageOfPage":{"@id":"https:\/\/functionals.com\/fr\/accessoires\/ossa-doorpanel-2\/#primaryimage"},"image":{"@id":"https:\/\/functionals.com\/fr\/accessoires\/ossa-doorpanel-2\/#primaryimage"},"thumbnailUrl":"https:\/\/functionals.com\/wp-content\/uploads\/2024\/12\/Ossa-Door-Ground-FV.jpg","datePublished":"2024-12-04T11:38:40+00:00","breadcrumb":{"@id":"https:\/\/functionals.com\/fr\/accessoires\/ossa-doorpanel-2\/#breadcrumb"},"inLanguage":"fr-FR","potentialAction":[{"@type":"ReadAction","target":["https:\/\/functionals.com\/fr\/accessoires\/ossa-doorpanel-2\/"]}],"author":{"@type":"Organization","name":"Heabb","url":"https:\/\/heabb.nl"}},{"@type":"ImageObject","inLanguage":"fr-FR","@id":"https:\/\/functionals.com\/fr\/accessoires\/ossa-doorpanel-2\/#primaryimage","url":"https:\/\/functionals.com\/wp-content\/uploads\/2024\/12\/Ossa-Door-Ground-FV.jpg","contentUrl":"https:\/\/functionals.com\/wp-content\/uploads\/2024\/12\/Ossa-Door-Ground-FV.jpg","width":850,"height":1276},{"@type":"BreadcrumbList","@id":"https:\/\/functionals.com\/fr\/accessoires\/ossa-doorpanel-2\/#breadcrumb","itemListElement":[{"@type":"ListItem","position":1,"name":"home","item":"https:\/\/functionals.com\/fr\/"},{"@type":"ListItem","position":2,"name":"produits","item":"https:\/\/functionals.com\/fr\/produits\/"},{"@type":"ListItem","position":3,"name":"ossa felt door"}]},{"@type":"WebSite","@id":"https:\/\/functionals.com\/fr\/#website","url":"https:\/\/functionals.com\/fr\/","name":"Functionals","description":"organising spaces","publisher":{"@id":"https:\/\/functionals.com\/fr\/#organization"},"potentialAction":[{"@type":"SearchAction","target":{"@type":"EntryPoint","urlTemplate":"https:\/\/functionals.com\/fr\/?s={search_term_string}"},"query-input":{"@type":"PropertyValueSpecification","valueRequired":true,"valueName":"search_term_string"}}],"inLanguage":"fr-FR"},{"@type":"Organization","@id":"https:\/\/functionals.com\/fr\/#organization","name":"Functionals","url":"https:\/\/functionals.com\/fr\/","logo":{"@type":"ImageObject","inLanguage":"fr-FR","@id":"https:\/\/functionals.com\/fr\/#\/schema\/logo\/image\/","url":"https:\/\/functionals.com\/wp-content\/uploads\/2024\/08\/Functionals-logo-5cm-300dpi.jpg","contentUrl":"https:\/\/functionals.com\/wp-content\/uploads\/2024\/08\/Functionals-logo-5cm-300dpi.jpg","width":591,"height":997,"caption":"Functionals"},"image":{"@id":"https:\/\/functionals.com\/fr\/#\/schema\/logo\/image\/"},"sameAs":["https:\/\/www.facebook.com\/functionals.eu","https:\/\/www.instagram.com\/functionals","https:\/\/www.linkedin.com\/company\/functionals-com"]}]}},"_links":{"self":[{"href":"https:\/\/functionals.com\/fr\/wp-json\/wp\/v2\/product\/27040","targetHints":{"allow":["GET"]}}],"collection":[{"href":"https:\/\/functionals.com\/fr\/wp-json\/wp\/v2\/product"}],"about":[{"href":"https:\/\/functionals.com\/fr\/wp-json\/wp\/v2\/types\/product"}],"wp:featuredmedia":[{"embeddable":true,"href":"https:\/\/functionals.com\/fr\/wp-json\/wp\/v2\/media\/14689"}],"wp:attachment":[{"href":"https:\/\/functionals.com\/fr\/wp-json\/wp\/v2\/media?parent=27040"}],"wp:term":[{"taxonomy":"product_brand","embeddable":true,"href":"https:\/\/functionals.com\/fr\/wp-json\/wp\/v2\/product_brand?post=27040"},{"taxonomy":"product_cat","embeddable":true,"href":"https:\/\/functionals.com\/fr\/wp-json\/wp\/v2\/product_cat?post=27040"},{"taxonomy":"product_tag","embeddable":true,"href":"https:\/\/functionals.com\/fr\/wp-json\/wp\/v2\/product_tag?post=27040"}],"curies":[{"name":"wp","href":"https:\/\/api.w.org\/{rel}","templated":true}]}}