{"id":26728,"date":"2024-10-03T13:51:16","date_gmt":"2024-10-03T11:51:16","guid":{"rendered":"https:\/\/functionals.com\/uncategorized\/krok-hjh-30-60-90-2\/"},"modified":"2024-10-03T13:51:16","modified_gmt":"2024-10-03T11:51:16","slug":"krok-hjh-30-60-90-2","status":"publish","type":"product","link":"https:\/\/functionals.com\/fr\/porte-manteau-mural\/krok-hjh-30-60-90-2\/","title":{"rendered":"krok hjh 30-60-90"},"content":{"rendered":"","protected":false},"excerpt":{"rendered":"<p>La s\u00e9rie de pat\u00e8res murales Krok se distingue par sa simplicit\u00e9. Les trois mod\u00e8les muraux Krok HJH 30, 60 et 90 comportent respectivement deux, cinq ou huit crochets doubles de haute qualit\u00e9 en plastique. La plaque murale rigide en acier peut \u00eatre fix\u00e9e sur un mur en bois, en brique ou en b\u00e9ton \u00e0 l\u2019aide des deux vis fournies, qui sont de la m\u00eame couleur que la plaque.  <\/p>\n","protected":false},"featured_media":6717,"template":"","meta":{"_acf_changed":false,"inline_featured_image":false},"product_brand":[],"product_cat":[192],"product_tag":[3355,3358],"class_list":{"0":"post-26728","1":"product","2":"type-product","3":"status-publish","4":"has-post-thumbnail","6":"product_cat-porte-manteau-mural","7":"product_tag-coat-rack","8":"product_tag-kapstok","9":"pa_designer-mia-lagerman-ehlen-johansson-fr","11":"first","12":"instock","13":"taxable","14":"shipping-taxable","15":"purchasable","16":"product-type-variable"},"acf":[],"yoast_head":"<!-- This site is optimized with the Yoast SEO plugin v27.5 - https:\/\/yoast.com\/product\/yoast-seo-wordpress\/ -->\n<title>krok hjh 30-60-90 - functionals<\/title>\n<meta name=\"robots\" content=\"index, follow, max-snippet:-1, max-image-preview:large, max-video-preview:-1\" \/>\n<link rel=\"canonical\" href=\"https:\/\/functionals.com\/fr\/porte-manteau-mural\/krok-hjh-30-60-90-2\/\" \/>\n<meta property=\"og:locale\" content=\"fr_FR\" \/>\n<meta property=\"og:type\" content=\"article\" \/>\n<meta property=\"og:title\" content=\"krok hjh 30-60-90 - functionals\" \/>\n<meta property=\"og:description\" content=\"La s\u00e9rie de pat\u00e8res murales Krok se distingue par sa simplicit\u00e9. Les trois mod\u00e8les muraux Krok HJH 30, 60 et 90 comportent respectivement deux, cinq ou huit crochets doubles de haute qualit\u00e9 en plastique. La plaque murale rigide en acier peut \u00eatre fix\u00e9e sur un mur en bois, en brique ou en b\u00e9ton \u00e0 l\u2019aide des deux vis fournies, qui sont de la m\u00eame couleur que la plaque.\" \/>\n<meta property=\"og:url\" content=\"https:\/\/functionals.com\/fr\/porte-manteau-mural\/krok-hjh-30-60-90-2\/\" \/>\n<meta property=\"og:site_name\" content=\"functionals\" \/>\n<meta property=\"article:publisher\" content=\"https:\/\/www.facebook.com\/functionals.eu\" \/>\n<meta property=\"og:image\" content=\"https:\/\/functionals.com\/wp-content\/uploads\/2024\/10\/Krok-HJH-30-Maroon-Red-FV-scaled.jpg\" \/>\n\t<meta property=\"og:image:width\" content=\"1707\" \/>\n\t<meta property=\"og:image:height\" content=\"2560\" \/>\n\t<meta property=\"og:image:type\" content=\"image\/jpeg\" \/>\n<meta name=\"twitter:card\" content=\"summary_large_image\" \/>\n<script type=\"application\/ld+json\" class=\"yoast-schema-graph\">{\"@context\":\"https:\\\/\\\/schema.org\",\"@graph\":[{\"@type\":\"WebPage\",\"@id\":\"https:\\\/\\\/functionals.com\\\/fr\\\/porte-manteau-mural\\\/krok-hjh-30-60-90-2\\\/\",\"url\":\"https:\\\/\\\/functionals.com\\\/fr\\\/porte-manteau-mural\\\/krok-hjh-30-60-90-2\\\/\",\"name\":\"krok hjh 30-60-90 - functionals\",\"isPartOf\":{\"@id\":\"https:\\\/\\\/functionals.com\\\/fr\\\/#website\"},\"primaryImageOfPage\":{\"@id\":\"https:\\\/\\\/functionals.com\\\/fr\\\/porte-manteau-mural\\\/krok-hjh-30-60-90-2\\\/#primaryimage\"},\"image\":{\"@id\":\"https:\\\/\\\/functionals.com\\\/fr\\\/porte-manteau-mural\\\/krok-hjh-30-60-90-2\\\/#primaryimage\"},\"thumbnailUrl\":\"https:\\\/\\\/functionals.com\\\/wp-content\\\/uploads\\\/2024\\\/10\\\/Krok-HJH-30-Maroon-Red-FV-scaled.jpg\",\"datePublished\":\"2024-10-03T11:51:16+00:00\",\"breadcrumb\":{\"@id\":\"https:\\\/\\\/functionals.com\\\/fr\\\/porte-manteau-mural\\\/krok-hjh-30-60-90-2\\\/#breadcrumb\"},\"inLanguage\":\"fr-FR\",\"potentialAction\":[{\"@type\":\"ReadAction\",\"target\":[\"https:\\\/\\\/functionals.com\\\/fr\\\/porte-manteau-mural\\\/krok-hjh-30-60-90-2\\\/\"]}],\"author\":{\"@type\":\"Organization\",\"name\":\"Heabb\",\"url\":\"https:\\\/\\\/heabb.nl\"}},{\"@type\":\"ImageObject\",\"inLanguage\":\"fr-FR\",\"@id\":\"https:\\\/\\\/functionals.com\\\/fr\\\/porte-manteau-mural\\\/krok-hjh-30-60-90-2\\\/#primaryimage\",\"url\":\"https:\\\/\\\/functionals.com\\\/wp-content\\\/uploads\\\/2024\\\/10\\\/Krok-HJH-30-Maroon-Red-FV-scaled.jpg\",\"contentUrl\":\"https:\\\/\\\/functionals.com\\\/wp-content\\\/uploads\\\/2024\\\/10\\\/Krok-HJH-30-Maroon-Red-FV-scaled.jpg\",\"width\":1707,\"height\":2560},{\"@type\":\"BreadcrumbList\",\"@id\":\"https:\\\/\\\/functionals.com\\\/fr\\\/porte-manteau-mural\\\/krok-hjh-30-60-90-2\\\/#breadcrumb\",\"itemListElement\":[{\"@type\":\"ListItem\",\"position\":1,\"name\":\"home\",\"item\":\"https:\\\/\\\/functionals.com\\\/fr\\\/\"},{\"@type\":\"ListItem\",\"position\":2,\"name\":\"produits\",\"item\":\"https:\\\/\\\/functionals.com\\\/fr\\\/produits\\\/\"},{\"@type\":\"ListItem\",\"position\":3,\"name\":\"krok hjh 30-60-90\"}]},{\"@type\":\"WebSite\",\"@id\":\"https:\\\/\\\/functionals.com\\\/fr\\\/#website\",\"url\":\"https:\\\/\\\/functionals.com\\\/fr\\\/\",\"name\":\"Functionals\",\"description\":\"organising spaces\",\"publisher\":{\"@id\":\"https:\\\/\\\/functionals.com\\\/fr\\\/#organization\"},\"potentialAction\":[{\"@type\":\"SearchAction\",\"target\":{\"@type\":\"EntryPoint\",\"urlTemplate\":\"https:\\\/\\\/functionals.com\\\/fr\\\/?s={search_term_string}\"},\"query-input\":{\"@type\":\"PropertyValueSpecification\",\"valueRequired\":true,\"valueName\":\"search_term_string\"}}],\"inLanguage\":\"fr-FR\"},{\"@type\":\"Organization\",\"@id\":\"https:\\\/\\\/functionals.com\\\/fr\\\/#organization\",\"name\":\"Functionals\",\"url\":\"https:\\\/\\\/functionals.com\\\/fr\\\/\",\"logo\":{\"@type\":\"ImageObject\",\"inLanguage\":\"fr-FR\",\"@id\":\"https:\\\/\\\/functionals.com\\\/fr\\\/#\\\/schema\\\/logo\\\/image\\\/\",\"url\":\"https:\\\/\\\/functionals.com\\\/wp-content\\\/uploads\\\/2024\\\/08\\\/Functionals-logo-5cm-300dpi.jpg\",\"contentUrl\":\"https:\\\/\\\/functionals.com\\\/wp-content\\\/uploads\\\/2024\\\/08\\\/Functionals-logo-5cm-300dpi.jpg\",\"width\":591,\"height\":997,\"caption\":\"Functionals\"},\"image\":{\"@id\":\"https:\\\/\\\/functionals.com\\\/fr\\\/#\\\/schema\\\/logo\\\/image\\\/\"},\"sameAs\":[\"https:\\\/\\\/www.facebook.com\\\/functionals.eu\",\"https:\\\/\\\/www.instagram.com\\\/functionals\",\"https:\\\/\\\/www.linkedin.com\\\/company\\\/functionals-com\"]}]}<\/script>\n<!-- \/ Yoast SEO plugin. -->","yoast_head_json":{"title":"krok hjh 30-60-90 - functionals","robots":{"index":"index","follow":"follow","max-snippet":"max-snippet:-1","max-image-preview":"max-image-preview:large","max-video-preview":"max-video-preview:-1"},"canonical":"https:\/\/functionals.com\/fr\/porte-manteau-mural\/krok-hjh-30-60-90-2\/","og_locale":"fr_FR","og_type":"article","og_title":"krok hjh 30-60-90 - functionals","og_description":"La s\u00e9rie de pat\u00e8res murales Krok se distingue par sa simplicit\u00e9. Les trois mod\u00e8les muraux Krok HJH 30, 60 et 90 comportent respectivement deux, cinq ou huit crochets doubles de haute qualit\u00e9 en plastique. La plaque murale rigide en acier peut \u00eatre fix\u00e9e sur un mur en bois, en brique ou en b\u00e9ton \u00e0 l\u2019aide des deux vis fournies, qui sont de la m\u00eame couleur que la plaque.","og_url":"https:\/\/functionals.com\/fr\/porte-manteau-mural\/krok-hjh-30-60-90-2\/","og_site_name":"functionals","article_publisher":"https:\/\/www.facebook.com\/functionals.eu","og_image":[{"width":1707,"height":2560,"url":"https:\/\/functionals.com\/wp-content\/uploads\/2024\/10\/Krok-HJH-30-Maroon-Red-FV-scaled.jpg","type":"image\/jpeg"}],"twitter_card":"summary_large_image","schema":{"@context":"https:\/\/schema.org","@graph":[{"@type":"WebPage","@id":"https:\/\/functionals.com\/fr\/porte-manteau-mural\/krok-hjh-30-60-90-2\/","url":"https:\/\/functionals.com\/fr\/porte-manteau-mural\/krok-hjh-30-60-90-2\/","name":"krok hjh 30-60-90 - functionals","isPartOf":{"@id":"https:\/\/functionals.com\/fr\/#website"},"primaryImageOfPage":{"@id":"https:\/\/functionals.com\/fr\/porte-manteau-mural\/krok-hjh-30-60-90-2\/#primaryimage"},"image":{"@id":"https:\/\/functionals.com\/fr\/porte-manteau-mural\/krok-hjh-30-60-90-2\/#primaryimage"},"thumbnailUrl":"https:\/\/functionals.com\/wp-content\/uploads\/2024\/10\/Krok-HJH-30-Maroon-Red-FV-scaled.jpg","datePublished":"2024-10-03T11:51:16+00:00","breadcrumb":{"@id":"https:\/\/functionals.com\/fr\/porte-manteau-mural\/krok-hjh-30-60-90-2\/#breadcrumb"},"inLanguage":"fr-FR","potentialAction":[{"@type":"ReadAction","target":["https:\/\/functionals.com\/fr\/porte-manteau-mural\/krok-hjh-30-60-90-2\/"]}],"author":{"@type":"Organization","name":"Heabb","url":"https:\/\/heabb.nl"}},{"@type":"ImageObject","inLanguage":"fr-FR","@id":"https:\/\/functionals.com\/fr\/porte-manteau-mural\/krok-hjh-30-60-90-2\/#primaryimage","url":"https:\/\/functionals.com\/wp-content\/uploads\/2024\/10\/Krok-HJH-30-Maroon-Red-FV-scaled.jpg","contentUrl":"https:\/\/functionals.com\/wp-content\/uploads\/2024\/10\/Krok-HJH-30-Maroon-Red-FV-scaled.jpg","width":1707,"height":2560},{"@type":"BreadcrumbList","@id":"https:\/\/functionals.com\/fr\/porte-manteau-mural\/krok-hjh-30-60-90-2\/#breadcrumb","itemListElement":[{"@type":"ListItem","position":1,"name":"home","item":"https:\/\/functionals.com\/fr\/"},{"@type":"ListItem","position":2,"name":"produits","item":"https:\/\/functionals.com\/fr\/produits\/"},{"@type":"ListItem","position":3,"name":"krok hjh 30-60-90"}]},{"@type":"WebSite","@id":"https:\/\/functionals.com\/fr\/#website","url":"https:\/\/functionals.com\/fr\/","name":"Functionals","description":"organising spaces","publisher":{"@id":"https:\/\/functionals.com\/fr\/#organization"},"potentialAction":[{"@type":"SearchAction","target":{"@type":"EntryPoint","urlTemplate":"https:\/\/functionals.com\/fr\/?s={search_term_string}"},"query-input":{"@type":"PropertyValueSpecification","valueRequired":true,"valueName":"search_term_string"}}],"inLanguage":"fr-FR"},{"@type":"Organization","@id":"https:\/\/functionals.com\/fr\/#organization","name":"Functionals","url":"https:\/\/functionals.com\/fr\/","logo":{"@type":"ImageObject","inLanguage":"fr-FR","@id":"https:\/\/functionals.com\/fr\/#\/schema\/logo\/image\/","url":"https:\/\/functionals.com\/wp-content\/uploads\/2024\/08\/Functionals-logo-5cm-300dpi.jpg","contentUrl":"https:\/\/functionals.com\/wp-content\/uploads\/2024\/08\/Functionals-logo-5cm-300dpi.jpg","width":591,"height":997,"caption":"Functionals"},"image":{"@id":"https:\/\/functionals.com\/fr\/#\/schema\/logo\/image\/"},"sameAs":["https:\/\/www.facebook.com\/functionals.eu","https:\/\/www.instagram.com\/functionals","https:\/\/www.linkedin.com\/company\/functionals-com"]}]}},"_links":{"self":[{"href":"https:\/\/functionals.com\/fr\/wp-json\/wp\/v2\/product\/26728","targetHints":{"allow":["GET"]}}],"collection":[{"href":"https:\/\/functionals.com\/fr\/wp-json\/wp\/v2\/product"}],"about":[{"href":"https:\/\/functionals.com\/fr\/wp-json\/wp\/v2\/types\/product"}],"wp:featuredmedia":[{"embeddable":true,"href":"https:\/\/functionals.com\/fr\/wp-json\/wp\/v2\/media\/6717"}],"wp:attachment":[{"href":"https:\/\/functionals.com\/fr\/wp-json\/wp\/v2\/media?parent=26728"}],"wp:term":[{"taxonomy":"product_brand","embeddable":true,"href":"https:\/\/functionals.com\/fr\/wp-json\/wp\/v2\/product_brand?post=26728"},{"taxonomy":"product_cat","embeddable":true,"href":"https:\/\/functionals.com\/fr\/wp-json\/wp\/v2\/product_cat?post=26728"},{"taxonomy":"product_tag","embeddable":true,"href":"https:\/\/functionals.com\/fr\/wp-json\/wp\/v2\/product_tag?post=26728"}],"curies":[{"name":"wp","href":"https:\/\/api.w.org\/{rel}","templated":true}]}}