{"id":26700,"date":"2024-10-03T11:52:25","date_gmt":"2024-10-03T09:52:25","guid":{"rendered":"https:\/\/functionals.com\/uncategorized\/just-2\/"},"modified":"2026-04-28T19:23:14","modified_gmt":"2026-04-28T17:23:14","slug":"just-2","status":"publish","type":"product","link":"https:\/\/functionals.com\/fr\/porte-manteau-mural\/just-2\/","title":{"rendered":"just"},"content":{"rendered":"","protected":false},"excerpt":{"rendered":"<p>L\u2019\u00e9l\u00e9gance dans sa plus simple expression. Le portemanteau mural Just porte bien son nom. Le design de Michel Charlot s\u00e9duit par sa simplicit\u00e9 et sa flexibilit\u00e9. Just se compose d\u2019un profil\u00e9 en aluminium thermolaqu\u00e9 et de crochets en plastique mobiles qui dissimulent \u00e9l\u00e9gamment vis et joints. Disponible en trois tailles standards. Vous pr\u00e9f\u00e9rez une autre largeur ? Cr\u00e9ez votre propre Just sur mesure.      <\/p>\n","protected":false},"featured_media":21191,"template":"","meta":{"_acf_changed":false,"inline_featured_image":false},"product_brand":[],"product_cat":[192],"product_tag":[3358],"class_list":{"0":"post-26700","1":"product","2":"type-product","3":"status-publish","4":"has-post-thumbnail","6":"product_cat-porte-manteau-mural","7":"product_tag-kapstok","8":"pa_designer-michel-charlot-fr","10":"first","11":"instock","12":"featured","13":"taxable","14":"shipping-taxable","15":"purchasable","16":"product-type-variable"},"acf":[],"yoast_head":"<!-- This site is optimized with the Yoast SEO plugin v27.5 - https:\/\/yoast.com\/product\/yoast-seo-wordpress\/ -->\n<title>just - functionals<\/title>\n<meta name=\"robots\" content=\"index, follow, max-snippet:-1, max-image-preview:large, max-video-preview:-1\" \/>\n<link rel=\"canonical\" href=\"https:\/\/functionals.com\/fr\/porte-manteau-mural\/just-2\/\" \/>\n<meta property=\"og:locale\" content=\"fr_FR\" \/>\n<meta property=\"og:type\" content=\"article\" \/>\n<meta property=\"og:title\" content=\"just - functionals\" \/>\n<meta property=\"og:description\" content=\"L\u2019\u00e9l\u00e9gance dans sa plus simple expression. Le portemanteau mural Just porte bien son nom. Le design de Michel Charlot s\u00e9duit par sa simplicit\u00e9 et sa flexibilit\u00e9. Just se compose d\u2019un profil\u00e9 en aluminium thermolaqu\u00e9 et de crochets en plastique mobiles qui dissimulent \u00e9l\u00e9gamment vis et joints. Disponible en trois tailles standards. Vous pr\u00e9f\u00e9rez une autre largeur ? Cr\u00e9ez votre propre Just sur mesure.\" \/>\n<meta property=\"og:url\" content=\"https:\/\/functionals.com\/fr\/porte-manteau-mural\/just-2\/\" \/>\n<meta property=\"og:site_name\" content=\"functionals\" \/>\n<meta property=\"article:publisher\" content=\"https:\/\/www.facebook.com\/functionals.eu\" \/>\n<meta property=\"article:modified_time\" content=\"2026-04-28T17:23:14+00:00\" \/>\n<meta property=\"og:image\" content=\"https:\/\/functionals.com\/wp-content\/uploads\/2024\/10\/Just-20-Clay-Beige-FV-3-scaled.jpg\" \/>\n\t<meta property=\"og:image:width\" content=\"1707\" \/>\n\t<meta property=\"og:image:height\" content=\"2560\" \/>\n\t<meta property=\"og:image:type\" content=\"image\/jpeg\" \/>\n<meta name=\"twitter:card\" content=\"summary_large_image\" \/>\n<script type=\"application\/ld+json\" class=\"yoast-schema-graph\">{\"@context\":\"https:\\\/\\\/schema.org\",\"@graph\":[{\"@type\":\"WebPage\",\"@id\":\"https:\\\/\\\/functionals.com\\\/fr\\\/porte-manteau-mural\\\/just-2\\\/\",\"url\":\"https:\\\/\\\/functionals.com\\\/fr\\\/porte-manteau-mural\\\/just-2\\\/\",\"name\":\"just - functionals\",\"isPartOf\":{\"@id\":\"https:\\\/\\\/functionals.com\\\/fr\\\/#website\"},\"primaryImageOfPage\":{\"@id\":\"https:\\\/\\\/functionals.com\\\/fr\\\/porte-manteau-mural\\\/just-2\\\/#primaryimage\"},\"image\":{\"@id\":\"https:\\\/\\\/functionals.com\\\/fr\\\/porte-manteau-mural\\\/just-2\\\/#primaryimage\"},\"thumbnailUrl\":\"https:\\\/\\\/functionals.com\\\/wp-content\\\/uploads\\\/2024\\\/10\\\/Just-20-Clay-Beige-FV-3-scaled.jpg\",\"datePublished\":\"2024-10-03T09:52:25+00:00\",\"dateModified\":\"2026-04-28T17:23:14+00:00\",\"breadcrumb\":{\"@id\":\"https:\\\/\\\/functionals.com\\\/fr\\\/porte-manteau-mural\\\/just-2\\\/#breadcrumb\"},\"inLanguage\":\"fr-FR\",\"potentialAction\":[{\"@type\":\"ReadAction\",\"target\":[\"https:\\\/\\\/functionals.com\\\/fr\\\/porte-manteau-mural\\\/just-2\\\/\"]}],\"author\":{\"@type\":\"Organization\",\"name\":\"Heabb\",\"url\":\"https:\\\/\\\/heabb.nl\"}},{\"@type\":\"ImageObject\",\"inLanguage\":\"fr-FR\",\"@id\":\"https:\\\/\\\/functionals.com\\\/fr\\\/porte-manteau-mural\\\/just-2\\\/#primaryimage\",\"url\":\"https:\\\/\\\/functionals.com\\\/wp-content\\\/uploads\\\/2024\\\/10\\\/Just-20-Clay-Beige-FV-3-scaled.jpg\",\"contentUrl\":\"https:\\\/\\\/functionals.com\\\/wp-content\\\/uploads\\\/2024\\\/10\\\/Just-20-Clay-Beige-FV-3-scaled.jpg\",\"width\":1707,\"height\":2560},{\"@type\":\"BreadcrumbList\",\"@id\":\"https:\\\/\\\/functionals.com\\\/fr\\\/porte-manteau-mural\\\/just-2\\\/#breadcrumb\",\"itemListElement\":[{\"@type\":\"ListItem\",\"position\":1,\"name\":\"home\",\"item\":\"https:\\\/\\\/functionals.com\\\/fr\\\/\"},{\"@type\":\"ListItem\",\"position\":2,\"name\":\"produits\",\"item\":\"https:\\\/\\\/functionals.com\\\/fr\\\/produits\\\/\"},{\"@type\":\"ListItem\",\"position\":3,\"name\":\"just\"}]},{\"@type\":\"WebSite\",\"@id\":\"https:\\\/\\\/functionals.com\\\/fr\\\/#website\",\"url\":\"https:\\\/\\\/functionals.com\\\/fr\\\/\",\"name\":\"Functionals\",\"description\":\"organising spaces\",\"publisher\":{\"@id\":\"https:\\\/\\\/functionals.com\\\/fr\\\/#organization\"},\"potentialAction\":[{\"@type\":\"SearchAction\",\"target\":{\"@type\":\"EntryPoint\",\"urlTemplate\":\"https:\\\/\\\/functionals.com\\\/fr\\\/?s={search_term_string}\"},\"query-input\":{\"@type\":\"PropertyValueSpecification\",\"valueRequired\":true,\"valueName\":\"search_term_string\"}}],\"inLanguage\":\"fr-FR\"},{\"@type\":\"Organization\",\"@id\":\"https:\\\/\\\/functionals.com\\\/fr\\\/#organization\",\"name\":\"Functionals\",\"url\":\"https:\\\/\\\/functionals.com\\\/fr\\\/\",\"logo\":{\"@type\":\"ImageObject\",\"inLanguage\":\"fr-FR\",\"@id\":\"https:\\\/\\\/functionals.com\\\/fr\\\/#\\\/schema\\\/logo\\\/image\\\/\",\"url\":\"https:\\\/\\\/functionals.com\\\/wp-content\\\/uploads\\\/2024\\\/08\\\/Functionals-logo-5cm-300dpi.jpg\",\"contentUrl\":\"https:\\\/\\\/functionals.com\\\/wp-content\\\/uploads\\\/2024\\\/08\\\/Functionals-logo-5cm-300dpi.jpg\",\"width\":591,\"height\":997,\"caption\":\"Functionals\"},\"image\":{\"@id\":\"https:\\\/\\\/functionals.com\\\/fr\\\/#\\\/schema\\\/logo\\\/image\\\/\"},\"sameAs\":[\"https:\\\/\\\/www.facebook.com\\\/functionals.eu\",\"https:\\\/\\\/www.instagram.com\\\/functionals\",\"https:\\\/\\\/www.linkedin.com\\\/company\\\/functionals-com\"]}]}<\/script>\n<!-- \/ Yoast SEO plugin. -->","yoast_head_json":{"title":"just - functionals","robots":{"index":"index","follow":"follow","max-snippet":"max-snippet:-1","max-image-preview":"max-image-preview:large","max-video-preview":"max-video-preview:-1"},"canonical":"https:\/\/functionals.com\/fr\/porte-manteau-mural\/just-2\/","og_locale":"fr_FR","og_type":"article","og_title":"just - functionals","og_description":"L\u2019\u00e9l\u00e9gance dans sa plus simple expression. Le portemanteau mural Just porte bien son nom. Le design de Michel Charlot s\u00e9duit par sa simplicit\u00e9 et sa flexibilit\u00e9. Just se compose d\u2019un profil\u00e9 en aluminium thermolaqu\u00e9 et de crochets en plastique mobiles qui dissimulent \u00e9l\u00e9gamment vis et joints. Disponible en trois tailles standards. Vous pr\u00e9f\u00e9rez une autre largeur ? Cr\u00e9ez votre propre Just sur mesure.","og_url":"https:\/\/functionals.com\/fr\/porte-manteau-mural\/just-2\/","og_site_name":"functionals","article_publisher":"https:\/\/www.facebook.com\/functionals.eu","article_modified_time":"2026-04-28T17:23:14+00:00","og_image":[{"width":1707,"height":2560,"url":"https:\/\/functionals.com\/wp-content\/uploads\/2024\/10\/Just-20-Clay-Beige-FV-3-scaled.jpg","type":"image\/jpeg"}],"twitter_card":"summary_large_image","schema":{"@context":"https:\/\/schema.org","@graph":[{"@type":"WebPage","@id":"https:\/\/functionals.com\/fr\/porte-manteau-mural\/just-2\/","url":"https:\/\/functionals.com\/fr\/porte-manteau-mural\/just-2\/","name":"just - functionals","isPartOf":{"@id":"https:\/\/functionals.com\/fr\/#website"},"primaryImageOfPage":{"@id":"https:\/\/functionals.com\/fr\/porte-manteau-mural\/just-2\/#primaryimage"},"image":{"@id":"https:\/\/functionals.com\/fr\/porte-manteau-mural\/just-2\/#primaryimage"},"thumbnailUrl":"https:\/\/functionals.com\/wp-content\/uploads\/2024\/10\/Just-20-Clay-Beige-FV-3-scaled.jpg","datePublished":"2024-10-03T09:52:25+00:00","dateModified":"2026-04-28T17:23:14+00:00","breadcrumb":{"@id":"https:\/\/functionals.com\/fr\/porte-manteau-mural\/just-2\/#breadcrumb"},"inLanguage":"fr-FR","potentialAction":[{"@type":"ReadAction","target":["https:\/\/functionals.com\/fr\/porte-manteau-mural\/just-2\/"]}],"author":{"@type":"Organization","name":"Heabb","url":"https:\/\/heabb.nl"}},{"@type":"ImageObject","inLanguage":"fr-FR","@id":"https:\/\/functionals.com\/fr\/porte-manteau-mural\/just-2\/#primaryimage","url":"https:\/\/functionals.com\/wp-content\/uploads\/2024\/10\/Just-20-Clay-Beige-FV-3-scaled.jpg","contentUrl":"https:\/\/functionals.com\/wp-content\/uploads\/2024\/10\/Just-20-Clay-Beige-FV-3-scaled.jpg","width":1707,"height":2560},{"@type":"BreadcrumbList","@id":"https:\/\/functionals.com\/fr\/porte-manteau-mural\/just-2\/#breadcrumb","itemListElement":[{"@type":"ListItem","position":1,"name":"home","item":"https:\/\/functionals.com\/fr\/"},{"@type":"ListItem","position":2,"name":"produits","item":"https:\/\/functionals.com\/fr\/produits\/"},{"@type":"ListItem","position":3,"name":"just"}]},{"@type":"WebSite","@id":"https:\/\/functionals.com\/fr\/#website","url":"https:\/\/functionals.com\/fr\/","name":"Functionals","description":"organising spaces","publisher":{"@id":"https:\/\/functionals.com\/fr\/#organization"},"potentialAction":[{"@type":"SearchAction","target":{"@type":"EntryPoint","urlTemplate":"https:\/\/functionals.com\/fr\/?s={search_term_string}"},"query-input":{"@type":"PropertyValueSpecification","valueRequired":true,"valueName":"search_term_string"}}],"inLanguage":"fr-FR"},{"@type":"Organization","@id":"https:\/\/functionals.com\/fr\/#organization","name":"Functionals","url":"https:\/\/functionals.com\/fr\/","logo":{"@type":"ImageObject","inLanguage":"fr-FR","@id":"https:\/\/functionals.com\/fr\/#\/schema\/logo\/image\/","url":"https:\/\/functionals.com\/wp-content\/uploads\/2024\/08\/Functionals-logo-5cm-300dpi.jpg","contentUrl":"https:\/\/functionals.com\/wp-content\/uploads\/2024\/08\/Functionals-logo-5cm-300dpi.jpg","width":591,"height":997,"caption":"Functionals"},"image":{"@id":"https:\/\/functionals.com\/fr\/#\/schema\/logo\/image\/"},"sameAs":["https:\/\/www.facebook.com\/functionals.eu","https:\/\/www.instagram.com\/functionals","https:\/\/www.linkedin.com\/company\/functionals-com"]}]}},"_links":{"self":[{"href":"https:\/\/functionals.com\/fr\/wp-json\/wp\/v2\/product\/26700","targetHints":{"allow":["GET"]}}],"collection":[{"href":"https:\/\/functionals.com\/fr\/wp-json\/wp\/v2\/product"}],"about":[{"href":"https:\/\/functionals.com\/fr\/wp-json\/wp\/v2\/types\/product"}],"wp:featuredmedia":[{"embeddable":true,"href":"https:\/\/functionals.com\/fr\/wp-json\/wp\/v2\/media\/21191"}],"wp:attachment":[{"href":"https:\/\/functionals.com\/fr\/wp-json\/wp\/v2\/media?parent=26700"}],"wp:term":[{"taxonomy":"product_brand","embeddable":true,"href":"https:\/\/functionals.com\/fr\/wp-json\/wp\/v2\/product_brand?post=26700"},{"taxonomy":"product_cat","embeddable":true,"href":"https:\/\/functionals.com\/fr\/wp-json\/wp\/v2\/product_cat?post=26700"},{"taxonomy":"product_tag","embeddable":true,"href":"https:\/\/functionals.com\/fr\/wp-json\/wp\/v2\/product_tag?post=26700"}],"curies":[{"name":"wp","href":"https:\/\/api.w.org\/{rel}","templated":true}]}}