{"id":26644,"date":"2024-10-01T16:26:31","date_gmt":"2024-10-01T14:26:31","guid":{"rendered":"https:\/\/functionals.com\/uncategorized\/forest-for-the-trees-2\/"},"modified":"2024-10-01T16:26:31","modified_gmt":"2024-10-01T14:26:31","slug":"forest-for-the-trees-2","status":"publish","type":"product","link":"https:\/\/functionals.com\/fr\/portemanteaux\/forest-for-the-trees-2\/","title":{"rendered":"forest for the trees"},"content":{"rendered":"","protected":false},"excerpt":{"rendered":"<p>Affirmez votre style dans le hall ou \u00e0 la r\u00e9ception avec Forest for the Trees. Ce portemanteau en m\u00e9tal thermolaqu\u00e9, sign\u00e9 Ineke Hans, attire tous les regards. Seul ou en groupe : Forest for the Trees vous fera assur\u00e9ment sourire.  <\/p>\n","protected":false},"featured_media":6422,"template":"","meta":{"_acf_changed":false,"inline_featured_image":false},"product_brand":[],"product_cat":[165],"product_tag":[3355,3358,3357,3356],"class_list":{"0":"post-26644","1":"product","2":"type-product","3":"status-publish","4":"has-post-thumbnail","6":"product_cat-portemanteaux","7":"product_tag-coat-rack","8":"product_tag-kapstok","9":"product_tag-staande-kapstok","10":"product_tag-standing-coat-rack","11":"pa_designer-ineke-hans-fr","13":"first","14":"instock","15":"taxable","16":"shipping-taxable","17":"purchasable","18":"product-type-variable"},"acf":[],"yoast_head":"<!-- This site is optimized with the Yoast SEO plugin v27.5 - https:\/\/yoast.com\/product\/yoast-seo-wordpress\/ -->\n<title>forest for the trees - functionals<\/title>\n<meta name=\"robots\" content=\"index, follow, max-snippet:-1, max-image-preview:large, max-video-preview:-1\" \/>\n<link rel=\"canonical\" href=\"https:\/\/functionals.com\/fr\/portemanteaux\/forest-for-the-trees-2\/\" \/>\n<meta property=\"og:locale\" content=\"fr_FR\" \/>\n<meta property=\"og:type\" content=\"article\" \/>\n<meta property=\"og:title\" content=\"forest for the trees - functionals\" \/>\n<meta property=\"og:description\" content=\"Affirmez votre style dans le hall ou \u00e0 la r\u00e9ception avec Forest for the Trees. Ce portemanteau en m\u00e9tal thermolaqu\u00e9, sign\u00e9 Ineke Hans, attire tous les regards. Seul ou en groupe : Forest for the Trees vous fera assur\u00e9ment sourire.\" \/>\n<meta property=\"og:url\" content=\"https:\/\/functionals.com\/fr\/portemanteaux\/forest-for-the-trees-2\/\" \/>\n<meta property=\"og:site_name\" content=\"functionals\" \/>\n<meta property=\"article:publisher\" content=\"https:\/\/www.facebook.com\/functionals.eu\" \/>\n<meta property=\"og:image\" content=\"https:\/\/functionals.com\/wp-content\/uploads\/2024\/10\/Forest-for-the-Trees-Zinc-Yellow-FV-scaled.jpg\" \/>\n\t<meta property=\"og:image:width\" content=\"1707\" \/>\n\t<meta property=\"og:image:height\" content=\"2560\" \/>\n\t<meta property=\"og:image:type\" content=\"image\/jpeg\" \/>\n<meta name=\"twitter:card\" content=\"summary_large_image\" \/>\n<script type=\"application\/ld+json\" class=\"yoast-schema-graph\">{\"@context\":\"https:\\\/\\\/schema.org\",\"@graph\":[{\"@type\":\"WebPage\",\"@id\":\"https:\\\/\\\/functionals.com\\\/fr\\\/portemanteaux\\\/forest-for-the-trees-2\\\/\",\"url\":\"https:\\\/\\\/functionals.com\\\/fr\\\/portemanteaux\\\/forest-for-the-trees-2\\\/\",\"name\":\"forest for the trees - functionals\",\"isPartOf\":{\"@id\":\"https:\\\/\\\/functionals.com\\\/fr\\\/#website\"},\"primaryImageOfPage\":{\"@id\":\"https:\\\/\\\/functionals.com\\\/fr\\\/portemanteaux\\\/forest-for-the-trees-2\\\/#primaryimage\"},\"image\":{\"@id\":\"https:\\\/\\\/functionals.com\\\/fr\\\/portemanteaux\\\/forest-for-the-trees-2\\\/#primaryimage\"},\"thumbnailUrl\":\"https:\\\/\\\/functionals.com\\\/wp-content\\\/uploads\\\/2024\\\/10\\\/Forest-for-the-Trees-Zinc-Yellow-FV-scaled.jpg\",\"datePublished\":\"2024-10-01T14:26:31+00:00\",\"breadcrumb\":{\"@id\":\"https:\\\/\\\/functionals.com\\\/fr\\\/portemanteaux\\\/forest-for-the-trees-2\\\/#breadcrumb\"},\"inLanguage\":\"fr-FR\",\"potentialAction\":[{\"@type\":\"ReadAction\",\"target\":[\"https:\\\/\\\/functionals.com\\\/fr\\\/portemanteaux\\\/forest-for-the-trees-2\\\/\"]}],\"author\":{\"@type\":\"Organization\",\"name\":\"Heabb\",\"url\":\"https:\\\/\\\/heabb.nl\"}},{\"@type\":\"ImageObject\",\"inLanguage\":\"fr-FR\",\"@id\":\"https:\\\/\\\/functionals.com\\\/fr\\\/portemanteaux\\\/forest-for-the-trees-2\\\/#primaryimage\",\"url\":\"https:\\\/\\\/functionals.com\\\/wp-content\\\/uploads\\\/2024\\\/10\\\/Forest-for-the-Trees-Zinc-Yellow-FV-scaled.jpg\",\"contentUrl\":\"https:\\\/\\\/functionals.com\\\/wp-content\\\/uploads\\\/2024\\\/10\\\/Forest-for-the-Trees-Zinc-Yellow-FV-scaled.jpg\",\"width\":1707,\"height\":2560},{\"@type\":\"BreadcrumbList\",\"@id\":\"https:\\\/\\\/functionals.com\\\/fr\\\/portemanteaux\\\/forest-for-the-trees-2\\\/#breadcrumb\",\"itemListElement\":[{\"@type\":\"ListItem\",\"position\":1,\"name\":\"home\",\"item\":\"https:\\\/\\\/functionals.com\\\/fr\\\/\"},{\"@type\":\"ListItem\",\"position\":2,\"name\":\"produits\",\"item\":\"https:\\\/\\\/functionals.com\\\/fr\\\/produits\\\/\"},{\"@type\":\"ListItem\",\"position\":3,\"name\":\"forest for the trees\"}]},{\"@type\":\"WebSite\",\"@id\":\"https:\\\/\\\/functionals.com\\\/fr\\\/#website\",\"url\":\"https:\\\/\\\/functionals.com\\\/fr\\\/\",\"name\":\"Functionals\",\"description\":\"organising spaces\",\"publisher\":{\"@id\":\"https:\\\/\\\/functionals.com\\\/fr\\\/#organization\"},\"potentialAction\":[{\"@type\":\"SearchAction\",\"target\":{\"@type\":\"EntryPoint\",\"urlTemplate\":\"https:\\\/\\\/functionals.com\\\/fr\\\/?s={search_term_string}\"},\"query-input\":{\"@type\":\"PropertyValueSpecification\",\"valueRequired\":true,\"valueName\":\"search_term_string\"}}],\"inLanguage\":\"fr-FR\"},{\"@type\":\"Organization\",\"@id\":\"https:\\\/\\\/functionals.com\\\/fr\\\/#organization\",\"name\":\"Functionals\",\"url\":\"https:\\\/\\\/functionals.com\\\/fr\\\/\",\"logo\":{\"@type\":\"ImageObject\",\"inLanguage\":\"fr-FR\",\"@id\":\"https:\\\/\\\/functionals.com\\\/fr\\\/#\\\/schema\\\/logo\\\/image\\\/\",\"url\":\"https:\\\/\\\/functionals.com\\\/wp-content\\\/uploads\\\/2024\\\/08\\\/Functionals-logo-5cm-300dpi.jpg\",\"contentUrl\":\"https:\\\/\\\/functionals.com\\\/wp-content\\\/uploads\\\/2024\\\/08\\\/Functionals-logo-5cm-300dpi.jpg\",\"width\":591,\"height\":997,\"caption\":\"Functionals\"},\"image\":{\"@id\":\"https:\\\/\\\/functionals.com\\\/fr\\\/#\\\/schema\\\/logo\\\/image\\\/\"},\"sameAs\":[\"https:\\\/\\\/www.facebook.com\\\/functionals.eu\",\"https:\\\/\\\/www.instagram.com\\\/functionals\",\"https:\\\/\\\/www.linkedin.com\\\/company\\\/functionals-com\"]}]}<\/script>\n<!-- \/ Yoast SEO plugin. -->","yoast_head_json":{"title":"forest for the trees - functionals","robots":{"index":"index","follow":"follow","max-snippet":"max-snippet:-1","max-image-preview":"max-image-preview:large","max-video-preview":"max-video-preview:-1"},"canonical":"https:\/\/functionals.com\/fr\/portemanteaux\/forest-for-the-trees-2\/","og_locale":"fr_FR","og_type":"article","og_title":"forest for the trees - functionals","og_description":"Affirmez votre style dans le hall ou \u00e0 la r\u00e9ception avec Forest for the Trees. Ce portemanteau en m\u00e9tal thermolaqu\u00e9, sign\u00e9 Ineke Hans, attire tous les regards. Seul ou en groupe : Forest for the Trees vous fera assur\u00e9ment sourire.","og_url":"https:\/\/functionals.com\/fr\/portemanteaux\/forest-for-the-trees-2\/","og_site_name":"functionals","article_publisher":"https:\/\/www.facebook.com\/functionals.eu","og_image":[{"width":1707,"height":2560,"url":"https:\/\/functionals.com\/wp-content\/uploads\/2024\/10\/Forest-for-the-Trees-Zinc-Yellow-FV-scaled.jpg","type":"image\/jpeg"}],"twitter_card":"summary_large_image","schema":{"@context":"https:\/\/schema.org","@graph":[{"@type":"WebPage","@id":"https:\/\/functionals.com\/fr\/portemanteaux\/forest-for-the-trees-2\/","url":"https:\/\/functionals.com\/fr\/portemanteaux\/forest-for-the-trees-2\/","name":"forest for the trees - functionals","isPartOf":{"@id":"https:\/\/functionals.com\/fr\/#website"},"primaryImageOfPage":{"@id":"https:\/\/functionals.com\/fr\/portemanteaux\/forest-for-the-trees-2\/#primaryimage"},"image":{"@id":"https:\/\/functionals.com\/fr\/portemanteaux\/forest-for-the-trees-2\/#primaryimage"},"thumbnailUrl":"https:\/\/functionals.com\/wp-content\/uploads\/2024\/10\/Forest-for-the-Trees-Zinc-Yellow-FV-scaled.jpg","datePublished":"2024-10-01T14:26:31+00:00","breadcrumb":{"@id":"https:\/\/functionals.com\/fr\/portemanteaux\/forest-for-the-trees-2\/#breadcrumb"},"inLanguage":"fr-FR","potentialAction":[{"@type":"ReadAction","target":["https:\/\/functionals.com\/fr\/portemanteaux\/forest-for-the-trees-2\/"]}],"author":{"@type":"Organization","name":"Heabb","url":"https:\/\/heabb.nl"}},{"@type":"ImageObject","inLanguage":"fr-FR","@id":"https:\/\/functionals.com\/fr\/portemanteaux\/forest-for-the-trees-2\/#primaryimage","url":"https:\/\/functionals.com\/wp-content\/uploads\/2024\/10\/Forest-for-the-Trees-Zinc-Yellow-FV-scaled.jpg","contentUrl":"https:\/\/functionals.com\/wp-content\/uploads\/2024\/10\/Forest-for-the-Trees-Zinc-Yellow-FV-scaled.jpg","width":1707,"height":2560},{"@type":"BreadcrumbList","@id":"https:\/\/functionals.com\/fr\/portemanteaux\/forest-for-the-trees-2\/#breadcrumb","itemListElement":[{"@type":"ListItem","position":1,"name":"home","item":"https:\/\/functionals.com\/fr\/"},{"@type":"ListItem","position":2,"name":"produits","item":"https:\/\/functionals.com\/fr\/produits\/"},{"@type":"ListItem","position":3,"name":"forest for the trees"}]},{"@type":"WebSite","@id":"https:\/\/functionals.com\/fr\/#website","url":"https:\/\/functionals.com\/fr\/","name":"Functionals","description":"organising spaces","publisher":{"@id":"https:\/\/functionals.com\/fr\/#organization"},"potentialAction":[{"@type":"SearchAction","target":{"@type":"EntryPoint","urlTemplate":"https:\/\/functionals.com\/fr\/?s={search_term_string}"},"query-input":{"@type":"PropertyValueSpecification","valueRequired":true,"valueName":"search_term_string"}}],"inLanguage":"fr-FR"},{"@type":"Organization","@id":"https:\/\/functionals.com\/fr\/#organization","name":"Functionals","url":"https:\/\/functionals.com\/fr\/","logo":{"@type":"ImageObject","inLanguage":"fr-FR","@id":"https:\/\/functionals.com\/fr\/#\/schema\/logo\/image\/","url":"https:\/\/functionals.com\/wp-content\/uploads\/2024\/08\/Functionals-logo-5cm-300dpi.jpg","contentUrl":"https:\/\/functionals.com\/wp-content\/uploads\/2024\/08\/Functionals-logo-5cm-300dpi.jpg","width":591,"height":997,"caption":"Functionals"},"image":{"@id":"https:\/\/functionals.com\/fr\/#\/schema\/logo\/image\/"},"sameAs":["https:\/\/www.facebook.com\/functionals.eu","https:\/\/www.instagram.com\/functionals","https:\/\/www.linkedin.com\/company\/functionals-com"]}]}},"_links":{"self":[{"href":"https:\/\/functionals.com\/fr\/wp-json\/wp\/v2\/product\/26644","targetHints":{"allow":["GET"]}}],"collection":[{"href":"https:\/\/functionals.com\/fr\/wp-json\/wp\/v2\/product"}],"about":[{"href":"https:\/\/functionals.com\/fr\/wp-json\/wp\/v2\/types\/product"}],"wp:featuredmedia":[{"embeddable":true,"href":"https:\/\/functionals.com\/fr\/wp-json\/wp\/v2\/media\/6422"}],"wp:attachment":[{"href":"https:\/\/functionals.com\/fr\/wp-json\/wp\/v2\/media?parent=26644"}],"wp:term":[{"taxonomy":"product_brand","embeddable":true,"href":"https:\/\/functionals.com\/fr\/wp-json\/wp\/v2\/product_brand?post=26644"},{"taxonomy":"product_cat","embeddable":true,"href":"https:\/\/functionals.com\/fr\/wp-json\/wp\/v2\/product_cat?post=26644"},{"taxonomy":"product_tag","embeddable":true,"href":"https:\/\/functionals.com\/fr\/wp-json\/wp\/v2\/product_tag?post=26644"}],"curies":[{"name":"wp","href":"https:\/\/api.w.org\/{rel}","templated":true}]}}