{"id":26628,"date":"2024-10-03T11:34:01","date_gmt":"2024-10-03T09:34:01","guid":{"rendered":"https:\/\/functionals.com\/uncategorized\/emil-rosi-2\/"},"modified":"2024-10-03T11:34:01","modified_gmt":"2024-10-03T09:34:01","slug":"emil-rosi-2","status":"publish","type":"product","link":"https:\/\/functionals.com\/fr\/chaises\/emil-rosi-2\/","title":{"rendered":"emil rosi"},"content":{"rendered":"","protected":false},"excerpt":{"rendered":"<p>Savourez le luxe avec style gr\u00e2ce \u00e0 Emil Rosi. Ses dimensions g\u00e9n\u00e9reuses, sa forme enveloppante et son dossier en cuir somptueux rendent cette chaise d\u2019un confort exceptionnel. Utilisez Emil Rosi comme chaise de salle \u00e0 manger et conviez vos amis \u00e0 un d\u00eener en dix services. Placez-la dans le salon pour favoriser les longues conversations. Ou mettez vos clients \u00e0 l\u2019aise avec une ou deux Emil Rosi dans votre salle d\u2019attente ou lounge. Jamais le luxe n\u2019a \u00e9t\u00e9 aussi agr\u00e9able.     <\/p>\n","protected":false},"featured_media":6637,"template":"","meta":{"_acf_changed":false,"inline_featured_image":false},"product_brand":[],"product_cat":[144],"product_tag":[3353,3352],"class_list":{"0":"post-26628","1":"product","2":"type-product","3":"status-publish","4":"has-post-thumbnail","6":"product_cat-chaises","7":"product_tag-christoph-seyferth","8":"product_tag-leather","9":"pa_designer-christoph-seyferth-fr","11":"first","12":"instock","13":"taxable","14":"shipping-taxable","15":"purchasable","16":"product-type-variable"},"acf":[],"yoast_head":"<!-- This site is optimized with the Yoast SEO plugin v27.5 - https:\/\/yoast.com\/product\/yoast-seo-wordpress\/ -->\n<title>emil rosi - functionals<\/title>\n<meta name=\"robots\" content=\"index, follow, max-snippet:-1, max-image-preview:large, max-video-preview:-1\" \/>\n<link rel=\"canonical\" href=\"https:\/\/functionals.com\/fr\/chaises\/emil-rosi-2\/\" \/>\n<meta property=\"og:locale\" content=\"fr_FR\" \/>\n<meta property=\"og:type\" content=\"article\" \/>\n<meta property=\"og:title\" content=\"emil rosi - functionals\" \/>\n<meta property=\"og:description\" content=\"Savourez le luxe avec style gr\u00e2ce \u00e0 Emil Rosi. Ses dimensions g\u00e9n\u00e9reuses, sa forme enveloppante et son dossier en cuir somptueux rendent cette chaise d\u2019un confort exceptionnel. Utilisez Emil Rosi comme chaise de salle \u00e0 manger et conviez vos amis \u00e0 un d\u00eener en dix services. Placez-la dans le salon pour favoriser les longues conversations. Ou mettez vos clients \u00e0 l\u2019aise avec une ou deux Emil Rosi dans votre salle d\u2019attente ou lounge. Jamais le luxe n\u2019a \u00e9t\u00e9 aussi agr\u00e9able.\" \/>\n<meta property=\"og:url\" content=\"https:\/\/functionals.com\/fr\/chaises\/emil-rosi-2\/\" \/>\n<meta property=\"og:site_name\" content=\"functionals\" \/>\n<meta property=\"article:publisher\" content=\"https:\/\/www.facebook.com\/functionals.eu\" \/>\n<meta property=\"og:image\" content=\"https:\/\/functionals.com\/wp-content\/uploads\/2024\/10\/Emil-Rosi-Mushroom.Oak_.Cognac-FV-scaled.jpg\" \/>\n\t<meta property=\"og:image:width\" content=\"1707\" \/>\n\t<meta property=\"og:image:height\" content=\"2560\" \/>\n\t<meta property=\"og:image:type\" content=\"image\/jpeg\" \/>\n<meta name=\"twitter:card\" content=\"summary_large_image\" \/>\n<script type=\"application\/ld+json\" class=\"yoast-schema-graph\">{\"@context\":\"https:\\\/\\\/schema.org\",\"@graph\":[{\"@type\":\"WebPage\",\"@id\":\"https:\\\/\\\/functionals.com\\\/fr\\\/chaises\\\/emil-rosi-2\\\/\",\"url\":\"https:\\\/\\\/functionals.com\\\/fr\\\/chaises\\\/emil-rosi-2\\\/\",\"name\":\"emil rosi - functionals\",\"isPartOf\":{\"@id\":\"https:\\\/\\\/functionals.com\\\/fr\\\/#website\"},\"primaryImageOfPage\":{\"@id\":\"https:\\\/\\\/functionals.com\\\/fr\\\/chaises\\\/emil-rosi-2\\\/#primaryimage\"},\"image\":{\"@id\":\"https:\\\/\\\/functionals.com\\\/fr\\\/chaises\\\/emil-rosi-2\\\/#primaryimage\"},\"thumbnailUrl\":\"https:\\\/\\\/functionals.com\\\/wp-content\\\/uploads\\\/2024\\\/10\\\/Emil-Rosi-Mushroom.Oak_.Cognac-FV-scaled.jpg\",\"datePublished\":\"2024-10-03T09:34:01+00:00\",\"breadcrumb\":{\"@id\":\"https:\\\/\\\/functionals.com\\\/fr\\\/chaises\\\/emil-rosi-2\\\/#breadcrumb\"},\"inLanguage\":\"fr-FR\",\"potentialAction\":[{\"@type\":\"ReadAction\",\"target\":[\"https:\\\/\\\/functionals.com\\\/fr\\\/chaises\\\/emil-rosi-2\\\/\"]}],\"author\":{\"@type\":\"Organization\",\"name\":\"Heabb\",\"url\":\"https:\\\/\\\/heabb.nl\"}},{\"@type\":\"ImageObject\",\"inLanguage\":\"fr-FR\",\"@id\":\"https:\\\/\\\/functionals.com\\\/fr\\\/chaises\\\/emil-rosi-2\\\/#primaryimage\",\"url\":\"https:\\\/\\\/functionals.com\\\/wp-content\\\/uploads\\\/2024\\\/10\\\/Emil-Rosi-Mushroom.Oak_.Cognac-FV-scaled.jpg\",\"contentUrl\":\"https:\\\/\\\/functionals.com\\\/wp-content\\\/uploads\\\/2024\\\/10\\\/Emil-Rosi-Mushroom.Oak_.Cognac-FV-scaled.jpg\",\"width\":1707,\"height\":2560},{\"@type\":\"BreadcrumbList\",\"@id\":\"https:\\\/\\\/functionals.com\\\/fr\\\/chaises\\\/emil-rosi-2\\\/#breadcrumb\",\"itemListElement\":[{\"@type\":\"ListItem\",\"position\":1,\"name\":\"home\",\"item\":\"https:\\\/\\\/functionals.com\\\/fr\\\/\"},{\"@type\":\"ListItem\",\"position\":2,\"name\":\"produits\",\"item\":\"https:\\\/\\\/functionals.com\\\/fr\\\/produits\\\/\"},{\"@type\":\"ListItem\",\"position\":3,\"name\":\"emil rosi\"}]},{\"@type\":\"WebSite\",\"@id\":\"https:\\\/\\\/functionals.com\\\/fr\\\/#website\",\"url\":\"https:\\\/\\\/functionals.com\\\/fr\\\/\",\"name\":\"Functionals\",\"description\":\"organising spaces\",\"publisher\":{\"@id\":\"https:\\\/\\\/functionals.com\\\/fr\\\/#organization\"},\"potentialAction\":[{\"@type\":\"SearchAction\",\"target\":{\"@type\":\"EntryPoint\",\"urlTemplate\":\"https:\\\/\\\/functionals.com\\\/fr\\\/?s={search_term_string}\"},\"query-input\":{\"@type\":\"PropertyValueSpecification\",\"valueRequired\":true,\"valueName\":\"search_term_string\"}}],\"inLanguage\":\"fr-FR\"},{\"@type\":\"Organization\",\"@id\":\"https:\\\/\\\/functionals.com\\\/fr\\\/#organization\",\"name\":\"Functionals\",\"url\":\"https:\\\/\\\/functionals.com\\\/fr\\\/\",\"logo\":{\"@type\":\"ImageObject\",\"inLanguage\":\"fr-FR\",\"@id\":\"https:\\\/\\\/functionals.com\\\/fr\\\/#\\\/schema\\\/logo\\\/image\\\/\",\"url\":\"https:\\\/\\\/functionals.com\\\/wp-content\\\/uploads\\\/2024\\\/08\\\/Functionals-logo-5cm-300dpi.jpg\",\"contentUrl\":\"https:\\\/\\\/functionals.com\\\/wp-content\\\/uploads\\\/2024\\\/08\\\/Functionals-logo-5cm-300dpi.jpg\",\"width\":591,\"height\":997,\"caption\":\"Functionals\"},\"image\":{\"@id\":\"https:\\\/\\\/functionals.com\\\/fr\\\/#\\\/schema\\\/logo\\\/image\\\/\"},\"sameAs\":[\"https:\\\/\\\/www.facebook.com\\\/functionals.eu\",\"https:\\\/\\\/www.instagram.com\\\/functionals\",\"https:\\\/\\\/www.linkedin.com\\\/company\\\/functionals-com\"]}]}<\/script>\n<!-- \/ Yoast SEO plugin. -->","yoast_head_json":{"title":"emil rosi - functionals","robots":{"index":"index","follow":"follow","max-snippet":"max-snippet:-1","max-image-preview":"max-image-preview:large","max-video-preview":"max-video-preview:-1"},"canonical":"https:\/\/functionals.com\/fr\/chaises\/emil-rosi-2\/","og_locale":"fr_FR","og_type":"article","og_title":"emil rosi - functionals","og_description":"Savourez le luxe avec style gr\u00e2ce \u00e0 Emil Rosi. Ses dimensions g\u00e9n\u00e9reuses, sa forme enveloppante et son dossier en cuir somptueux rendent cette chaise d\u2019un confort exceptionnel. Utilisez Emil Rosi comme chaise de salle \u00e0 manger et conviez vos amis \u00e0 un d\u00eener en dix services. Placez-la dans le salon pour favoriser les longues conversations. Ou mettez vos clients \u00e0 l\u2019aise avec une ou deux Emil Rosi dans votre salle d\u2019attente ou lounge. Jamais le luxe n\u2019a \u00e9t\u00e9 aussi agr\u00e9able.","og_url":"https:\/\/functionals.com\/fr\/chaises\/emil-rosi-2\/","og_site_name":"functionals","article_publisher":"https:\/\/www.facebook.com\/functionals.eu","og_image":[{"width":1707,"height":2560,"url":"https:\/\/functionals.com\/wp-content\/uploads\/2024\/10\/Emil-Rosi-Mushroom.Oak_.Cognac-FV-scaled.jpg","type":"image\/jpeg"}],"twitter_card":"summary_large_image","schema":{"@context":"https:\/\/schema.org","@graph":[{"@type":"WebPage","@id":"https:\/\/functionals.com\/fr\/chaises\/emil-rosi-2\/","url":"https:\/\/functionals.com\/fr\/chaises\/emil-rosi-2\/","name":"emil rosi - functionals","isPartOf":{"@id":"https:\/\/functionals.com\/fr\/#website"},"primaryImageOfPage":{"@id":"https:\/\/functionals.com\/fr\/chaises\/emil-rosi-2\/#primaryimage"},"image":{"@id":"https:\/\/functionals.com\/fr\/chaises\/emil-rosi-2\/#primaryimage"},"thumbnailUrl":"https:\/\/functionals.com\/wp-content\/uploads\/2024\/10\/Emil-Rosi-Mushroom.Oak_.Cognac-FV-scaled.jpg","datePublished":"2024-10-03T09:34:01+00:00","breadcrumb":{"@id":"https:\/\/functionals.com\/fr\/chaises\/emil-rosi-2\/#breadcrumb"},"inLanguage":"fr-FR","potentialAction":[{"@type":"ReadAction","target":["https:\/\/functionals.com\/fr\/chaises\/emil-rosi-2\/"]}],"author":{"@type":"Organization","name":"Heabb","url":"https:\/\/heabb.nl"}},{"@type":"ImageObject","inLanguage":"fr-FR","@id":"https:\/\/functionals.com\/fr\/chaises\/emil-rosi-2\/#primaryimage","url":"https:\/\/functionals.com\/wp-content\/uploads\/2024\/10\/Emil-Rosi-Mushroom.Oak_.Cognac-FV-scaled.jpg","contentUrl":"https:\/\/functionals.com\/wp-content\/uploads\/2024\/10\/Emil-Rosi-Mushroom.Oak_.Cognac-FV-scaled.jpg","width":1707,"height":2560},{"@type":"BreadcrumbList","@id":"https:\/\/functionals.com\/fr\/chaises\/emil-rosi-2\/#breadcrumb","itemListElement":[{"@type":"ListItem","position":1,"name":"home","item":"https:\/\/functionals.com\/fr\/"},{"@type":"ListItem","position":2,"name":"produits","item":"https:\/\/functionals.com\/fr\/produits\/"},{"@type":"ListItem","position":3,"name":"emil rosi"}]},{"@type":"WebSite","@id":"https:\/\/functionals.com\/fr\/#website","url":"https:\/\/functionals.com\/fr\/","name":"Functionals","description":"organising spaces","publisher":{"@id":"https:\/\/functionals.com\/fr\/#organization"},"potentialAction":[{"@type":"SearchAction","target":{"@type":"EntryPoint","urlTemplate":"https:\/\/functionals.com\/fr\/?s={search_term_string}"},"query-input":{"@type":"PropertyValueSpecification","valueRequired":true,"valueName":"search_term_string"}}],"inLanguage":"fr-FR"},{"@type":"Organization","@id":"https:\/\/functionals.com\/fr\/#organization","name":"Functionals","url":"https:\/\/functionals.com\/fr\/","logo":{"@type":"ImageObject","inLanguage":"fr-FR","@id":"https:\/\/functionals.com\/fr\/#\/schema\/logo\/image\/","url":"https:\/\/functionals.com\/wp-content\/uploads\/2024\/08\/Functionals-logo-5cm-300dpi.jpg","contentUrl":"https:\/\/functionals.com\/wp-content\/uploads\/2024\/08\/Functionals-logo-5cm-300dpi.jpg","width":591,"height":997,"caption":"Functionals"},"image":{"@id":"https:\/\/functionals.com\/fr\/#\/schema\/logo\/image\/"},"sameAs":["https:\/\/www.facebook.com\/functionals.eu","https:\/\/www.instagram.com\/functionals","https:\/\/www.linkedin.com\/company\/functionals-com"]}]}},"_links":{"self":[{"href":"https:\/\/functionals.com\/fr\/wp-json\/wp\/v2\/product\/26628","targetHints":{"allow":["GET"]}}],"collection":[{"href":"https:\/\/functionals.com\/fr\/wp-json\/wp\/v2\/product"}],"about":[{"href":"https:\/\/functionals.com\/fr\/wp-json\/wp\/v2\/types\/product"}],"wp:featuredmedia":[{"embeddable":true,"href":"https:\/\/functionals.com\/fr\/wp-json\/wp\/v2\/media\/6637"}],"wp:attachment":[{"href":"https:\/\/functionals.com\/fr\/wp-json\/wp\/v2\/media?parent=26628"}],"wp:term":[{"taxonomy":"product_brand","embeddable":true,"href":"https:\/\/functionals.com\/fr\/wp-json\/wp\/v2\/product_brand?post=26628"},{"taxonomy":"product_cat","embeddable":true,"href":"https:\/\/functionals.com\/fr\/wp-json\/wp\/v2\/product_cat?post=26628"},{"taxonomy":"product_tag","embeddable":true,"href":"https:\/\/functionals.com\/fr\/wp-json\/wp\/v2\/product_tag?post=26628"}],"curies":[{"name":"wp","href":"https:\/\/api.w.org\/{rel}","templated":true}]}}