{"id":26625,"date":"2024-08-07T03:14:57","date_gmt":"2024-08-07T01:14:57","guid":{"rendered":"https:\/\/functionals.com\/uncategorized\/dunk-2-2\/"},"modified":"2025-12-01T09:54:44","modified_gmt":"2025-12-01T08:54:44","slug":"dunk-2-2","status":"publish","type":"product","link":"https:\/\/functionals.com\/fr\/poubelles\/dunk-2-2\/","title":{"rendered":"dunk 2"},"content":{"rendered":"<p>Dunk 2<\/p>\n","protected":false},"excerpt":{"rendered":"<p>Voici Dunk. La poubelle qui se distingue par son design, sa fonctionnalit\u00e9 et son prix. Le design sobre et intemporel de Frans de la Haye s\u2019int\u00e8gre parfaitement dans les espaces publics et commerciaux. Nous appelons cela trier avec style. Dunk 1 est \u00e9quip\u00e9e d\u2019un bac int\u00e9rieur amovible et \u00e9tanche d\u2019une capacit\u00e9 de 60 litres.    <\/p>\n","protected":false},"featured_media":13905,"template":"","meta":{"_acf_changed":false,"inline_featured_image":false},"product_brand":[],"product_cat":[665],"product_tag":[],"class_list":{"0":"post-26625","1":"product","2":"type-product","3":"status-publish","4":"has-post-thumbnail","6":"product_cat-poubelles","7":"pa_designer-frans-de-la-haye-fr","9":"first","10":"instock","11":"taxable","12":"shipping-taxable","13":"purchasable","14":"product-type-simple"},"acf":[],"yoast_head":"<!-- This site is optimized with the Yoast SEO plugin v27.5 - https:\/\/yoast.com\/product\/yoast-seo-wordpress\/ -->\n<title>dunk 2 - functionals<\/title>\n<meta name=\"robots\" content=\"index, follow, max-snippet:-1, max-image-preview:large, max-video-preview:-1\" \/>\n<link rel=\"canonical\" href=\"https:\/\/functionals.com\/fr\/poubelles\/dunk-2-2\/\" \/>\n<meta property=\"og:locale\" content=\"fr_FR\" \/>\n<meta property=\"og:type\" content=\"article\" \/>\n<meta property=\"og:title\" content=\"dunk 2 - functionals\" \/>\n<meta property=\"og:description\" content=\"Voici Dunk. La poubelle qui se distingue par son design, sa fonctionnalit\u00e9 et son prix. Le design sobre et intemporel de Frans de la Haye s\u2019int\u00e8gre parfaitement dans les espaces publics et commerciaux. Nous appelons cela trier avec style. Dunk 1 est \u00e9quip\u00e9e d\u2019un bac int\u00e9rieur amovible et \u00e9tanche d\u2019une capacit\u00e9 de 60 litres.\" \/>\n<meta property=\"og:url\" content=\"https:\/\/functionals.com\/fr\/poubelles\/dunk-2-2\/\" \/>\n<meta property=\"og:site_name\" content=\"functionals\" \/>\n<meta property=\"article:publisher\" content=\"https:\/\/www.facebook.com\/functionals.eu\" \/>\n<meta property=\"article:modified_time\" content=\"2025-12-01T08:54:44+00:00\" \/>\n<meta property=\"og:image\" content=\"https:\/\/functionals.com\/wp-content\/uploads\/2024\/12\/family-portait-1.jpg\" \/>\n\t<meta property=\"og:image:width\" content=\"2000\" \/>\n\t<meta property=\"og:image:height\" content=\"1317\" \/>\n\t<meta property=\"og:image:type\" content=\"image\/jpeg\" \/>\n<meta name=\"twitter:card\" content=\"summary_large_image\" \/>\n<script type=\"application\/ld+json\" class=\"yoast-schema-graph\">{\"@context\":\"https:\\\/\\\/schema.org\",\"@graph\":[{\"@type\":\"WebPage\",\"@id\":\"https:\\\/\\\/functionals.com\\\/fr\\\/poubelles\\\/dunk-2-2\\\/\",\"url\":\"https:\\\/\\\/functionals.com\\\/fr\\\/poubelles\\\/dunk-2-2\\\/\",\"name\":\"dunk 2 - functionals\",\"isPartOf\":{\"@id\":\"https:\\\/\\\/functionals.com\\\/fr\\\/#website\"},\"primaryImageOfPage\":{\"@id\":\"https:\\\/\\\/functionals.com\\\/fr\\\/poubelles\\\/dunk-2-2\\\/#primaryimage\"},\"image\":{\"@id\":\"https:\\\/\\\/functionals.com\\\/fr\\\/poubelles\\\/dunk-2-2\\\/#primaryimage\"},\"thumbnailUrl\":\"https:\\\/\\\/functionals.com\\\/wp-content\\\/uploads\\\/2024\\\/08\\\/Dunk-2-Stone-Grey-FV.jpg\",\"datePublished\":\"2024-08-07T01:14:57+00:00\",\"dateModified\":\"2025-12-01T08:54:44+00:00\",\"breadcrumb\":{\"@id\":\"https:\\\/\\\/functionals.com\\\/fr\\\/poubelles\\\/dunk-2-2\\\/#breadcrumb\"},\"inLanguage\":\"fr-FR\",\"potentialAction\":[{\"@type\":\"ReadAction\",\"target\":[\"https:\\\/\\\/functionals.com\\\/fr\\\/poubelles\\\/dunk-2-2\\\/\"]}],\"author\":{\"@type\":\"Organization\",\"name\":\"Heabb\",\"url\":\"https:\\\/\\\/heabb.nl\"}},{\"@type\":\"ImageObject\",\"inLanguage\":\"fr-FR\",\"@id\":\"https:\\\/\\\/functionals.com\\\/fr\\\/poubelles\\\/dunk-2-2\\\/#primaryimage\",\"url\":\"https:\\\/\\\/functionals.com\\\/wp-content\\\/uploads\\\/2024\\\/08\\\/Dunk-2-Stone-Grey-FV.jpg\",\"contentUrl\":\"https:\\\/\\\/functionals.com\\\/wp-content\\\/uploads\\\/2024\\\/08\\\/Dunk-2-Stone-Grey-FV.jpg\",\"width\":850,\"height\":1276},{\"@type\":\"BreadcrumbList\",\"@id\":\"https:\\\/\\\/functionals.com\\\/fr\\\/poubelles\\\/dunk-2-2\\\/#breadcrumb\",\"itemListElement\":[{\"@type\":\"ListItem\",\"position\":1,\"name\":\"home\",\"item\":\"https:\\\/\\\/functionals.com\\\/fr\\\/\"},{\"@type\":\"ListItem\",\"position\":2,\"name\":\"produits\",\"item\":\"https:\\\/\\\/functionals.com\\\/fr\\\/produits\\\/\"},{\"@type\":\"ListItem\",\"position\":3,\"name\":\"dunk 2\"}]},{\"@type\":\"WebSite\",\"@id\":\"https:\\\/\\\/functionals.com\\\/fr\\\/#website\",\"url\":\"https:\\\/\\\/functionals.com\\\/fr\\\/\",\"name\":\"Functionals\",\"description\":\"organising spaces\",\"publisher\":{\"@id\":\"https:\\\/\\\/functionals.com\\\/fr\\\/#organization\"},\"potentialAction\":[{\"@type\":\"SearchAction\",\"target\":{\"@type\":\"EntryPoint\",\"urlTemplate\":\"https:\\\/\\\/functionals.com\\\/fr\\\/?s={search_term_string}\"},\"query-input\":{\"@type\":\"PropertyValueSpecification\",\"valueRequired\":true,\"valueName\":\"search_term_string\"}}],\"inLanguage\":\"fr-FR\"},{\"@type\":\"Organization\",\"@id\":\"https:\\\/\\\/functionals.com\\\/fr\\\/#organization\",\"name\":\"Functionals\",\"url\":\"https:\\\/\\\/functionals.com\\\/fr\\\/\",\"logo\":{\"@type\":\"ImageObject\",\"inLanguage\":\"fr-FR\",\"@id\":\"https:\\\/\\\/functionals.com\\\/fr\\\/#\\\/schema\\\/logo\\\/image\\\/\",\"url\":\"https:\\\/\\\/functionals.com\\\/wp-content\\\/uploads\\\/2024\\\/08\\\/Functionals-logo-5cm-300dpi.jpg\",\"contentUrl\":\"https:\\\/\\\/functionals.com\\\/wp-content\\\/uploads\\\/2024\\\/08\\\/Functionals-logo-5cm-300dpi.jpg\",\"width\":591,\"height\":997,\"caption\":\"Functionals\"},\"image\":{\"@id\":\"https:\\\/\\\/functionals.com\\\/fr\\\/#\\\/schema\\\/logo\\\/image\\\/\"},\"sameAs\":[\"https:\\\/\\\/www.facebook.com\\\/functionals.eu\",\"https:\\\/\\\/www.instagram.com\\\/functionals\",\"https:\\\/\\\/www.linkedin.com\\\/company\\\/functionals-com\"]}]}<\/script>\n<!-- \/ Yoast SEO plugin. -->","yoast_head_json":{"title":"dunk 2 - functionals","robots":{"index":"index","follow":"follow","max-snippet":"max-snippet:-1","max-image-preview":"max-image-preview:large","max-video-preview":"max-video-preview:-1"},"canonical":"https:\/\/functionals.com\/fr\/poubelles\/dunk-2-2\/","og_locale":"fr_FR","og_type":"article","og_title":"dunk 2 - functionals","og_description":"Voici Dunk. La poubelle qui se distingue par son design, sa fonctionnalit\u00e9 et son prix. Le design sobre et intemporel de Frans de la Haye s\u2019int\u00e8gre parfaitement dans les espaces publics et commerciaux. Nous appelons cela trier avec style. Dunk 1 est \u00e9quip\u00e9e d\u2019un bac int\u00e9rieur amovible et \u00e9tanche d\u2019une capacit\u00e9 de 60 litres.","og_url":"https:\/\/functionals.com\/fr\/poubelles\/dunk-2-2\/","og_site_name":"functionals","article_publisher":"https:\/\/www.facebook.com\/functionals.eu","article_modified_time":"2025-12-01T08:54:44+00:00","og_image":[{"width":2000,"height":1317,"url":"https:\/\/functionals.com\/wp-content\/uploads\/2024\/12\/family-portait-1.jpg","type":"image\/jpeg"}],"twitter_card":"summary_large_image","schema":{"@context":"https:\/\/schema.org","@graph":[{"@type":"WebPage","@id":"https:\/\/functionals.com\/fr\/poubelles\/dunk-2-2\/","url":"https:\/\/functionals.com\/fr\/poubelles\/dunk-2-2\/","name":"dunk 2 - functionals","isPartOf":{"@id":"https:\/\/functionals.com\/fr\/#website"},"primaryImageOfPage":{"@id":"https:\/\/functionals.com\/fr\/poubelles\/dunk-2-2\/#primaryimage"},"image":{"@id":"https:\/\/functionals.com\/fr\/poubelles\/dunk-2-2\/#primaryimage"},"thumbnailUrl":"https:\/\/functionals.com\/wp-content\/uploads\/2024\/08\/Dunk-2-Stone-Grey-FV.jpg","datePublished":"2024-08-07T01:14:57+00:00","dateModified":"2025-12-01T08:54:44+00:00","breadcrumb":{"@id":"https:\/\/functionals.com\/fr\/poubelles\/dunk-2-2\/#breadcrumb"},"inLanguage":"fr-FR","potentialAction":[{"@type":"ReadAction","target":["https:\/\/functionals.com\/fr\/poubelles\/dunk-2-2\/"]}],"author":{"@type":"Organization","name":"Heabb","url":"https:\/\/heabb.nl"}},{"@type":"ImageObject","inLanguage":"fr-FR","@id":"https:\/\/functionals.com\/fr\/poubelles\/dunk-2-2\/#primaryimage","url":"https:\/\/functionals.com\/wp-content\/uploads\/2024\/08\/Dunk-2-Stone-Grey-FV.jpg","contentUrl":"https:\/\/functionals.com\/wp-content\/uploads\/2024\/08\/Dunk-2-Stone-Grey-FV.jpg","width":850,"height":1276},{"@type":"BreadcrumbList","@id":"https:\/\/functionals.com\/fr\/poubelles\/dunk-2-2\/#breadcrumb","itemListElement":[{"@type":"ListItem","position":1,"name":"home","item":"https:\/\/functionals.com\/fr\/"},{"@type":"ListItem","position":2,"name":"produits","item":"https:\/\/functionals.com\/fr\/produits\/"},{"@type":"ListItem","position":3,"name":"dunk 2"}]},{"@type":"WebSite","@id":"https:\/\/functionals.com\/fr\/#website","url":"https:\/\/functionals.com\/fr\/","name":"Functionals","description":"organising spaces","publisher":{"@id":"https:\/\/functionals.com\/fr\/#organization"},"potentialAction":[{"@type":"SearchAction","target":{"@type":"EntryPoint","urlTemplate":"https:\/\/functionals.com\/fr\/?s={search_term_string}"},"query-input":{"@type":"PropertyValueSpecification","valueRequired":true,"valueName":"search_term_string"}}],"inLanguage":"fr-FR"},{"@type":"Organization","@id":"https:\/\/functionals.com\/fr\/#organization","name":"Functionals","url":"https:\/\/functionals.com\/fr\/","logo":{"@type":"ImageObject","inLanguage":"fr-FR","@id":"https:\/\/functionals.com\/fr\/#\/schema\/logo\/image\/","url":"https:\/\/functionals.com\/wp-content\/uploads\/2024\/08\/Functionals-logo-5cm-300dpi.jpg","contentUrl":"https:\/\/functionals.com\/wp-content\/uploads\/2024\/08\/Functionals-logo-5cm-300dpi.jpg","width":591,"height":997,"caption":"Functionals"},"image":{"@id":"https:\/\/functionals.com\/fr\/#\/schema\/logo\/image\/"},"sameAs":["https:\/\/www.facebook.com\/functionals.eu","https:\/\/www.instagram.com\/functionals","https:\/\/www.linkedin.com\/company\/functionals-com"]}]}},"_links":{"self":[{"href":"https:\/\/functionals.com\/fr\/wp-json\/wp\/v2\/product\/26625","targetHints":{"allow":["GET"]}}],"collection":[{"href":"https:\/\/functionals.com\/fr\/wp-json\/wp\/v2\/product"}],"about":[{"href":"https:\/\/functionals.com\/fr\/wp-json\/wp\/v2\/types\/product"}],"wp:featuredmedia":[{"embeddable":true,"href":"https:\/\/functionals.com\/fr\/wp-json\/wp\/v2\/media\/13905"}],"wp:attachment":[{"href":"https:\/\/functionals.com\/fr\/wp-json\/wp\/v2\/media?parent=26625"}],"wp:term":[{"taxonomy":"product_brand","embeddable":true,"href":"https:\/\/functionals.com\/fr\/wp-json\/wp\/v2\/product_brand?post=26625"},{"taxonomy":"product_cat","embeddable":true,"href":"https:\/\/functionals.com\/fr\/wp-json\/wp\/v2\/product_cat?post=26625"},{"taxonomy":"product_tag","embeddable":true,"href":"https:\/\/functionals.com\/fr\/wp-json\/wp\/v2\/product_tag?post=26625"}],"curies":[{"name":"wp","href":"https:\/\/api.w.org\/{rel}","templated":true}]}}