{"id":26616,"date":"2024-08-21T12:48:59","date_gmt":"2024-08-21T10:48:59","guid":{"rendered":"https:\/\/functionals.com\/uncategorized\/dovetail-bench-2\/"},"modified":"2024-08-21T12:48:59","modified_gmt":"2024-08-21T10:48:59","slug":"dovetail-bench-2","status":"publish","type":"product","link":"https:\/\/functionals.com\/fr\/bancs\/dovetail-bench-2\/","title":{"rendered":"dovetail bench"},"content":{"rendered":"<p>Dovetail Bench<\/p>\n","protected":false},"excerpt":{"rendered":"<p>Fabriqu\u00e9 en ch\u00eane europ\u00e9en au toucher soyeux, le banc Dovetail apporte une touche chaleureuse et accueillante \u00e0 un int\u00e9rieur, qu\u2019il soit domestique ou professionnel. Ses lignes \u00e9pur\u00e9es sont r\u00e9solument modernes, mais la simplicit\u00e9 de sa forme lui conf\u00e8re une dimension intemporelle. En y regardant de plus pr\u00e8s, on d\u00e9couvre une technique ancestrale : l\u2019assemblage en queue d\u2019aronde. L\u2019embo\u00eetement des rainures et des cr\u00eates cr\u00e9e une connexion solide mais souple entre les pi\u00e8ces de bois. Ce banc met cet artisanat en valeur, en faisant de l\u2019assemblage la vedette du design.   <\/p>\n","protected":false},"featured_media":21899,"template":"","meta":{"_acf_changed":false,"inline_featured_image":false},"product_brand":[],"product_cat":[147],"product_tag":[3353],"class_list":{"0":"post-26616","1":"product","2":"type-product","3":"status-publish","4":"has-post-thumbnail","6":"product_cat-bancs","7":"product_tag-christoph-seyferth","8":"pa_designer-christoph-seyferth-fr","10":"first","11":"instock","12":"taxable","13":"shipping-taxable","14":"purchasable","15":"product-type-simple"},"acf":[],"yoast_head":"<!-- This site is optimized with the Yoast SEO plugin v27.5 - https:\/\/yoast.com\/product\/yoast-seo-wordpress\/ -->\n<title>dovetail bench - functionals<\/title>\n<meta name=\"robots\" content=\"index, follow, max-snippet:-1, max-image-preview:large, max-video-preview:-1\" \/>\n<link rel=\"canonical\" href=\"https:\/\/functionals.com\/fr\/bancs\/dovetail-bench-2\/\" \/>\n<meta property=\"og:locale\" content=\"fr_FR\" \/>\n<meta property=\"og:type\" content=\"article\" \/>\n<meta property=\"og:title\" content=\"dovetail bench - functionals\" \/>\n<meta property=\"og:description\" content=\"Fabriqu\u00e9 en ch\u00eane europ\u00e9en au toucher soyeux, le banc Dovetail apporte une touche chaleureuse et accueillante \u00e0 un int\u00e9rieur, qu\u2019il soit domestique ou professionnel. Ses lignes \u00e9pur\u00e9es sont r\u00e9solument modernes, mais la simplicit\u00e9 de sa forme lui conf\u00e8re une dimension intemporelle. En y regardant de plus pr\u00e8s, on d\u00e9couvre une technique ancestrale : l\u2019assemblage en queue d\u2019aronde. L\u2019embo\u00eetement des rainures et des cr\u00eates cr\u00e9e une connexion solide mais souple entre les pi\u00e8ces de bois. Ce banc met cet artisanat en valeur, en faisant de l\u2019assemblage la vedette du design.\" \/>\n<meta property=\"og:url\" content=\"https:\/\/functionals.com\/fr\/bancs\/dovetail-bench-2\/\" \/>\n<meta property=\"og:site_name\" content=\"functionals\" \/>\n<meta property=\"article:publisher\" content=\"https:\/\/www.facebook.com\/functionals.eu\" \/>\n<meta property=\"og:image\" content=\"https:\/\/functionals.com\/wp-content\/uploads\/2024\/08\/Dovetail-Bench-FV-4-scaled.jpg\" \/>\n\t<meta property=\"og:image:width\" content=\"1707\" \/>\n\t<meta property=\"og:image:height\" content=\"2560\" \/>\n\t<meta property=\"og:image:type\" content=\"image\/jpeg\" \/>\n<meta name=\"twitter:card\" content=\"summary_large_image\" \/>\n<script type=\"application\/ld+json\" class=\"yoast-schema-graph\">{\"@context\":\"https:\\\/\\\/schema.org\",\"@graph\":[{\"@type\":\"WebPage\",\"@id\":\"https:\\\/\\\/functionals.com\\\/fr\\\/bancs\\\/dovetail-bench-2\\\/\",\"url\":\"https:\\\/\\\/functionals.com\\\/fr\\\/bancs\\\/dovetail-bench-2\\\/\",\"name\":\"dovetail bench - functionals\",\"isPartOf\":{\"@id\":\"https:\\\/\\\/functionals.com\\\/fr\\\/#website\"},\"primaryImageOfPage\":{\"@id\":\"https:\\\/\\\/functionals.com\\\/fr\\\/bancs\\\/dovetail-bench-2\\\/#primaryimage\"},\"image\":{\"@id\":\"https:\\\/\\\/functionals.com\\\/fr\\\/bancs\\\/dovetail-bench-2\\\/#primaryimage\"},\"thumbnailUrl\":\"https:\\\/\\\/functionals.com\\\/wp-content\\\/uploads\\\/2024\\\/08\\\/Dovetail-Bench-FV-4-scaled.jpg\",\"datePublished\":\"2024-08-21T10:48:59+00:00\",\"breadcrumb\":{\"@id\":\"https:\\\/\\\/functionals.com\\\/fr\\\/bancs\\\/dovetail-bench-2\\\/#breadcrumb\"},\"inLanguage\":\"fr-FR\",\"potentialAction\":[{\"@type\":\"ReadAction\",\"target\":[\"https:\\\/\\\/functionals.com\\\/fr\\\/bancs\\\/dovetail-bench-2\\\/\"]}],\"author\":{\"@type\":\"Organization\",\"name\":\"Heabb\",\"url\":\"https:\\\/\\\/heabb.nl\"}},{\"@type\":\"ImageObject\",\"inLanguage\":\"fr-FR\",\"@id\":\"https:\\\/\\\/functionals.com\\\/fr\\\/bancs\\\/dovetail-bench-2\\\/#primaryimage\",\"url\":\"https:\\\/\\\/functionals.com\\\/wp-content\\\/uploads\\\/2024\\\/08\\\/Dovetail-Bench-FV-4-scaled.jpg\",\"contentUrl\":\"https:\\\/\\\/functionals.com\\\/wp-content\\\/uploads\\\/2024\\\/08\\\/Dovetail-Bench-FV-4-scaled.jpg\",\"width\":1707,\"height\":2560},{\"@type\":\"BreadcrumbList\",\"@id\":\"https:\\\/\\\/functionals.com\\\/fr\\\/bancs\\\/dovetail-bench-2\\\/#breadcrumb\",\"itemListElement\":[{\"@type\":\"ListItem\",\"position\":1,\"name\":\"home\",\"item\":\"https:\\\/\\\/functionals.com\\\/fr\\\/\"},{\"@type\":\"ListItem\",\"position\":2,\"name\":\"produits\",\"item\":\"https:\\\/\\\/functionals.com\\\/fr\\\/produits\\\/\"},{\"@type\":\"ListItem\",\"position\":3,\"name\":\"dovetail bench\"}]},{\"@type\":\"WebSite\",\"@id\":\"https:\\\/\\\/functionals.com\\\/fr\\\/#website\",\"url\":\"https:\\\/\\\/functionals.com\\\/fr\\\/\",\"name\":\"Functionals\",\"description\":\"organising spaces\",\"publisher\":{\"@id\":\"https:\\\/\\\/functionals.com\\\/fr\\\/#organization\"},\"potentialAction\":[{\"@type\":\"SearchAction\",\"target\":{\"@type\":\"EntryPoint\",\"urlTemplate\":\"https:\\\/\\\/functionals.com\\\/fr\\\/?s={search_term_string}\"},\"query-input\":{\"@type\":\"PropertyValueSpecification\",\"valueRequired\":true,\"valueName\":\"search_term_string\"}}],\"inLanguage\":\"fr-FR\"},{\"@type\":\"Organization\",\"@id\":\"https:\\\/\\\/functionals.com\\\/fr\\\/#organization\",\"name\":\"Functionals\",\"url\":\"https:\\\/\\\/functionals.com\\\/fr\\\/\",\"logo\":{\"@type\":\"ImageObject\",\"inLanguage\":\"fr-FR\",\"@id\":\"https:\\\/\\\/functionals.com\\\/fr\\\/#\\\/schema\\\/logo\\\/image\\\/\",\"url\":\"https:\\\/\\\/functionals.com\\\/wp-content\\\/uploads\\\/2024\\\/08\\\/Functionals-logo-5cm-300dpi.jpg\",\"contentUrl\":\"https:\\\/\\\/functionals.com\\\/wp-content\\\/uploads\\\/2024\\\/08\\\/Functionals-logo-5cm-300dpi.jpg\",\"width\":591,\"height\":997,\"caption\":\"Functionals\"},\"image\":{\"@id\":\"https:\\\/\\\/functionals.com\\\/fr\\\/#\\\/schema\\\/logo\\\/image\\\/\"},\"sameAs\":[\"https:\\\/\\\/www.facebook.com\\\/functionals.eu\",\"https:\\\/\\\/www.instagram.com\\\/functionals\",\"https:\\\/\\\/www.linkedin.com\\\/company\\\/functionals-com\"]}]}<\/script>\n<!-- \/ Yoast SEO plugin. -->","yoast_head_json":{"title":"dovetail bench - functionals","robots":{"index":"index","follow":"follow","max-snippet":"max-snippet:-1","max-image-preview":"max-image-preview:large","max-video-preview":"max-video-preview:-1"},"canonical":"https:\/\/functionals.com\/fr\/bancs\/dovetail-bench-2\/","og_locale":"fr_FR","og_type":"article","og_title":"dovetail bench - functionals","og_description":"Fabriqu\u00e9 en ch\u00eane europ\u00e9en au toucher soyeux, le banc Dovetail apporte une touche chaleureuse et accueillante \u00e0 un int\u00e9rieur, qu\u2019il soit domestique ou professionnel. Ses lignes \u00e9pur\u00e9es sont r\u00e9solument modernes, mais la simplicit\u00e9 de sa forme lui conf\u00e8re une dimension intemporelle. En y regardant de plus pr\u00e8s, on d\u00e9couvre une technique ancestrale : l\u2019assemblage en queue d\u2019aronde. L\u2019embo\u00eetement des rainures et des cr\u00eates cr\u00e9e une connexion solide mais souple entre les pi\u00e8ces de bois. Ce banc met cet artisanat en valeur, en faisant de l\u2019assemblage la vedette du design.","og_url":"https:\/\/functionals.com\/fr\/bancs\/dovetail-bench-2\/","og_site_name":"functionals","article_publisher":"https:\/\/www.facebook.com\/functionals.eu","og_image":[{"width":1707,"height":2560,"url":"https:\/\/functionals.com\/wp-content\/uploads\/2024\/08\/Dovetail-Bench-FV-4-scaled.jpg","type":"image\/jpeg"}],"twitter_card":"summary_large_image","schema":{"@context":"https:\/\/schema.org","@graph":[{"@type":"WebPage","@id":"https:\/\/functionals.com\/fr\/bancs\/dovetail-bench-2\/","url":"https:\/\/functionals.com\/fr\/bancs\/dovetail-bench-2\/","name":"dovetail bench - functionals","isPartOf":{"@id":"https:\/\/functionals.com\/fr\/#website"},"primaryImageOfPage":{"@id":"https:\/\/functionals.com\/fr\/bancs\/dovetail-bench-2\/#primaryimage"},"image":{"@id":"https:\/\/functionals.com\/fr\/bancs\/dovetail-bench-2\/#primaryimage"},"thumbnailUrl":"https:\/\/functionals.com\/wp-content\/uploads\/2024\/08\/Dovetail-Bench-FV-4-scaled.jpg","datePublished":"2024-08-21T10:48:59+00:00","breadcrumb":{"@id":"https:\/\/functionals.com\/fr\/bancs\/dovetail-bench-2\/#breadcrumb"},"inLanguage":"fr-FR","potentialAction":[{"@type":"ReadAction","target":["https:\/\/functionals.com\/fr\/bancs\/dovetail-bench-2\/"]}],"author":{"@type":"Organization","name":"Heabb","url":"https:\/\/heabb.nl"}},{"@type":"ImageObject","inLanguage":"fr-FR","@id":"https:\/\/functionals.com\/fr\/bancs\/dovetail-bench-2\/#primaryimage","url":"https:\/\/functionals.com\/wp-content\/uploads\/2024\/08\/Dovetail-Bench-FV-4-scaled.jpg","contentUrl":"https:\/\/functionals.com\/wp-content\/uploads\/2024\/08\/Dovetail-Bench-FV-4-scaled.jpg","width":1707,"height":2560},{"@type":"BreadcrumbList","@id":"https:\/\/functionals.com\/fr\/bancs\/dovetail-bench-2\/#breadcrumb","itemListElement":[{"@type":"ListItem","position":1,"name":"home","item":"https:\/\/functionals.com\/fr\/"},{"@type":"ListItem","position":2,"name":"produits","item":"https:\/\/functionals.com\/fr\/produits\/"},{"@type":"ListItem","position":3,"name":"dovetail bench"}]},{"@type":"WebSite","@id":"https:\/\/functionals.com\/fr\/#website","url":"https:\/\/functionals.com\/fr\/","name":"Functionals","description":"organising spaces","publisher":{"@id":"https:\/\/functionals.com\/fr\/#organization"},"potentialAction":[{"@type":"SearchAction","target":{"@type":"EntryPoint","urlTemplate":"https:\/\/functionals.com\/fr\/?s={search_term_string}"},"query-input":{"@type":"PropertyValueSpecification","valueRequired":true,"valueName":"search_term_string"}}],"inLanguage":"fr-FR"},{"@type":"Organization","@id":"https:\/\/functionals.com\/fr\/#organization","name":"Functionals","url":"https:\/\/functionals.com\/fr\/","logo":{"@type":"ImageObject","inLanguage":"fr-FR","@id":"https:\/\/functionals.com\/fr\/#\/schema\/logo\/image\/","url":"https:\/\/functionals.com\/wp-content\/uploads\/2024\/08\/Functionals-logo-5cm-300dpi.jpg","contentUrl":"https:\/\/functionals.com\/wp-content\/uploads\/2024\/08\/Functionals-logo-5cm-300dpi.jpg","width":591,"height":997,"caption":"Functionals"},"image":{"@id":"https:\/\/functionals.com\/fr\/#\/schema\/logo\/image\/"},"sameAs":["https:\/\/www.facebook.com\/functionals.eu","https:\/\/www.instagram.com\/functionals","https:\/\/www.linkedin.com\/company\/functionals-com"]}]}},"_links":{"self":[{"href":"https:\/\/functionals.com\/fr\/wp-json\/wp\/v2\/product\/26616","targetHints":{"allow":["GET"]}}],"collection":[{"href":"https:\/\/functionals.com\/fr\/wp-json\/wp\/v2\/product"}],"about":[{"href":"https:\/\/functionals.com\/fr\/wp-json\/wp\/v2\/types\/product"}],"wp:featuredmedia":[{"embeddable":true,"href":"https:\/\/functionals.com\/fr\/wp-json\/wp\/v2\/media\/21899"}],"wp:attachment":[{"href":"https:\/\/functionals.com\/fr\/wp-json\/wp\/v2\/media?parent=26616"}],"wp:term":[{"taxonomy":"product_brand","embeddable":true,"href":"https:\/\/functionals.com\/fr\/wp-json\/wp\/v2\/product_brand?post=26616"},{"taxonomy":"product_cat","embeddable":true,"href":"https:\/\/functionals.com\/fr\/wp-json\/wp\/v2\/product_cat?post=26616"},{"taxonomy":"product_tag","embeddable":true,"href":"https:\/\/functionals.com\/fr\/wp-json\/wp\/v2\/product_tag?post=26616"}],"curies":[{"name":"wp","href":"https:\/\/api.w.org\/{rel}","templated":true}]}}