{"id":26178,"date":"2024-08-23T12:28:07","date_gmt":"2024-08-23T10:28:07","guid":{"rendered":"https:\/\/functionals.com\/uncategorized\/aquarius-sg-2\/"},"modified":"2024-08-23T12:28:07","modified_gmt":"2024-08-23T10:28:07","slug":"aquarius-sg-2","status":"publish","type":"product","link":"https:\/\/functionals.com\/fr\/casiers-en-acier\/aquarius-sg-2\/","title":{"rendered":"aquarius sg"},"content":{"rendered":"","protected":false},"excerpt":{"rendered":"<p>Si vous souhaitez ranger votre sac ou votre manteau en toute s\u00e9curit\u00e9, l\u2019Aquarius SG offre la solution. Le casier vestiaire est fabriqu\u00e9 en acier robuste et est disponible en standard avec des serrures \u00e0 cylindre ou des cadenas. Les casiers sont disponibles sur un socle, un cadre ou une combinaison cadre et banc. Le corps est disponible dans nos couleurs Functionals et vingt couleurs RAL sp\u00e9ciales, avec une finition \u00e0 texture fine. La tringle \u00e0 v\u00eatements assortie est \u00e9quip\u00e9e de trois crochets coulissants.    <\/p>\n","protected":false},"featured_media":13270,"template":"","meta":{"_acf_changed":false,"inline_featured_image":false},"product_brand":[],"product_cat":[187,186],"product_tag":[],"class_list":{"0":"post-26178","1":"product","2":"type-product","3":"status-publish","4":"has-post-thumbnail","6":"product_cat-casiers","7":"product_cat-casiers-en-acier","8":"pa_designer-functionals-team-fr","10":"first","11":"instock","12":"taxable","13":"shipping-taxable","14":"purchasable","15":"product-type-variable"},"acf":[],"yoast_head":"<!-- This site is optimized with the Yoast SEO plugin v27.5 - https:\/\/yoast.com\/product\/yoast-seo-wordpress\/ -->\n<title>aquarius sg - functionals<\/title>\n<meta name=\"robots\" content=\"index, follow, max-snippet:-1, max-image-preview:large, max-video-preview:-1\" \/>\n<link rel=\"canonical\" href=\"https:\/\/functionals.com\/fr\/casiers-en-acier\/aquarius-sg-2\/\" \/>\n<meta property=\"og:locale\" content=\"fr_FR\" \/>\n<meta property=\"og:type\" content=\"article\" \/>\n<meta property=\"og:title\" content=\"aquarius sg - functionals\" \/>\n<meta property=\"og:description\" content=\"Si vous souhaitez ranger votre sac ou votre manteau en toute s\u00e9curit\u00e9, l\u2019Aquarius SG offre la solution. Le casier vestiaire est fabriqu\u00e9 en acier robuste et est disponible en standard avec des serrures \u00e0 cylindre ou des cadenas. Les casiers sont disponibles sur un socle, un cadre ou une combinaison cadre et banc. Le corps est disponible dans nos couleurs Functionals et vingt couleurs RAL sp\u00e9ciales, avec une finition \u00e0 texture fine. La tringle \u00e0 v\u00eatements assortie est \u00e9quip\u00e9e de trois crochets coulissants.\" \/>\n<meta property=\"og:url\" content=\"https:\/\/functionals.com\/fr\/casiers-en-acier\/aquarius-sg-2\/\" \/>\n<meta property=\"og:site_name\" content=\"functionals\" \/>\n<meta property=\"article:publisher\" content=\"https:\/\/www.facebook.com\/functionals.eu\" \/>\n<meta property=\"og:image\" content=\"https:\/\/functionals.com\/wp-content\/uploads\/2024\/08\/Aquarius-SG3402-P-RAL9010-FV-scaled.jpg\" \/>\n\t<meta property=\"og:image:width\" content=\"1707\" \/>\n\t<meta property=\"og:image:height\" content=\"2560\" \/>\n\t<meta property=\"og:image:type\" content=\"image\/jpeg\" \/>\n<meta name=\"twitter:card\" content=\"summary_large_image\" \/>\n<script type=\"application\/ld+json\" class=\"yoast-schema-graph\">{\"@context\":\"https:\\\/\\\/schema.org\",\"@graph\":[{\"@type\":\"WebPage\",\"@id\":\"https:\\\/\\\/functionals.com\\\/fr\\\/casiers-en-acier\\\/aquarius-sg-2\\\/\",\"url\":\"https:\\\/\\\/functionals.com\\\/fr\\\/casiers-en-acier\\\/aquarius-sg-2\\\/\",\"name\":\"aquarius sg - functionals\",\"isPartOf\":{\"@id\":\"https:\\\/\\\/functionals.com\\\/fr\\\/#website\"},\"primaryImageOfPage\":{\"@id\":\"https:\\\/\\\/functionals.com\\\/fr\\\/casiers-en-acier\\\/aquarius-sg-2\\\/#primaryimage\"},\"image\":{\"@id\":\"https:\\\/\\\/functionals.com\\\/fr\\\/casiers-en-acier\\\/aquarius-sg-2\\\/#primaryimage\"},\"thumbnailUrl\":\"https:\\\/\\\/functionals.com\\\/wp-content\\\/uploads\\\/2024\\\/08\\\/Aquarius-SG3402-P-RAL9010-FV-scaled.jpg\",\"datePublished\":\"2024-08-23T10:28:07+00:00\",\"breadcrumb\":{\"@id\":\"https:\\\/\\\/functionals.com\\\/fr\\\/casiers-en-acier\\\/aquarius-sg-2\\\/#breadcrumb\"},\"inLanguage\":\"fr-FR\",\"potentialAction\":[{\"@type\":\"ReadAction\",\"target\":[\"https:\\\/\\\/functionals.com\\\/fr\\\/casiers-en-acier\\\/aquarius-sg-2\\\/\"]}],\"author\":{\"@type\":\"Organization\",\"name\":\"Heabb\",\"url\":\"https:\\\/\\\/heabb.nl\"}},{\"@type\":\"ImageObject\",\"inLanguage\":\"fr-FR\",\"@id\":\"https:\\\/\\\/functionals.com\\\/fr\\\/casiers-en-acier\\\/aquarius-sg-2\\\/#primaryimage\",\"url\":\"https:\\\/\\\/functionals.com\\\/wp-content\\\/uploads\\\/2024\\\/08\\\/Aquarius-SG3402-P-RAL9010-FV-scaled.jpg\",\"contentUrl\":\"https:\\\/\\\/functionals.com\\\/wp-content\\\/uploads\\\/2024\\\/08\\\/Aquarius-SG3402-P-RAL9010-FV-scaled.jpg\",\"width\":1707,\"height\":2560},{\"@type\":\"BreadcrumbList\",\"@id\":\"https:\\\/\\\/functionals.com\\\/fr\\\/casiers-en-acier\\\/aquarius-sg-2\\\/#breadcrumb\",\"itemListElement\":[{\"@type\":\"ListItem\",\"position\":1,\"name\":\"home\",\"item\":\"https:\\\/\\\/functionals.com\\\/fr\\\/\"},{\"@type\":\"ListItem\",\"position\":2,\"name\":\"produits\",\"item\":\"https:\\\/\\\/functionals.com\\\/fr\\\/produits\\\/\"},{\"@type\":\"ListItem\",\"position\":3,\"name\":\"aquarius sg\"}]},{\"@type\":\"WebSite\",\"@id\":\"https:\\\/\\\/functionals.com\\\/fr\\\/#website\",\"url\":\"https:\\\/\\\/functionals.com\\\/fr\\\/\",\"name\":\"Functionals\",\"description\":\"organising spaces\",\"publisher\":{\"@id\":\"https:\\\/\\\/functionals.com\\\/fr\\\/#organization\"},\"potentialAction\":[{\"@type\":\"SearchAction\",\"target\":{\"@type\":\"EntryPoint\",\"urlTemplate\":\"https:\\\/\\\/functionals.com\\\/fr\\\/?s={search_term_string}\"},\"query-input\":{\"@type\":\"PropertyValueSpecification\",\"valueRequired\":true,\"valueName\":\"search_term_string\"}}],\"inLanguage\":\"fr-FR\"},{\"@type\":\"Organization\",\"@id\":\"https:\\\/\\\/functionals.com\\\/fr\\\/#organization\",\"name\":\"Functionals\",\"url\":\"https:\\\/\\\/functionals.com\\\/fr\\\/\",\"logo\":{\"@type\":\"ImageObject\",\"inLanguage\":\"fr-FR\",\"@id\":\"https:\\\/\\\/functionals.com\\\/fr\\\/#\\\/schema\\\/logo\\\/image\\\/\",\"url\":\"https:\\\/\\\/functionals.com\\\/wp-content\\\/uploads\\\/2024\\\/08\\\/Functionals-logo-5cm-300dpi.jpg\",\"contentUrl\":\"https:\\\/\\\/functionals.com\\\/wp-content\\\/uploads\\\/2024\\\/08\\\/Functionals-logo-5cm-300dpi.jpg\",\"width\":591,\"height\":997,\"caption\":\"Functionals\"},\"image\":{\"@id\":\"https:\\\/\\\/functionals.com\\\/fr\\\/#\\\/schema\\\/logo\\\/image\\\/\"},\"sameAs\":[\"https:\\\/\\\/www.facebook.com\\\/functionals.eu\",\"https:\\\/\\\/www.instagram.com\\\/functionals\",\"https:\\\/\\\/www.linkedin.com\\\/company\\\/functionals-com\"]}]}<\/script>\n<!-- \/ Yoast SEO plugin. -->","yoast_head_json":{"title":"aquarius sg - functionals","robots":{"index":"index","follow":"follow","max-snippet":"max-snippet:-1","max-image-preview":"max-image-preview:large","max-video-preview":"max-video-preview:-1"},"canonical":"https:\/\/functionals.com\/fr\/casiers-en-acier\/aquarius-sg-2\/","og_locale":"fr_FR","og_type":"article","og_title":"aquarius sg - functionals","og_description":"Si vous souhaitez ranger votre sac ou votre manteau en toute s\u00e9curit\u00e9, l\u2019Aquarius SG offre la solution. Le casier vestiaire est fabriqu\u00e9 en acier robuste et est disponible en standard avec des serrures \u00e0 cylindre ou des cadenas. Les casiers sont disponibles sur un socle, un cadre ou une combinaison cadre et banc. Le corps est disponible dans nos couleurs Functionals et vingt couleurs RAL sp\u00e9ciales, avec une finition \u00e0 texture fine. La tringle \u00e0 v\u00eatements assortie est \u00e9quip\u00e9e de trois crochets coulissants.","og_url":"https:\/\/functionals.com\/fr\/casiers-en-acier\/aquarius-sg-2\/","og_site_name":"functionals","article_publisher":"https:\/\/www.facebook.com\/functionals.eu","og_image":[{"width":1707,"height":2560,"url":"https:\/\/functionals.com\/wp-content\/uploads\/2024\/08\/Aquarius-SG3402-P-RAL9010-FV-scaled.jpg","type":"image\/jpeg"}],"twitter_card":"summary_large_image","schema":{"@context":"https:\/\/schema.org","@graph":[{"@type":"WebPage","@id":"https:\/\/functionals.com\/fr\/casiers-en-acier\/aquarius-sg-2\/","url":"https:\/\/functionals.com\/fr\/casiers-en-acier\/aquarius-sg-2\/","name":"aquarius sg - functionals","isPartOf":{"@id":"https:\/\/functionals.com\/fr\/#website"},"primaryImageOfPage":{"@id":"https:\/\/functionals.com\/fr\/casiers-en-acier\/aquarius-sg-2\/#primaryimage"},"image":{"@id":"https:\/\/functionals.com\/fr\/casiers-en-acier\/aquarius-sg-2\/#primaryimage"},"thumbnailUrl":"https:\/\/functionals.com\/wp-content\/uploads\/2024\/08\/Aquarius-SG3402-P-RAL9010-FV-scaled.jpg","datePublished":"2024-08-23T10:28:07+00:00","breadcrumb":{"@id":"https:\/\/functionals.com\/fr\/casiers-en-acier\/aquarius-sg-2\/#breadcrumb"},"inLanguage":"fr-FR","potentialAction":[{"@type":"ReadAction","target":["https:\/\/functionals.com\/fr\/casiers-en-acier\/aquarius-sg-2\/"]}],"author":{"@type":"Organization","name":"Heabb","url":"https:\/\/heabb.nl"}},{"@type":"ImageObject","inLanguage":"fr-FR","@id":"https:\/\/functionals.com\/fr\/casiers-en-acier\/aquarius-sg-2\/#primaryimage","url":"https:\/\/functionals.com\/wp-content\/uploads\/2024\/08\/Aquarius-SG3402-P-RAL9010-FV-scaled.jpg","contentUrl":"https:\/\/functionals.com\/wp-content\/uploads\/2024\/08\/Aquarius-SG3402-P-RAL9010-FV-scaled.jpg","width":1707,"height":2560},{"@type":"BreadcrumbList","@id":"https:\/\/functionals.com\/fr\/casiers-en-acier\/aquarius-sg-2\/#breadcrumb","itemListElement":[{"@type":"ListItem","position":1,"name":"home","item":"https:\/\/functionals.com\/fr\/"},{"@type":"ListItem","position":2,"name":"produits","item":"https:\/\/functionals.com\/fr\/produits\/"},{"@type":"ListItem","position":3,"name":"aquarius sg"}]},{"@type":"WebSite","@id":"https:\/\/functionals.com\/fr\/#website","url":"https:\/\/functionals.com\/fr\/","name":"Functionals","description":"organising spaces","publisher":{"@id":"https:\/\/functionals.com\/fr\/#organization"},"potentialAction":[{"@type":"SearchAction","target":{"@type":"EntryPoint","urlTemplate":"https:\/\/functionals.com\/fr\/?s={search_term_string}"},"query-input":{"@type":"PropertyValueSpecification","valueRequired":true,"valueName":"search_term_string"}}],"inLanguage":"fr-FR"},{"@type":"Organization","@id":"https:\/\/functionals.com\/fr\/#organization","name":"Functionals","url":"https:\/\/functionals.com\/fr\/","logo":{"@type":"ImageObject","inLanguage":"fr-FR","@id":"https:\/\/functionals.com\/fr\/#\/schema\/logo\/image\/","url":"https:\/\/functionals.com\/wp-content\/uploads\/2024\/08\/Functionals-logo-5cm-300dpi.jpg","contentUrl":"https:\/\/functionals.com\/wp-content\/uploads\/2024\/08\/Functionals-logo-5cm-300dpi.jpg","width":591,"height":997,"caption":"Functionals"},"image":{"@id":"https:\/\/functionals.com\/fr\/#\/schema\/logo\/image\/"},"sameAs":["https:\/\/www.facebook.com\/functionals.eu","https:\/\/www.instagram.com\/functionals","https:\/\/www.linkedin.com\/company\/functionals-com"]}]}},"_links":{"self":[{"href":"https:\/\/functionals.com\/fr\/wp-json\/wp\/v2\/product\/26178","targetHints":{"allow":["GET"]}}],"collection":[{"href":"https:\/\/functionals.com\/fr\/wp-json\/wp\/v2\/product"}],"about":[{"href":"https:\/\/functionals.com\/fr\/wp-json\/wp\/v2\/types\/product"}],"wp:featuredmedia":[{"embeddable":true,"href":"https:\/\/functionals.com\/fr\/wp-json\/wp\/v2\/media\/13270"}],"wp:attachment":[{"href":"https:\/\/functionals.com\/fr\/wp-json\/wp\/v2\/media?parent=26178"}],"wp:term":[{"taxonomy":"product_brand","embeddable":true,"href":"https:\/\/functionals.com\/fr\/wp-json\/wp\/v2\/product_brand?post=26178"},{"taxonomy":"product_cat","embeddable":true,"href":"https:\/\/functionals.com\/fr\/wp-json\/wp\/v2\/product_cat?post=26178"},{"taxonomy":"product_tag","embeddable":true,"href":"https:\/\/functionals.com\/fr\/wp-json\/wp\/v2\/product_tag?post=26178"}],"curies":[{"name":"wp","href":"https:\/\/api.w.org\/{rel}","templated":true}]}}