{"id":26153,"date":"2024-08-23T12:03:44","date_gmt":"2024-08-23T10:03:44","guid":{"rendered":"https:\/\/functionals.com\/uncategorized\/aquarius-hvl-2\/"},"modified":"2024-08-23T12:03:44","modified_gmt":"2024-08-23T10:03:44","slug":"aquarius-hvl-2","status":"publish","type":"product","link":"https:\/\/functionals.com\/fr\/casiers-en-bois\/aquarius-hvl-2\/","title":{"rendered":"aquarius hvl"},"content":{"rendered":"","protected":false},"excerpt":{"rendered":"<p>Avec sa hauteur modeste de 132 centim\u00e8tres, le casier Aquarius HVL contribue \u00e0 donner une impression d\u2019espace \u00e0 tout int\u00e9rieur. Le corps est fini en blanc. Les portes sont propos\u00e9es de base en blanc, noir, gris clair et gris fonc\u00e9. Les portes et panneaux lat\u00e9raux sont disponibles, moyennant un suppl\u00e9ment, dans environ 100 d\u00e9cors bois Pfleiderer diff\u00e9rents ainsi que dans les couleurs unies Pfleiderer. Les mod\u00e8les sont livr\u00e9s avec des socles m\u00e9talliques noirs et des pieds r\u00e9glables.    <\/p>\n","protected":false},"featured_media":16732,"template":"","meta":{"_acf_changed":false,"inline_featured_image":false},"product_brand":[],"product_cat":[187,185],"product_tag":[],"class_list":{"0":"post-26153","1":"product","2":"type-product","3":"status-publish","4":"has-post-thumbnail","6":"product_cat-casiers","7":"product_cat-casiers-en-bois","8":"pa_designer-functionals-team-fr","10":"first","11":"instock","12":"taxable","13":"shipping-taxable","14":"purchasable","15":"product-type-variable"},"acf":[],"yoast_head":"<!-- This site is optimized with the Yoast SEO plugin v27.5 - https:\/\/yoast.com\/product\/yoast-seo-wordpress\/ -->\n<title>aquarius hvl - functionals<\/title>\n<meta name=\"robots\" content=\"index, follow, max-snippet:-1, max-image-preview:large, max-video-preview:-1\" \/>\n<link rel=\"canonical\" href=\"https:\/\/functionals.com\/fr\/casiers-en-bois\/aquarius-hvl-2\/\" \/>\n<meta property=\"og:locale\" content=\"fr_FR\" \/>\n<meta property=\"og:type\" content=\"article\" \/>\n<meta property=\"og:title\" content=\"aquarius hvl - functionals\" \/>\n<meta property=\"og:description\" content=\"Avec sa hauteur modeste de 132 centim\u00e8tres, le casier Aquarius HVL contribue \u00e0 donner une impression d\u2019espace \u00e0 tout int\u00e9rieur. Le corps est fini en blanc. Les portes sont propos\u00e9es de base en blanc, noir, gris clair et gris fonc\u00e9. Les portes et panneaux lat\u00e9raux sont disponibles, moyennant un suppl\u00e9ment, dans environ 100 d\u00e9cors bois Pfleiderer diff\u00e9rents ainsi que dans les couleurs unies Pfleiderer. Les mod\u00e8les sont livr\u00e9s avec des socles m\u00e9talliques noirs et des pieds r\u00e9glables.\" \/>\n<meta property=\"og:url\" content=\"https:\/\/functionals.com\/fr\/casiers-en-bois\/aquarius-hvl-2\/\" \/>\n<meta property=\"og:site_name\" content=\"functionals\" \/>\n<meta property=\"article:publisher\" content=\"https:\/\/www.facebook.com\/functionals.eu\" \/>\n<meta property=\"og:image\" content=\"https:\/\/functionals.com\/wp-content\/uploads\/2024\/08\/Aquarius-HVL1302P-S-White-FV-scaled.jpg\" \/>\n\t<meta property=\"og:image:width\" content=\"1707\" \/>\n\t<meta property=\"og:image:height\" content=\"2560\" \/>\n\t<meta property=\"og:image:type\" content=\"image\/jpeg\" \/>\n<meta name=\"twitter:card\" content=\"summary_large_image\" \/>\n<script type=\"application\/ld+json\" class=\"yoast-schema-graph\">{\"@context\":\"https:\\\/\\\/schema.org\",\"@graph\":[{\"@type\":\"WebPage\",\"@id\":\"https:\\\/\\\/functionals.com\\\/fr\\\/casiers-en-bois\\\/aquarius-hvl-2\\\/\",\"url\":\"https:\\\/\\\/functionals.com\\\/fr\\\/casiers-en-bois\\\/aquarius-hvl-2\\\/\",\"name\":\"aquarius hvl - functionals\",\"isPartOf\":{\"@id\":\"https:\\\/\\\/functionals.com\\\/fr\\\/#website\"},\"primaryImageOfPage\":{\"@id\":\"https:\\\/\\\/functionals.com\\\/fr\\\/casiers-en-bois\\\/aquarius-hvl-2\\\/#primaryimage\"},\"image\":{\"@id\":\"https:\\\/\\\/functionals.com\\\/fr\\\/casiers-en-bois\\\/aquarius-hvl-2\\\/#primaryimage\"},\"thumbnailUrl\":\"https:\\\/\\\/functionals.com\\\/wp-content\\\/uploads\\\/2024\\\/08\\\/Aquarius-HVL1302P-S-White-FV-scaled.jpg\",\"datePublished\":\"2024-08-23T10:03:44+00:00\",\"breadcrumb\":{\"@id\":\"https:\\\/\\\/functionals.com\\\/fr\\\/casiers-en-bois\\\/aquarius-hvl-2\\\/#breadcrumb\"},\"inLanguage\":\"fr-FR\",\"potentialAction\":[{\"@type\":\"ReadAction\",\"target\":[\"https:\\\/\\\/functionals.com\\\/fr\\\/casiers-en-bois\\\/aquarius-hvl-2\\\/\"]}],\"author\":{\"@type\":\"Organization\",\"name\":\"Heabb\",\"url\":\"https:\\\/\\\/heabb.nl\"}},{\"@type\":\"ImageObject\",\"inLanguage\":\"fr-FR\",\"@id\":\"https:\\\/\\\/functionals.com\\\/fr\\\/casiers-en-bois\\\/aquarius-hvl-2\\\/#primaryimage\",\"url\":\"https:\\\/\\\/functionals.com\\\/wp-content\\\/uploads\\\/2024\\\/08\\\/Aquarius-HVL1302P-S-White-FV-scaled.jpg\",\"contentUrl\":\"https:\\\/\\\/functionals.com\\\/wp-content\\\/uploads\\\/2024\\\/08\\\/Aquarius-HVL1302P-S-White-FV-scaled.jpg\",\"width\":1707,\"height\":2560},{\"@type\":\"BreadcrumbList\",\"@id\":\"https:\\\/\\\/functionals.com\\\/fr\\\/casiers-en-bois\\\/aquarius-hvl-2\\\/#breadcrumb\",\"itemListElement\":[{\"@type\":\"ListItem\",\"position\":1,\"name\":\"home\",\"item\":\"https:\\\/\\\/functionals.com\\\/fr\\\/\"},{\"@type\":\"ListItem\",\"position\":2,\"name\":\"produits\",\"item\":\"https:\\\/\\\/functionals.com\\\/fr\\\/produits\\\/\"},{\"@type\":\"ListItem\",\"position\":3,\"name\":\"aquarius hvl\"}]},{\"@type\":\"WebSite\",\"@id\":\"https:\\\/\\\/functionals.com\\\/fr\\\/#website\",\"url\":\"https:\\\/\\\/functionals.com\\\/fr\\\/\",\"name\":\"Functionals\",\"description\":\"organising spaces\",\"publisher\":{\"@id\":\"https:\\\/\\\/functionals.com\\\/fr\\\/#organization\"},\"potentialAction\":[{\"@type\":\"SearchAction\",\"target\":{\"@type\":\"EntryPoint\",\"urlTemplate\":\"https:\\\/\\\/functionals.com\\\/fr\\\/?s={search_term_string}\"},\"query-input\":{\"@type\":\"PropertyValueSpecification\",\"valueRequired\":true,\"valueName\":\"search_term_string\"}}],\"inLanguage\":\"fr-FR\"},{\"@type\":\"Organization\",\"@id\":\"https:\\\/\\\/functionals.com\\\/fr\\\/#organization\",\"name\":\"Functionals\",\"url\":\"https:\\\/\\\/functionals.com\\\/fr\\\/\",\"logo\":{\"@type\":\"ImageObject\",\"inLanguage\":\"fr-FR\",\"@id\":\"https:\\\/\\\/functionals.com\\\/fr\\\/#\\\/schema\\\/logo\\\/image\\\/\",\"url\":\"https:\\\/\\\/functionals.com\\\/wp-content\\\/uploads\\\/2024\\\/08\\\/Functionals-logo-5cm-300dpi.jpg\",\"contentUrl\":\"https:\\\/\\\/functionals.com\\\/wp-content\\\/uploads\\\/2024\\\/08\\\/Functionals-logo-5cm-300dpi.jpg\",\"width\":591,\"height\":997,\"caption\":\"Functionals\"},\"image\":{\"@id\":\"https:\\\/\\\/functionals.com\\\/fr\\\/#\\\/schema\\\/logo\\\/image\\\/\"},\"sameAs\":[\"https:\\\/\\\/www.facebook.com\\\/functionals.eu\",\"https:\\\/\\\/www.instagram.com\\\/functionals\",\"https:\\\/\\\/www.linkedin.com\\\/company\\\/functionals-com\"]}]}<\/script>\n<!-- \/ Yoast SEO plugin. -->","yoast_head_json":{"title":"aquarius hvl - functionals","robots":{"index":"index","follow":"follow","max-snippet":"max-snippet:-1","max-image-preview":"max-image-preview:large","max-video-preview":"max-video-preview:-1"},"canonical":"https:\/\/functionals.com\/fr\/casiers-en-bois\/aquarius-hvl-2\/","og_locale":"fr_FR","og_type":"article","og_title":"aquarius hvl - functionals","og_description":"Avec sa hauteur modeste de 132 centim\u00e8tres, le casier Aquarius HVL contribue \u00e0 donner une impression d\u2019espace \u00e0 tout int\u00e9rieur. Le corps est fini en blanc. Les portes sont propos\u00e9es de base en blanc, noir, gris clair et gris fonc\u00e9. Les portes et panneaux lat\u00e9raux sont disponibles, moyennant un suppl\u00e9ment, dans environ 100 d\u00e9cors bois Pfleiderer diff\u00e9rents ainsi que dans les couleurs unies Pfleiderer. Les mod\u00e8les sont livr\u00e9s avec des socles m\u00e9talliques noirs et des pieds r\u00e9glables.","og_url":"https:\/\/functionals.com\/fr\/casiers-en-bois\/aquarius-hvl-2\/","og_site_name":"functionals","article_publisher":"https:\/\/www.facebook.com\/functionals.eu","og_image":[{"width":1707,"height":2560,"url":"https:\/\/functionals.com\/wp-content\/uploads\/2024\/08\/Aquarius-HVL1302P-S-White-FV-scaled.jpg","type":"image\/jpeg"}],"twitter_card":"summary_large_image","schema":{"@context":"https:\/\/schema.org","@graph":[{"@type":"WebPage","@id":"https:\/\/functionals.com\/fr\/casiers-en-bois\/aquarius-hvl-2\/","url":"https:\/\/functionals.com\/fr\/casiers-en-bois\/aquarius-hvl-2\/","name":"aquarius hvl - functionals","isPartOf":{"@id":"https:\/\/functionals.com\/fr\/#website"},"primaryImageOfPage":{"@id":"https:\/\/functionals.com\/fr\/casiers-en-bois\/aquarius-hvl-2\/#primaryimage"},"image":{"@id":"https:\/\/functionals.com\/fr\/casiers-en-bois\/aquarius-hvl-2\/#primaryimage"},"thumbnailUrl":"https:\/\/functionals.com\/wp-content\/uploads\/2024\/08\/Aquarius-HVL1302P-S-White-FV-scaled.jpg","datePublished":"2024-08-23T10:03:44+00:00","breadcrumb":{"@id":"https:\/\/functionals.com\/fr\/casiers-en-bois\/aquarius-hvl-2\/#breadcrumb"},"inLanguage":"fr-FR","potentialAction":[{"@type":"ReadAction","target":["https:\/\/functionals.com\/fr\/casiers-en-bois\/aquarius-hvl-2\/"]}],"author":{"@type":"Organization","name":"Heabb","url":"https:\/\/heabb.nl"}},{"@type":"ImageObject","inLanguage":"fr-FR","@id":"https:\/\/functionals.com\/fr\/casiers-en-bois\/aquarius-hvl-2\/#primaryimage","url":"https:\/\/functionals.com\/wp-content\/uploads\/2024\/08\/Aquarius-HVL1302P-S-White-FV-scaled.jpg","contentUrl":"https:\/\/functionals.com\/wp-content\/uploads\/2024\/08\/Aquarius-HVL1302P-S-White-FV-scaled.jpg","width":1707,"height":2560},{"@type":"BreadcrumbList","@id":"https:\/\/functionals.com\/fr\/casiers-en-bois\/aquarius-hvl-2\/#breadcrumb","itemListElement":[{"@type":"ListItem","position":1,"name":"home","item":"https:\/\/functionals.com\/fr\/"},{"@type":"ListItem","position":2,"name":"produits","item":"https:\/\/functionals.com\/fr\/produits\/"},{"@type":"ListItem","position":3,"name":"aquarius hvl"}]},{"@type":"WebSite","@id":"https:\/\/functionals.com\/fr\/#website","url":"https:\/\/functionals.com\/fr\/","name":"Functionals","description":"organising spaces","publisher":{"@id":"https:\/\/functionals.com\/fr\/#organization"},"potentialAction":[{"@type":"SearchAction","target":{"@type":"EntryPoint","urlTemplate":"https:\/\/functionals.com\/fr\/?s={search_term_string}"},"query-input":{"@type":"PropertyValueSpecification","valueRequired":true,"valueName":"search_term_string"}}],"inLanguage":"fr-FR"},{"@type":"Organization","@id":"https:\/\/functionals.com\/fr\/#organization","name":"Functionals","url":"https:\/\/functionals.com\/fr\/","logo":{"@type":"ImageObject","inLanguage":"fr-FR","@id":"https:\/\/functionals.com\/fr\/#\/schema\/logo\/image\/","url":"https:\/\/functionals.com\/wp-content\/uploads\/2024\/08\/Functionals-logo-5cm-300dpi.jpg","contentUrl":"https:\/\/functionals.com\/wp-content\/uploads\/2024\/08\/Functionals-logo-5cm-300dpi.jpg","width":591,"height":997,"caption":"Functionals"},"image":{"@id":"https:\/\/functionals.com\/fr\/#\/schema\/logo\/image\/"},"sameAs":["https:\/\/www.facebook.com\/functionals.eu","https:\/\/www.instagram.com\/functionals","https:\/\/www.linkedin.com\/company\/functionals-com"]}]}},"_links":{"self":[{"href":"https:\/\/functionals.com\/fr\/wp-json\/wp\/v2\/product\/26153","targetHints":{"allow":["GET"]}}],"collection":[{"href":"https:\/\/functionals.com\/fr\/wp-json\/wp\/v2\/product"}],"about":[{"href":"https:\/\/functionals.com\/fr\/wp-json\/wp\/v2\/types\/product"}],"wp:featuredmedia":[{"embeddable":true,"href":"https:\/\/functionals.com\/fr\/wp-json\/wp\/v2\/media\/16732"}],"wp:attachment":[{"href":"https:\/\/functionals.com\/fr\/wp-json\/wp\/v2\/media?parent=26153"}],"wp:term":[{"taxonomy":"product_brand","embeddable":true,"href":"https:\/\/functionals.com\/fr\/wp-json\/wp\/v2\/product_brand?post=26153"},{"taxonomy":"product_cat","embeddable":true,"href":"https:\/\/functionals.com\/fr\/wp-json\/wp\/v2\/product_cat?post=26153"},{"taxonomy":"product_tag","embeddable":true,"href":"https:\/\/functionals.com\/fr\/wp-json\/wp\/v2\/product_tag?post=26153"}],"curies":[{"name":"wp","href":"https:\/\/api.w.org\/{rel}","templated":true}]}}