{"id":26064,"date":"2024-08-22T16:42:16","date_gmt":"2024-08-22T14:42:16","guid":{"rendered":"https:\/\/functionals.com\/uncategorized\/aquarius-hg-2\/"},"modified":"2024-08-22T16:42:16","modified_gmt":"2024-08-22T14:42:16","slug":"aquarius-hg-2","status":"publish","type":"product","link":"https:\/\/functionals.com\/fr\/casiers-en-bois\/aquarius-hg-2\/","title":{"rendered":"aquarius hg"},"content":{"rendered":"","protected":false},"excerpt":{"rendered":"<p>Les v\u00eatements, sacs et autres objets peuvent \u00eatre rang\u00e9s de mani\u00e8re ordonn\u00e9e dans l\u2019Aquarius HG. Ces casiers en bois au design \u00e9pur\u00e9 sont \u00e9quip\u00e9s d\u2019une barre pratique pour cintres (non fournis) et de trous de ventilation. Les portes sont disponibles en standard en blanc, noir, gris clair et gris fonc\u00e9. Les portes et les panneaux lat\u00e9raux sont disponibles, en option et moyennant un suppl\u00e9ment, dans environ 100 d\u00e9cors bois et coloris unis de Pfleiderer.   <\/p>\n","protected":false},"featured_media":17286,"template":"","meta":{"_acf_changed":false,"inline_featured_image":false},"product_brand":[],"product_cat":[187,185],"product_tag":[],"class_list":{"0":"post-26064","1":"product","2":"type-product","3":"status-publish","4":"has-post-thumbnail","6":"product_cat-casiers","7":"product_cat-casiers-en-bois","8":"pa_designer-functionals-team-fr","10":"first","11":"instock","12":"taxable","13":"shipping-taxable","14":"purchasable","15":"product-type-variable"},"acf":[],"yoast_head":"<!-- This site is optimized with the Yoast SEO plugin v27.5 - https:\/\/yoast.com\/product\/yoast-seo-wordpress\/ -->\n<title>aquarius hg - functionals<\/title>\n<meta name=\"robots\" content=\"index, follow, max-snippet:-1, max-image-preview:large, max-video-preview:-1\" \/>\n<link rel=\"canonical\" href=\"https:\/\/functionals.com\/fr\/casiers-en-bois\/aquarius-hg-2\/\" \/>\n<meta property=\"og:locale\" content=\"fr_FR\" \/>\n<meta property=\"og:type\" content=\"article\" \/>\n<meta property=\"og:title\" content=\"aquarius hg - functionals\" \/>\n<meta property=\"og:description\" content=\"Les v\u00eatements, sacs et autres objets peuvent \u00eatre rang\u00e9s de mani\u00e8re ordonn\u00e9e dans l\u2019Aquarius HG. Ces casiers en bois au design \u00e9pur\u00e9 sont \u00e9quip\u00e9s d\u2019une barre pratique pour cintres (non fournis) et de trous de ventilation. Les portes sont disponibles en standard en blanc, noir, gris clair et gris fonc\u00e9. Les portes et les panneaux lat\u00e9raux sont disponibles, en option et moyennant un suppl\u00e9ment, dans environ 100 d\u00e9cors bois et coloris unis de Pfleiderer.\" \/>\n<meta property=\"og:url\" content=\"https:\/\/functionals.com\/fr\/casiers-en-bois\/aquarius-hg-2\/\" \/>\n<meta property=\"og:site_name\" content=\"functionals\" \/>\n<meta property=\"article:publisher\" content=\"https:\/\/www.facebook.com\/functionals.eu\" \/>\n<meta property=\"og:image\" content=\"https:\/\/functionals.com\/wp-content\/uploads\/2024\/11\/Aquarius-HG1301-U12211-Umbra-Grey-FV-scaled.jpg\" \/>\n\t<meta property=\"og:image:width\" content=\"1707\" \/>\n\t<meta property=\"og:image:height\" content=\"2560\" \/>\n\t<meta property=\"og:image:type\" content=\"image\/jpeg\" \/>\n<meta name=\"twitter:card\" content=\"summary_large_image\" \/>\n<script type=\"application\/ld+json\" class=\"yoast-schema-graph\">{\"@context\":\"https:\\\/\\\/schema.org\",\"@graph\":[{\"@type\":\"WebPage\",\"@id\":\"https:\\\/\\\/functionals.com\\\/fr\\\/casiers-en-bois\\\/aquarius-hg-2\\\/\",\"url\":\"https:\\\/\\\/functionals.com\\\/fr\\\/casiers-en-bois\\\/aquarius-hg-2\\\/\",\"name\":\"aquarius hg - functionals\",\"isPartOf\":{\"@id\":\"https:\\\/\\\/functionals.com\\\/fr\\\/#website\"},\"primaryImageOfPage\":{\"@id\":\"https:\\\/\\\/functionals.com\\\/fr\\\/casiers-en-bois\\\/aquarius-hg-2\\\/#primaryimage\"},\"image\":{\"@id\":\"https:\\\/\\\/functionals.com\\\/fr\\\/casiers-en-bois\\\/aquarius-hg-2\\\/#primaryimage\"},\"thumbnailUrl\":\"https:\\\/\\\/functionals.com\\\/wp-content\\\/uploads\\\/2024\\\/11\\\/Aquarius-HG1301-U12211-Umbra-Grey-FV-scaled.jpg\",\"datePublished\":\"2024-08-22T14:42:16+00:00\",\"breadcrumb\":{\"@id\":\"https:\\\/\\\/functionals.com\\\/fr\\\/casiers-en-bois\\\/aquarius-hg-2\\\/#breadcrumb\"},\"inLanguage\":\"fr-FR\",\"potentialAction\":[{\"@type\":\"ReadAction\",\"target\":[\"https:\\\/\\\/functionals.com\\\/fr\\\/casiers-en-bois\\\/aquarius-hg-2\\\/\"]}],\"author\":{\"@type\":\"Organization\",\"name\":\"Heabb\",\"url\":\"https:\\\/\\\/heabb.nl\"}},{\"@type\":\"ImageObject\",\"inLanguage\":\"fr-FR\",\"@id\":\"https:\\\/\\\/functionals.com\\\/fr\\\/casiers-en-bois\\\/aquarius-hg-2\\\/#primaryimage\",\"url\":\"https:\\\/\\\/functionals.com\\\/wp-content\\\/uploads\\\/2024\\\/11\\\/Aquarius-HG1301-U12211-Umbra-Grey-FV-scaled.jpg\",\"contentUrl\":\"https:\\\/\\\/functionals.com\\\/wp-content\\\/uploads\\\/2024\\\/11\\\/Aquarius-HG1301-U12211-Umbra-Grey-FV-scaled.jpg\",\"width\":1707,\"height\":2560},{\"@type\":\"BreadcrumbList\",\"@id\":\"https:\\\/\\\/functionals.com\\\/fr\\\/casiers-en-bois\\\/aquarius-hg-2\\\/#breadcrumb\",\"itemListElement\":[{\"@type\":\"ListItem\",\"position\":1,\"name\":\"home\",\"item\":\"https:\\\/\\\/functionals.com\\\/fr\\\/\"},{\"@type\":\"ListItem\",\"position\":2,\"name\":\"produits\",\"item\":\"https:\\\/\\\/functionals.com\\\/fr\\\/produits\\\/\"},{\"@type\":\"ListItem\",\"position\":3,\"name\":\"aquarius hg\"}]},{\"@type\":\"WebSite\",\"@id\":\"https:\\\/\\\/functionals.com\\\/fr\\\/#website\",\"url\":\"https:\\\/\\\/functionals.com\\\/fr\\\/\",\"name\":\"Functionals\",\"description\":\"organising spaces\",\"publisher\":{\"@id\":\"https:\\\/\\\/functionals.com\\\/fr\\\/#organization\"},\"potentialAction\":[{\"@type\":\"SearchAction\",\"target\":{\"@type\":\"EntryPoint\",\"urlTemplate\":\"https:\\\/\\\/functionals.com\\\/fr\\\/?s={search_term_string}\"},\"query-input\":{\"@type\":\"PropertyValueSpecification\",\"valueRequired\":true,\"valueName\":\"search_term_string\"}}],\"inLanguage\":\"fr-FR\"},{\"@type\":\"Organization\",\"@id\":\"https:\\\/\\\/functionals.com\\\/fr\\\/#organization\",\"name\":\"Functionals\",\"url\":\"https:\\\/\\\/functionals.com\\\/fr\\\/\",\"logo\":{\"@type\":\"ImageObject\",\"inLanguage\":\"fr-FR\",\"@id\":\"https:\\\/\\\/functionals.com\\\/fr\\\/#\\\/schema\\\/logo\\\/image\\\/\",\"url\":\"https:\\\/\\\/functionals.com\\\/wp-content\\\/uploads\\\/2024\\\/08\\\/Functionals-logo-5cm-300dpi.jpg\",\"contentUrl\":\"https:\\\/\\\/functionals.com\\\/wp-content\\\/uploads\\\/2024\\\/08\\\/Functionals-logo-5cm-300dpi.jpg\",\"width\":591,\"height\":997,\"caption\":\"Functionals\"},\"image\":{\"@id\":\"https:\\\/\\\/functionals.com\\\/fr\\\/#\\\/schema\\\/logo\\\/image\\\/\"},\"sameAs\":[\"https:\\\/\\\/www.facebook.com\\\/functionals.eu\",\"https:\\\/\\\/www.instagram.com\\\/functionals\",\"https:\\\/\\\/www.linkedin.com\\\/company\\\/functionals-com\"]}]}<\/script>\n<!-- \/ Yoast SEO plugin. -->","yoast_head_json":{"title":"aquarius hg - functionals","robots":{"index":"index","follow":"follow","max-snippet":"max-snippet:-1","max-image-preview":"max-image-preview:large","max-video-preview":"max-video-preview:-1"},"canonical":"https:\/\/functionals.com\/fr\/casiers-en-bois\/aquarius-hg-2\/","og_locale":"fr_FR","og_type":"article","og_title":"aquarius hg - functionals","og_description":"Les v\u00eatements, sacs et autres objets peuvent \u00eatre rang\u00e9s de mani\u00e8re ordonn\u00e9e dans l\u2019Aquarius HG. Ces casiers en bois au design \u00e9pur\u00e9 sont \u00e9quip\u00e9s d\u2019une barre pratique pour cintres (non fournis) et de trous de ventilation. Les portes sont disponibles en standard en blanc, noir, gris clair et gris fonc\u00e9. Les portes et les panneaux lat\u00e9raux sont disponibles, en option et moyennant un suppl\u00e9ment, dans environ 100 d\u00e9cors bois et coloris unis de Pfleiderer.","og_url":"https:\/\/functionals.com\/fr\/casiers-en-bois\/aquarius-hg-2\/","og_site_name":"functionals","article_publisher":"https:\/\/www.facebook.com\/functionals.eu","og_image":[{"width":1707,"height":2560,"url":"https:\/\/functionals.com\/wp-content\/uploads\/2024\/11\/Aquarius-HG1301-U12211-Umbra-Grey-FV-scaled.jpg","type":"image\/jpeg"}],"twitter_card":"summary_large_image","schema":{"@context":"https:\/\/schema.org","@graph":[{"@type":"WebPage","@id":"https:\/\/functionals.com\/fr\/casiers-en-bois\/aquarius-hg-2\/","url":"https:\/\/functionals.com\/fr\/casiers-en-bois\/aquarius-hg-2\/","name":"aquarius hg - functionals","isPartOf":{"@id":"https:\/\/functionals.com\/fr\/#website"},"primaryImageOfPage":{"@id":"https:\/\/functionals.com\/fr\/casiers-en-bois\/aquarius-hg-2\/#primaryimage"},"image":{"@id":"https:\/\/functionals.com\/fr\/casiers-en-bois\/aquarius-hg-2\/#primaryimage"},"thumbnailUrl":"https:\/\/functionals.com\/wp-content\/uploads\/2024\/11\/Aquarius-HG1301-U12211-Umbra-Grey-FV-scaled.jpg","datePublished":"2024-08-22T14:42:16+00:00","breadcrumb":{"@id":"https:\/\/functionals.com\/fr\/casiers-en-bois\/aquarius-hg-2\/#breadcrumb"},"inLanguage":"fr-FR","potentialAction":[{"@type":"ReadAction","target":["https:\/\/functionals.com\/fr\/casiers-en-bois\/aquarius-hg-2\/"]}],"author":{"@type":"Organization","name":"Heabb","url":"https:\/\/heabb.nl"}},{"@type":"ImageObject","inLanguage":"fr-FR","@id":"https:\/\/functionals.com\/fr\/casiers-en-bois\/aquarius-hg-2\/#primaryimage","url":"https:\/\/functionals.com\/wp-content\/uploads\/2024\/11\/Aquarius-HG1301-U12211-Umbra-Grey-FV-scaled.jpg","contentUrl":"https:\/\/functionals.com\/wp-content\/uploads\/2024\/11\/Aquarius-HG1301-U12211-Umbra-Grey-FV-scaled.jpg","width":1707,"height":2560},{"@type":"BreadcrumbList","@id":"https:\/\/functionals.com\/fr\/casiers-en-bois\/aquarius-hg-2\/#breadcrumb","itemListElement":[{"@type":"ListItem","position":1,"name":"home","item":"https:\/\/functionals.com\/fr\/"},{"@type":"ListItem","position":2,"name":"produits","item":"https:\/\/functionals.com\/fr\/produits\/"},{"@type":"ListItem","position":3,"name":"aquarius hg"}]},{"@type":"WebSite","@id":"https:\/\/functionals.com\/fr\/#website","url":"https:\/\/functionals.com\/fr\/","name":"Functionals","description":"organising spaces","publisher":{"@id":"https:\/\/functionals.com\/fr\/#organization"},"potentialAction":[{"@type":"SearchAction","target":{"@type":"EntryPoint","urlTemplate":"https:\/\/functionals.com\/fr\/?s={search_term_string}"},"query-input":{"@type":"PropertyValueSpecification","valueRequired":true,"valueName":"search_term_string"}}],"inLanguage":"fr-FR"},{"@type":"Organization","@id":"https:\/\/functionals.com\/fr\/#organization","name":"Functionals","url":"https:\/\/functionals.com\/fr\/","logo":{"@type":"ImageObject","inLanguage":"fr-FR","@id":"https:\/\/functionals.com\/fr\/#\/schema\/logo\/image\/","url":"https:\/\/functionals.com\/wp-content\/uploads\/2024\/08\/Functionals-logo-5cm-300dpi.jpg","contentUrl":"https:\/\/functionals.com\/wp-content\/uploads\/2024\/08\/Functionals-logo-5cm-300dpi.jpg","width":591,"height":997,"caption":"Functionals"},"image":{"@id":"https:\/\/functionals.com\/fr\/#\/schema\/logo\/image\/"},"sameAs":["https:\/\/www.facebook.com\/functionals.eu","https:\/\/www.instagram.com\/functionals","https:\/\/www.linkedin.com\/company\/functionals-com"]}]}},"_links":{"self":[{"href":"https:\/\/functionals.com\/fr\/wp-json\/wp\/v2\/product\/26064","targetHints":{"allow":["GET"]}}],"collection":[{"href":"https:\/\/functionals.com\/fr\/wp-json\/wp\/v2\/product"}],"about":[{"href":"https:\/\/functionals.com\/fr\/wp-json\/wp\/v2\/types\/product"}],"wp:featuredmedia":[{"embeddable":true,"href":"https:\/\/functionals.com\/fr\/wp-json\/wp\/v2\/media\/17286"}],"wp:attachment":[{"href":"https:\/\/functionals.com\/fr\/wp-json\/wp\/v2\/media?parent=26064"}],"wp:term":[{"taxonomy":"product_brand","embeddable":true,"href":"https:\/\/functionals.com\/fr\/wp-json\/wp\/v2\/product_brand?post=26064"},{"taxonomy":"product_cat","embeddable":true,"href":"https:\/\/functionals.com\/fr\/wp-json\/wp\/v2\/product_cat?post=26064"},{"taxonomy":"product_tag","embeddable":true,"href":"https:\/\/functionals.com\/fr\/wp-json\/wp\/v2\/product_tag?post=26064"}],"curies":[{"name":"wp","href":"https:\/\/api.w.org\/{rel}","templated":true}]}}