{"id":25620,"date":"2024-08-13T10:23:33","date_gmt":"2024-08-13T08:23:33","guid":{"rendered":"https:\/\/functionals.com\/uncategorized\/tertio-dvk-dvkp-2\/"},"modified":"2024-08-13T10:23:33","modified_gmt":"2024-08-13T08:23:33","slug":"tertio-dvk-dvkp-2","status":"publish","type":"product","link":"https:\/\/functionals.com\/de\/garderobenstander\/tertio-dvk-dvkp-2\/","title":{"rendered":"tertio dvk | dvkp"},"content":{"rendered":"","protected":false},"excerpt":{"rendered":"<p>Tertio DVK | DVKP ist alles, was man sich von einem praktischen Garderobenst\u00e4nder w\u00fcnscht. Mit einer Handbewegung schafft man jede Menge Platz, da auf beiden Seiten Raum f\u00fcr M\u00e4ntel ist. Die Garderobe ist mit Kleiderb\u00fcgeln ausgestattet und standardm\u00e4\u00dfig in L\u00e4ngen von bis zu 3 Metern erh\u00e4ltlich. Tertio DVK | DVKP ist Teil der umfangreichen Tertio-Garderobenserie, entworfen von Gerard Kerklaan.   <\/p>\n","protected":false},"featured_media":8202,"template":"","meta":{"_acf_changed":false,"inline_featured_image":false},"product_brand":[],"product_cat":[168],"product_tag":[3330,3334,3331,3340,3339,3329,3335,3338],"class_list":{"0":"post-25620","1":"product","2":"type-product","3":"status-publish","4":"has-post-thumbnail","6":"product_cat-garderobenstander","7":"product_tag-coat-rack-de","8":"product_tag-gerard-kerklaan-de","9":"product_tag-kapstok-de","10":"product_tag-staande-kapstok-de","11":"product_tag-standing-coat-rack-de","12":"product_tag-tertio-de","13":"product_tag-tertio-cloakroom-de","14":"product_tag-tertio-garderobe-de","15":"pa_designer-gerard-kerklaan-de","17":"first","18":"instock","19":"taxable","20":"shipping-taxable","21":"purchasable","22":"product-type-variable"},"acf":[],"yoast_head":"<!-- This site is optimized with the Yoast SEO plugin v27.5 - https:\/\/yoast.com\/product\/yoast-seo-wordpress\/ -->\n<title>tertio dvk | dvkp - functionals<\/title>\n<meta name=\"robots\" content=\"index, follow, max-snippet:-1, max-image-preview:large, max-video-preview:-1\" \/>\n<link rel=\"canonical\" href=\"https:\/\/functionals.com\/de\/garderobenstander\/tertio-dvk-dvkp-2\/\" \/>\n<meta property=\"og:locale\" content=\"de_DE\" \/>\n<meta property=\"og:type\" content=\"article\" \/>\n<meta property=\"og:title\" content=\"tertio dvk | dvkp - functionals\" \/>\n<meta property=\"og:description\" content=\"Tertio DVK | DVKP ist alles, was man sich von einem praktischen Garderobenst\u00e4nder w\u00fcnscht. Mit einer Handbewegung schafft man jede Menge Platz, da auf beiden Seiten Raum f\u00fcr M\u00e4ntel ist. Die Garderobe ist mit Kleiderb\u00fcgeln ausgestattet und standardm\u00e4\u00dfig in L\u00e4ngen von bis zu 3 Metern erh\u00e4ltlich. Tertio DVK | DVKP ist Teil der umfangreichen Tertio-Garderobenserie, entworfen von Gerard Kerklaan.\" \/>\n<meta property=\"og:url\" content=\"https:\/\/functionals.com\/de\/garderobenstander\/tertio-dvk-dvkp-2\/\" \/>\n<meta property=\"og:site_name\" content=\"functionals\" \/>\n<meta property=\"article:publisher\" content=\"https:\/\/www.facebook.com\/functionals.eu\" \/>\n<meta property=\"og:image\" content=\"https:\/\/functionals.com\/wp-content\/uploads\/2024\/08\/Tertio-DVK-100-FV-scaled.jpg\" \/>\n\t<meta property=\"og:image:width\" content=\"1707\" \/>\n\t<meta property=\"og:image:height\" content=\"2560\" \/>\n\t<meta property=\"og:image:type\" content=\"image\/jpeg\" \/>\n<meta name=\"twitter:card\" content=\"summary_large_image\" \/>\n<script type=\"application\/ld+json\" class=\"yoast-schema-graph\">{\"@context\":\"https:\\\/\\\/schema.org\",\"@graph\":[{\"@type\":\"WebPage\",\"@id\":\"https:\\\/\\\/functionals.com\\\/de\\\/garderobenstander\\\/tertio-dvk-dvkp-2\\\/\",\"url\":\"https:\\\/\\\/functionals.com\\\/de\\\/garderobenstander\\\/tertio-dvk-dvkp-2\\\/\",\"name\":\"tertio dvk | dvkp - functionals\",\"isPartOf\":{\"@id\":\"https:\\\/\\\/functionals.com\\\/de\\\/#website\"},\"primaryImageOfPage\":{\"@id\":\"https:\\\/\\\/functionals.com\\\/de\\\/garderobenstander\\\/tertio-dvk-dvkp-2\\\/#primaryimage\"},\"image\":{\"@id\":\"https:\\\/\\\/functionals.com\\\/de\\\/garderobenstander\\\/tertio-dvk-dvkp-2\\\/#primaryimage\"},\"thumbnailUrl\":\"https:\\\/\\\/functionals.com\\\/wp-content\\\/uploads\\\/2024\\\/08\\\/Tertio-DVK-100-FV-scaled.jpg\",\"datePublished\":\"2024-08-13T08:23:33+00:00\",\"breadcrumb\":{\"@id\":\"https:\\\/\\\/functionals.com\\\/de\\\/garderobenstander\\\/tertio-dvk-dvkp-2\\\/#breadcrumb\"},\"inLanguage\":\"de\",\"potentialAction\":[{\"@type\":\"ReadAction\",\"target\":[\"https:\\\/\\\/functionals.com\\\/de\\\/garderobenstander\\\/tertio-dvk-dvkp-2\\\/\"]}],\"author\":{\"@type\":\"Organization\",\"name\":\"Heabb\",\"url\":\"https:\\\/\\\/heabb.nl\"}},{\"@type\":\"ImageObject\",\"inLanguage\":\"de\",\"@id\":\"https:\\\/\\\/functionals.com\\\/de\\\/garderobenstander\\\/tertio-dvk-dvkp-2\\\/#primaryimage\",\"url\":\"https:\\\/\\\/functionals.com\\\/wp-content\\\/uploads\\\/2024\\\/08\\\/Tertio-DVK-100-FV-scaled.jpg\",\"contentUrl\":\"https:\\\/\\\/functionals.com\\\/wp-content\\\/uploads\\\/2024\\\/08\\\/Tertio-DVK-100-FV-scaled.jpg\",\"width\":1707,\"height\":2560},{\"@type\":\"BreadcrumbList\",\"@id\":\"https:\\\/\\\/functionals.com\\\/de\\\/garderobenstander\\\/tertio-dvk-dvkp-2\\\/#breadcrumb\",\"itemListElement\":[{\"@type\":\"ListItem\",\"position\":1,\"name\":\"home\",\"item\":\"https:\\\/\\\/functionals.com\\\/de\\\/\"},{\"@type\":\"ListItem\",\"position\":2,\"name\":\"produkte\",\"item\":\"https:\\\/\\\/functionals.com\\\/de\\\/produkte\\\/\"},{\"@type\":\"ListItem\",\"position\":3,\"name\":\"tertio dvk | dvkp\"}]},{\"@type\":\"WebSite\",\"@id\":\"https:\\\/\\\/functionals.com\\\/de\\\/#website\",\"url\":\"https:\\\/\\\/functionals.com\\\/de\\\/\",\"name\":\"Functionals\",\"description\":\"organising spaces\",\"publisher\":{\"@id\":\"https:\\\/\\\/functionals.com\\\/de\\\/#organization\"},\"potentialAction\":[{\"@type\":\"SearchAction\",\"target\":{\"@type\":\"EntryPoint\",\"urlTemplate\":\"https:\\\/\\\/functionals.com\\\/de\\\/?s={search_term_string}\"},\"query-input\":{\"@type\":\"PropertyValueSpecification\",\"valueRequired\":true,\"valueName\":\"search_term_string\"}}],\"inLanguage\":\"de\"},{\"@type\":\"Organization\",\"@id\":\"https:\\\/\\\/functionals.com\\\/de\\\/#organization\",\"name\":\"Functionals\",\"url\":\"https:\\\/\\\/functionals.com\\\/de\\\/\",\"logo\":{\"@type\":\"ImageObject\",\"inLanguage\":\"de\",\"@id\":\"https:\\\/\\\/functionals.com\\\/de\\\/#\\\/schema\\\/logo\\\/image\\\/\",\"url\":\"https:\\\/\\\/functionals.com\\\/wp-content\\\/uploads\\\/2024\\\/08\\\/Functionals-logo-5cm-300dpi.jpg\",\"contentUrl\":\"https:\\\/\\\/functionals.com\\\/wp-content\\\/uploads\\\/2024\\\/08\\\/Functionals-logo-5cm-300dpi.jpg\",\"width\":591,\"height\":997,\"caption\":\"Functionals\"},\"image\":{\"@id\":\"https:\\\/\\\/functionals.com\\\/de\\\/#\\\/schema\\\/logo\\\/image\\\/\"},\"sameAs\":[\"https:\\\/\\\/www.facebook.com\\\/functionals.eu\",\"https:\\\/\\\/www.instagram.com\\\/functionals\",\"https:\\\/\\\/www.linkedin.com\\\/company\\\/functionals-com\"]}]}<\/script>\n<!-- \/ Yoast SEO plugin. -->","yoast_head_json":{"title":"tertio dvk | dvkp - functionals","robots":{"index":"index","follow":"follow","max-snippet":"max-snippet:-1","max-image-preview":"max-image-preview:large","max-video-preview":"max-video-preview:-1"},"canonical":"https:\/\/functionals.com\/de\/garderobenstander\/tertio-dvk-dvkp-2\/","og_locale":"de_DE","og_type":"article","og_title":"tertio dvk | dvkp - functionals","og_description":"Tertio DVK | DVKP ist alles, was man sich von einem praktischen Garderobenst\u00e4nder w\u00fcnscht. Mit einer Handbewegung schafft man jede Menge Platz, da auf beiden Seiten Raum f\u00fcr M\u00e4ntel ist. Die Garderobe ist mit Kleiderb\u00fcgeln ausgestattet und standardm\u00e4\u00dfig in L\u00e4ngen von bis zu 3 Metern erh\u00e4ltlich. Tertio DVK | DVKP ist Teil der umfangreichen Tertio-Garderobenserie, entworfen von Gerard Kerklaan.","og_url":"https:\/\/functionals.com\/de\/garderobenstander\/tertio-dvk-dvkp-2\/","og_site_name":"functionals","article_publisher":"https:\/\/www.facebook.com\/functionals.eu","og_image":[{"width":1707,"height":2560,"url":"https:\/\/functionals.com\/wp-content\/uploads\/2024\/08\/Tertio-DVK-100-FV-scaled.jpg","type":"image\/jpeg"}],"twitter_card":"summary_large_image","schema":{"@context":"https:\/\/schema.org","@graph":[{"@type":"WebPage","@id":"https:\/\/functionals.com\/de\/garderobenstander\/tertio-dvk-dvkp-2\/","url":"https:\/\/functionals.com\/de\/garderobenstander\/tertio-dvk-dvkp-2\/","name":"tertio dvk | dvkp - functionals","isPartOf":{"@id":"https:\/\/functionals.com\/de\/#website"},"primaryImageOfPage":{"@id":"https:\/\/functionals.com\/de\/garderobenstander\/tertio-dvk-dvkp-2\/#primaryimage"},"image":{"@id":"https:\/\/functionals.com\/de\/garderobenstander\/tertio-dvk-dvkp-2\/#primaryimage"},"thumbnailUrl":"https:\/\/functionals.com\/wp-content\/uploads\/2024\/08\/Tertio-DVK-100-FV-scaled.jpg","datePublished":"2024-08-13T08:23:33+00:00","breadcrumb":{"@id":"https:\/\/functionals.com\/de\/garderobenstander\/tertio-dvk-dvkp-2\/#breadcrumb"},"inLanguage":"de","potentialAction":[{"@type":"ReadAction","target":["https:\/\/functionals.com\/de\/garderobenstander\/tertio-dvk-dvkp-2\/"]}],"author":{"@type":"Organization","name":"Heabb","url":"https:\/\/heabb.nl"}},{"@type":"ImageObject","inLanguage":"de","@id":"https:\/\/functionals.com\/de\/garderobenstander\/tertio-dvk-dvkp-2\/#primaryimage","url":"https:\/\/functionals.com\/wp-content\/uploads\/2024\/08\/Tertio-DVK-100-FV-scaled.jpg","contentUrl":"https:\/\/functionals.com\/wp-content\/uploads\/2024\/08\/Tertio-DVK-100-FV-scaled.jpg","width":1707,"height":2560},{"@type":"BreadcrumbList","@id":"https:\/\/functionals.com\/de\/garderobenstander\/tertio-dvk-dvkp-2\/#breadcrumb","itemListElement":[{"@type":"ListItem","position":1,"name":"home","item":"https:\/\/functionals.com\/de\/"},{"@type":"ListItem","position":2,"name":"produkte","item":"https:\/\/functionals.com\/de\/produkte\/"},{"@type":"ListItem","position":3,"name":"tertio dvk | dvkp"}]},{"@type":"WebSite","@id":"https:\/\/functionals.com\/de\/#website","url":"https:\/\/functionals.com\/de\/","name":"Functionals","description":"organising spaces","publisher":{"@id":"https:\/\/functionals.com\/de\/#organization"},"potentialAction":[{"@type":"SearchAction","target":{"@type":"EntryPoint","urlTemplate":"https:\/\/functionals.com\/de\/?s={search_term_string}"},"query-input":{"@type":"PropertyValueSpecification","valueRequired":true,"valueName":"search_term_string"}}],"inLanguage":"de"},{"@type":"Organization","@id":"https:\/\/functionals.com\/de\/#organization","name":"Functionals","url":"https:\/\/functionals.com\/de\/","logo":{"@type":"ImageObject","inLanguage":"de","@id":"https:\/\/functionals.com\/de\/#\/schema\/logo\/image\/","url":"https:\/\/functionals.com\/wp-content\/uploads\/2024\/08\/Functionals-logo-5cm-300dpi.jpg","contentUrl":"https:\/\/functionals.com\/wp-content\/uploads\/2024\/08\/Functionals-logo-5cm-300dpi.jpg","width":591,"height":997,"caption":"Functionals"},"image":{"@id":"https:\/\/functionals.com\/de\/#\/schema\/logo\/image\/"},"sameAs":["https:\/\/www.facebook.com\/functionals.eu","https:\/\/www.instagram.com\/functionals","https:\/\/www.linkedin.com\/company\/functionals-com"]}]}},"_links":{"self":[{"href":"https:\/\/functionals.com\/de\/wp-json\/wp\/v2\/product\/25620","targetHints":{"allow":["GET"]}}],"collection":[{"href":"https:\/\/functionals.com\/de\/wp-json\/wp\/v2\/product"}],"about":[{"href":"https:\/\/functionals.com\/de\/wp-json\/wp\/v2\/types\/product"}],"wp:featuredmedia":[{"embeddable":true,"href":"https:\/\/functionals.com\/de\/wp-json\/wp\/v2\/media\/8202"}],"wp:attachment":[{"href":"https:\/\/functionals.com\/de\/wp-json\/wp\/v2\/media?parent=25620"}],"wp:term":[{"taxonomy":"product_brand","embeddable":true,"href":"https:\/\/functionals.com\/de\/wp-json\/wp\/v2\/product_brand?post=25620"},{"taxonomy":"product_cat","embeddable":true,"href":"https:\/\/functionals.com\/de\/wp-json\/wp\/v2\/product_cat?post=25620"},{"taxonomy":"product_tag","embeddable":true,"href":"https:\/\/functionals.com\/de\/wp-json\/wp\/v2\/product_tag?post=25620"}],"curies":[{"name":"wp","href":"https:\/\/api.w.org\/{rel}","templated":true}]}}