{"id":25225,"date":"2024-08-15T15:24:09","date_gmt":"2024-08-15T13:24:09","guid":{"rendered":"https:\/\/functionals.com\/uncategorized\/tertio-bdv-bdvs\/"},"modified":"2024-08-15T15:24:09","modified_gmt":"2024-08-15T13:24:09","slug":"tertio-bdv-bdvs","status":"publish","type":"product","link":"https:\/\/functionals.com\/de\/banke\/tertio-bdv-bdvs\/","title":{"rendered":"tertio bdv+ | bdvs+"},"content":{"rendered":"","protected":false},"excerpt":{"rendered":"<p>Ein flexibles Garderobensystem und eine stilvolle Bank in einem: Die freistehende Garderobenbank Tertio BDV+ | BDVS+ verf\u00fcgt \u00fcber eine doppelte Sitzfl\u00e4che, doppelte Kleiderhaken und ein Taschenregal. Standardm\u00e4\u00dfig in L\u00e4ngen von bis zu 3 Metern erh\u00e4ltlich. Tertio BDV+ | BDVS+ ist Teil der umfangreichen Tertio-Garderobenserie, entworfen von Gerard Kerklaan. Die verschiedenen Bankgr\u00f6\u00dfen fallen besonders durch den charakteristischen pulverbeschichteten Stahlrahmen in Kombination mit dem klar lackierten Buchenholz auf. Tertio BDVS+ ist mit einem Schuhregal ausgestattet.    <\/p>\n","protected":false},"featured_media":10890,"template":"","meta":{"_acf_changed":false,"inline_featured_image":false},"product_brand":[],"product_cat":[148],"product_tag":[3330,3334,3331,3329,3335],"class_list":{"0":"post-25225","1":"product","2":"type-product","3":"status-publish","4":"has-post-thumbnail","6":"product_cat-banke","7":"product_tag-coat-rack-de","8":"product_tag-gerard-kerklaan-de","9":"product_tag-kapstok-de","10":"product_tag-tertio-de","11":"product_tag-tertio-cloakroom-de","12":"pa_designer-gerard-kerklaan-de","14":"first","15":"instock","16":"taxable","17":"shipping-taxable","18":"purchasable","19":"product-type-variable"},"acf":[],"yoast_head":"<!-- This site is optimized with the Yoast SEO plugin v27.3 - https:\/\/yoast.com\/product\/yoast-seo-wordpress\/ -->\n<title>tertio bdv+ | bdvs+ - functionals<\/title>\n<meta name=\"robots\" content=\"index, follow, max-snippet:-1, max-image-preview:large, max-video-preview:-1\" \/>\n<link rel=\"canonical\" href=\"https:\/\/functionals.com\/de\/banke\/tertio-bdv-bdvs\/\" \/>\n<meta property=\"og:locale\" content=\"de_DE\" \/>\n<meta property=\"og:type\" content=\"article\" \/>\n<meta property=\"og:title\" content=\"tertio bdv+ | bdvs+ - functionals\" \/>\n<meta property=\"og:description\" content=\"Ein flexibles Garderobensystem und eine stilvolle Bank in einem: Die freistehende Garderobenbank Tertio BDV+ | BDVS+ verf\u00fcgt \u00fcber eine doppelte Sitzfl\u00e4che, doppelte Kleiderhaken und ein Taschenregal. Standardm\u00e4\u00dfig in L\u00e4ngen von bis zu 3 Metern erh\u00e4ltlich. Tertio BDV+ | BDVS+ ist Teil der umfangreichen Tertio-Garderobenserie, entworfen von Gerard Kerklaan. Die verschiedenen Bankgr\u00f6\u00dfen fallen besonders durch den charakteristischen pulverbeschichteten Stahlrahmen in Kombination mit dem klar lackierten Buchenholz auf. Tertio BDVS+ ist mit einem Schuhregal ausgestattet.\" \/>\n<meta property=\"og:url\" content=\"https:\/\/functionals.com\/de\/banke\/tertio-bdv-bdvs\/\" \/>\n<meta property=\"og:site_name\" content=\"functionals\" \/>\n<meta property=\"article:publisher\" content=\"https:\/\/www.facebook.com\/functionals.eu\" \/>\n<meta property=\"og:image\" content=\"https:\/\/functionals.com\/wp-content\/uploads\/2024\/08\/Tertio-BDV100-FV-scaled.jpg\" \/>\n\t<meta property=\"og:image:width\" content=\"1707\" \/>\n\t<meta property=\"og:image:height\" content=\"2560\" \/>\n\t<meta property=\"og:image:type\" content=\"image\/jpeg\" \/>\n<meta name=\"twitter:card\" content=\"summary_large_image\" \/>\n<script type=\"application\/ld+json\" class=\"yoast-schema-graph\">{\"@context\":\"https:\\\/\\\/schema.org\",\"@graph\":[{\"@type\":\"WebPage\",\"@id\":\"https:\\\/\\\/functionals.com\\\/de\\\/banke\\\/tertio-bdv-bdvs\\\/\",\"url\":\"https:\\\/\\\/functionals.com\\\/de\\\/banke\\\/tertio-bdv-bdvs\\\/\",\"name\":\"tertio bdv+ | bdvs+ - functionals\",\"isPartOf\":{\"@id\":\"https:\\\/\\\/functionals.com\\\/de\\\/#website\"},\"primaryImageOfPage\":{\"@id\":\"https:\\\/\\\/functionals.com\\\/de\\\/banke\\\/tertio-bdv-bdvs\\\/#primaryimage\"},\"image\":{\"@id\":\"https:\\\/\\\/functionals.com\\\/de\\\/banke\\\/tertio-bdv-bdvs\\\/#primaryimage\"},\"thumbnailUrl\":\"https:\\\/\\\/functionals.com\\\/wp-content\\\/uploads\\\/2024\\\/08\\\/Tertio-BDV100-FV-scaled.jpg\",\"datePublished\":\"2024-08-15T13:24:09+00:00\",\"breadcrumb\":{\"@id\":\"https:\\\/\\\/functionals.com\\\/de\\\/banke\\\/tertio-bdv-bdvs\\\/#breadcrumb\"},\"inLanguage\":\"de\",\"potentialAction\":[{\"@type\":\"ReadAction\",\"target\":[\"https:\\\/\\\/functionals.com\\\/de\\\/banke\\\/tertio-bdv-bdvs\\\/\"]}],\"author\":{\"@type\":\"Organization\",\"name\":\"Heabb\",\"url\":\"https:\\\/\\\/heabb.nl\"}},{\"@type\":\"ImageObject\",\"inLanguage\":\"de\",\"@id\":\"https:\\\/\\\/functionals.com\\\/de\\\/banke\\\/tertio-bdv-bdvs\\\/#primaryimage\",\"url\":\"https:\\\/\\\/functionals.com\\\/wp-content\\\/uploads\\\/2024\\\/08\\\/Tertio-BDV100-FV-scaled.jpg\",\"contentUrl\":\"https:\\\/\\\/functionals.com\\\/wp-content\\\/uploads\\\/2024\\\/08\\\/Tertio-BDV100-FV-scaled.jpg\",\"width\":1707,\"height\":2560},{\"@type\":\"BreadcrumbList\",\"@id\":\"https:\\\/\\\/functionals.com\\\/de\\\/banke\\\/tertio-bdv-bdvs\\\/#breadcrumb\",\"itemListElement\":[{\"@type\":\"ListItem\",\"position\":1,\"name\":\"home\",\"item\":\"https:\\\/\\\/functionals.com\\\/de\\\/\"},{\"@type\":\"ListItem\",\"position\":2,\"name\":\"produkte\",\"item\":\"https:\\\/\\\/functionals.com\\\/de\\\/produkte\\\/\"},{\"@type\":\"ListItem\",\"position\":3,\"name\":\"tertio bdv+ | bdvs+\"}]},{\"@type\":\"WebSite\",\"@id\":\"https:\\\/\\\/functionals.com\\\/de\\\/#website\",\"url\":\"https:\\\/\\\/functionals.com\\\/de\\\/\",\"name\":\"Functionals\",\"description\":\"organising spaces\",\"publisher\":{\"@id\":\"https:\\\/\\\/functionals.com\\\/de\\\/#organization\"},\"potentialAction\":[{\"@type\":\"SearchAction\",\"target\":{\"@type\":\"EntryPoint\",\"urlTemplate\":\"https:\\\/\\\/functionals.com\\\/de\\\/?s={search_term_string}\"},\"query-input\":{\"@type\":\"PropertyValueSpecification\",\"valueRequired\":true,\"valueName\":\"search_term_string\"}}],\"inLanguage\":\"de\"},{\"@type\":\"Organization\",\"@id\":\"https:\\\/\\\/functionals.com\\\/de\\\/#organization\",\"name\":\"Functionals\",\"url\":\"https:\\\/\\\/functionals.com\\\/de\\\/\",\"logo\":{\"@type\":\"ImageObject\",\"inLanguage\":\"de\",\"@id\":\"https:\\\/\\\/functionals.com\\\/de\\\/#\\\/schema\\\/logo\\\/image\\\/\",\"url\":\"https:\\\/\\\/functionals.com\\\/wp-content\\\/uploads\\\/2024\\\/08\\\/Functionals-logo-5cm-300dpi.jpg\",\"contentUrl\":\"https:\\\/\\\/functionals.com\\\/wp-content\\\/uploads\\\/2024\\\/08\\\/Functionals-logo-5cm-300dpi.jpg\",\"width\":591,\"height\":997,\"caption\":\"Functionals\"},\"image\":{\"@id\":\"https:\\\/\\\/functionals.com\\\/de\\\/#\\\/schema\\\/logo\\\/image\\\/\"},\"sameAs\":[\"https:\\\/\\\/www.facebook.com\\\/functionals.eu\",\"https:\\\/\\\/www.instagram.com\\\/functionals\",\"https:\\\/\\\/www.linkedin.com\\\/company\\\/functionals-com\"]}]}<\/script>\n<!-- \/ Yoast SEO plugin. -->","yoast_head_json":{"title":"tertio bdv+ | bdvs+ - functionals","robots":{"index":"index","follow":"follow","max-snippet":"max-snippet:-1","max-image-preview":"max-image-preview:large","max-video-preview":"max-video-preview:-1"},"canonical":"https:\/\/functionals.com\/de\/banke\/tertio-bdv-bdvs\/","og_locale":"de_DE","og_type":"article","og_title":"tertio bdv+ | bdvs+ - functionals","og_description":"Ein flexibles Garderobensystem und eine stilvolle Bank in einem: Die freistehende Garderobenbank Tertio BDV+ | BDVS+ verf\u00fcgt \u00fcber eine doppelte Sitzfl\u00e4che, doppelte Kleiderhaken und ein Taschenregal. Standardm\u00e4\u00dfig in L\u00e4ngen von bis zu 3 Metern erh\u00e4ltlich. Tertio BDV+ | BDVS+ ist Teil der umfangreichen Tertio-Garderobenserie, entworfen von Gerard Kerklaan. Die verschiedenen Bankgr\u00f6\u00dfen fallen besonders durch den charakteristischen pulverbeschichteten Stahlrahmen in Kombination mit dem klar lackierten Buchenholz auf. Tertio BDVS+ ist mit einem Schuhregal ausgestattet.","og_url":"https:\/\/functionals.com\/de\/banke\/tertio-bdv-bdvs\/","og_site_name":"functionals","article_publisher":"https:\/\/www.facebook.com\/functionals.eu","og_image":[{"width":1707,"height":2560,"url":"https:\/\/functionals.com\/wp-content\/uploads\/2024\/08\/Tertio-BDV100-FV-scaled.jpg","type":"image\/jpeg"}],"twitter_card":"summary_large_image","schema":{"@context":"https:\/\/schema.org","@graph":[{"@type":"WebPage","@id":"https:\/\/functionals.com\/de\/banke\/tertio-bdv-bdvs\/","url":"https:\/\/functionals.com\/de\/banke\/tertio-bdv-bdvs\/","name":"tertio bdv+ | bdvs+ - functionals","isPartOf":{"@id":"https:\/\/functionals.com\/de\/#website"},"primaryImageOfPage":{"@id":"https:\/\/functionals.com\/de\/banke\/tertio-bdv-bdvs\/#primaryimage"},"image":{"@id":"https:\/\/functionals.com\/de\/banke\/tertio-bdv-bdvs\/#primaryimage"},"thumbnailUrl":"https:\/\/functionals.com\/wp-content\/uploads\/2024\/08\/Tertio-BDV100-FV-scaled.jpg","datePublished":"2024-08-15T13:24:09+00:00","breadcrumb":{"@id":"https:\/\/functionals.com\/de\/banke\/tertio-bdv-bdvs\/#breadcrumb"},"inLanguage":"de","potentialAction":[{"@type":"ReadAction","target":["https:\/\/functionals.com\/de\/banke\/tertio-bdv-bdvs\/"]}],"author":{"@type":"Organization","name":"Heabb","url":"https:\/\/heabb.nl"}},{"@type":"ImageObject","inLanguage":"de","@id":"https:\/\/functionals.com\/de\/banke\/tertio-bdv-bdvs\/#primaryimage","url":"https:\/\/functionals.com\/wp-content\/uploads\/2024\/08\/Tertio-BDV100-FV-scaled.jpg","contentUrl":"https:\/\/functionals.com\/wp-content\/uploads\/2024\/08\/Tertio-BDV100-FV-scaled.jpg","width":1707,"height":2560},{"@type":"BreadcrumbList","@id":"https:\/\/functionals.com\/de\/banke\/tertio-bdv-bdvs\/#breadcrumb","itemListElement":[{"@type":"ListItem","position":1,"name":"home","item":"https:\/\/functionals.com\/de\/"},{"@type":"ListItem","position":2,"name":"produkte","item":"https:\/\/functionals.com\/de\/produkte\/"},{"@type":"ListItem","position":3,"name":"tertio bdv+ | bdvs+"}]},{"@type":"WebSite","@id":"https:\/\/functionals.com\/de\/#website","url":"https:\/\/functionals.com\/de\/","name":"Functionals","description":"organising spaces","publisher":{"@id":"https:\/\/functionals.com\/de\/#organization"},"potentialAction":[{"@type":"SearchAction","target":{"@type":"EntryPoint","urlTemplate":"https:\/\/functionals.com\/de\/?s={search_term_string}"},"query-input":{"@type":"PropertyValueSpecification","valueRequired":true,"valueName":"search_term_string"}}],"inLanguage":"de"},{"@type":"Organization","@id":"https:\/\/functionals.com\/de\/#organization","name":"Functionals","url":"https:\/\/functionals.com\/de\/","logo":{"@type":"ImageObject","inLanguage":"de","@id":"https:\/\/functionals.com\/de\/#\/schema\/logo\/image\/","url":"https:\/\/functionals.com\/wp-content\/uploads\/2024\/08\/Functionals-logo-5cm-300dpi.jpg","contentUrl":"https:\/\/functionals.com\/wp-content\/uploads\/2024\/08\/Functionals-logo-5cm-300dpi.jpg","width":591,"height":997,"caption":"Functionals"},"image":{"@id":"https:\/\/functionals.com\/de\/#\/schema\/logo\/image\/"},"sameAs":["https:\/\/www.facebook.com\/functionals.eu","https:\/\/www.instagram.com\/functionals","https:\/\/www.linkedin.com\/company\/functionals-com"]}]}},"_links":{"self":[{"href":"https:\/\/functionals.com\/de\/wp-json\/wp\/v2\/product\/25225","targetHints":{"allow":["GET"]}}],"collection":[{"href":"https:\/\/functionals.com\/de\/wp-json\/wp\/v2\/product"}],"about":[{"href":"https:\/\/functionals.com\/de\/wp-json\/wp\/v2\/types\/product"}],"wp:featuredmedia":[{"embeddable":true,"href":"https:\/\/functionals.com\/de\/wp-json\/wp\/v2\/media\/10890"}],"wp:attachment":[{"href":"https:\/\/functionals.com\/de\/wp-json\/wp\/v2\/media?parent=25225"}],"wp:term":[{"taxonomy":"product_brand","embeddable":true,"href":"https:\/\/functionals.com\/de\/wp-json\/wp\/v2\/product_brand?post=25225"},{"taxonomy":"product_cat","embeddable":true,"href":"https:\/\/functionals.com\/de\/wp-json\/wp\/v2\/product_cat?post=25225"},{"taxonomy":"product_tag","embeddable":true,"href":"https:\/\/functionals.com\/de\/wp-json\/wp\/v2\/product_tag?post=25225"}],"curies":[{"name":"wp","href":"https:\/\/api.w.org\/{rel}","templated":true}]}}