{"id":25212,"date":"2024-08-29T17:06:26","date_gmt":"2024-08-29T15:06:26","guid":{"rendered":"https:\/\/functionals.com\/unkategorisiert\/swivel-floor\/"},"modified":"2024-08-29T17:06:26","modified_gmt":"2024-08-29T15:06:26","slug":"swivel-floor","status":"publish","type":"product","link":"https:\/\/functionals.com\/de\/leuchten\/swivel-floor\/","title":{"rendered":"swivel floor"},"content":{"rendered":"","protected":false},"excerpt":{"rendered":"<p>Wenn eines seiner Produkte als \u201efeine Handwerkskunst\u201c bezeichnet wird, ist das f\u00fcr Dick van Hoff das gr\u00f6\u00dfte Kompliment. Er betont jedoch, dass er sich nicht f\u00fcr Perfektion interessiert. Seine Produkte sind schlicht gefertigt, meist aus rohen Materialien. Die Swivel Light, die er f\u00fcr Functionals entworfen hat, ist ein eindrucksvolles Beispiel: Sie hat markante Linien und besteht aus langlebigem, pulverbeschichtetem Stahl.   <\/p>\n","protected":false},"featured_media":12590,"template":"","meta":{"_acf_changed":false,"inline_featured_image":false},"product_brand":[],"product_cat":[190],"product_tag":[3326,3322,3321,3318,3319,3320,3328,3327,3323,3324,3325],"class_list":{"0":"post-25212","1":"product","2":"type-product","3":"status-publish","4":"has-post-thumbnail","6":"product_cat-leuchten","7":"product_tag-concrete-de","8":"product_tag-dick-van-hoff-de","9":"product_tag-fabric-lampshade-de","10":"product_tag-lamp-de","11":"product_tag-staande-lamp-de","12":"product_tag-standing-lamp-de","13":"product_tag-stoffe-kap-de","14":"product_tag-stoffe-lampenkap-de","15":"product_tag-swivel-de","16":"product_tag-swivel-floor-de","17":"product_tag-swivel-wall-de","18":"pa_designer-dick-van-hoff-de","20":"first","21":"instock","22":"taxable","23":"shipping-taxable","24":"purchasable","25":"product-type-variable"},"acf":[],"yoast_head":"<!-- This site is optimized with the Yoast SEO plugin v27.3 - https:\/\/yoast.com\/product\/yoast-seo-wordpress\/ -->\n<title>swivel floor - functionals<\/title>\n<meta name=\"robots\" content=\"index, follow, max-snippet:-1, max-image-preview:large, max-video-preview:-1\" \/>\n<link rel=\"canonical\" href=\"https:\/\/functionals.com\/de\/leuchten\/swivel-floor\/\" \/>\n<meta property=\"og:locale\" content=\"de_DE\" \/>\n<meta property=\"og:type\" content=\"article\" \/>\n<meta property=\"og:title\" content=\"swivel floor - functionals\" \/>\n<meta property=\"og:description\" content=\"Wenn eines seiner Produkte als \u201efeine Handwerkskunst\u201c bezeichnet wird, ist das f\u00fcr Dick van Hoff das gr\u00f6\u00dfte Kompliment. Er betont jedoch, dass er sich nicht f\u00fcr Perfektion interessiert. Seine Produkte sind schlicht gefertigt, meist aus rohen Materialien. Die Swivel Light, die er f\u00fcr Functionals entworfen hat, ist ein eindrucksvolles Beispiel: Sie hat markante Linien und besteht aus langlebigem, pulverbeschichtetem Stahl.\" \/>\n<meta property=\"og:url\" content=\"https:\/\/functionals.com\/de\/leuchten\/swivel-floor\/\" \/>\n<meta property=\"og:site_name\" content=\"functionals\" \/>\n<meta property=\"article:publisher\" content=\"https:\/\/www.facebook.com\/functionals.eu\" \/>\n<meta property=\"og:image\" content=\"https:\/\/functionals.com\/wp-content\/uploads\/2024\/08\/Swivel-Floor-Raven-Black-SV-scaled.jpg\" \/>\n\t<meta property=\"og:image:width\" content=\"1707\" \/>\n\t<meta property=\"og:image:height\" content=\"2560\" \/>\n\t<meta property=\"og:image:type\" content=\"image\/jpeg\" \/>\n<meta name=\"twitter:card\" content=\"summary_large_image\" \/>\n<script type=\"application\/ld+json\" class=\"yoast-schema-graph\">{\"@context\":\"https:\\\/\\\/schema.org\",\"@graph\":[{\"@type\":\"WebPage\",\"@id\":\"https:\\\/\\\/functionals.com\\\/de\\\/leuchten\\\/swivel-floor\\\/\",\"url\":\"https:\\\/\\\/functionals.com\\\/de\\\/leuchten\\\/swivel-floor\\\/\",\"name\":\"swivel floor - functionals\",\"isPartOf\":{\"@id\":\"https:\\\/\\\/functionals.com\\\/de\\\/#website\"},\"primaryImageOfPage\":{\"@id\":\"https:\\\/\\\/functionals.com\\\/de\\\/leuchten\\\/swivel-floor\\\/#primaryimage\"},\"image\":{\"@id\":\"https:\\\/\\\/functionals.com\\\/de\\\/leuchten\\\/swivel-floor\\\/#primaryimage\"},\"thumbnailUrl\":\"https:\\\/\\\/functionals.com\\\/wp-content\\\/uploads\\\/2024\\\/08\\\/Swivel-Floor-Raven-Black-SV-scaled.jpg\",\"datePublished\":\"2024-08-29T15:06:26+00:00\",\"breadcrumb\":{\"@id\":\"https:\\\/\\\/functionals.com\\\/de\\\/leuchten\\\/swivel-floor\\\/#breadcrumb\"},\"inLanguage\":\"de\",\"potentialAction\":[{\"@type\":\"ReadAction\",\"target\":[\"https:\\\/\\\/functionals.com\\\/de\\\/leuchten\\\/swivel-floor\\\/\"]}],\"author\":{\"@type\":\"Organization\",\"name\":\"Heabb\",\"url\":\"https:\\\/\\\/heabb.nl\"}},{\"@type\":\"ImageObject\",\"inLanguage\":\"de\",\"@id\":\"https:\\\/\\\/functionals.com\\\/de\\\/leuchten\\\/swivel-floor\\\/#primaryimage\",\"url\":\"https:\\\/\\\/functionals.com\\\/wp-content\\\/uploads\\\/2024\\\/08\\\/Swivel-Floor-Raven-Black-SV-scaled.jpg\",\"contentUrl\":\"https:\\\/\\\/functionals.com\\\/wp-content\\\/uploads\\\/2024\\\/08\\\/Swivel-Floor-Raven-Black-SV-scaled.jpg\",\"width\":1707,\"height\":2560},{\"@type\":\"BreadcrumbList\",\"@id\":\"https:\\\/\\\/functionals.com\\\/de\\\/leuchten\\\/swivel-floor\\\/#breadcrumb\",\"itemListElement\":[{\"@type\":\"ListItem\",\"position\":1,\"name\":\"home\",\"item\":\"https:\\\/\\\/functionals.com\\\/de\\\/\"},{\"@type\":\"ListItem\",\"position\":2,\"name\":\"produkte\",\"item\":\"https:\\\/\\\/functionals.com\\\/de\\\/produkte\\\/\"},{\"@type\":\"ListItem\",\"position\":3,\"name\":\"swivel floor\"}]},{\"@type\":\"WebSite\",\"@id\":\"https:\\\/\\\/functionals.com\\\/de\\\/#website\",\"url\":\"https:\\\/\\\/functionals.com\\\/de\\\/\",\"name\":\"Functionals\",\"description\":\"organising spaces\",\"publisher\":{\"@id\":\"https:\\\/\\\/functionals.com\\\/de\\\/#organization\"},\"potentialAction\":[{\"@type\":\"SearchAction\",\"target\":{\"@type\":\"EntryPoint\",\"urlTemplate\":\"https:\\\/\\\/functionals.com\\\/de\\\/?s={search_term_string}\"},\"query-input\":{\"@type\":\"PropertyValueSpecification\",\"valueRequired\":true,\"valueName\":\"search_term_string\"}}],\"inLanguage\":\"de\"},{\"@type\":\"Organization\",\"@id\":\"https:\\\/\\\/functionals.com\\\/de\\\/#organization\",\"name\":\"Functionals\",\"url\":\"https:\\\/\\\/functionals.com\\\/de\\\/\",\"logo\":{\"@type\":\"ImageObject\",\"inLanguage\":\"de\",\"@id\":\"https:\\\/\\\/functionals.com\\\/de\\\/#\\\/schema\\\/logo\\\/image\\\/\",\"url\":\"https:\\\/\\\/functionals.com\\\/wp-content\\\/uploads\\\/2024\\\/08\\\/Functionals-logo-5cm-300dpi.jpg\",\"contentUrl\":\"https:\\\/\\\/functionals.com\\\/wp-content\\\/uploads\\\/2024\\\/08\\\/Functionals-logo-5cm-300dpi.jpg\",\"width\":591,\"height\":997,\"caption\":\"Functionals\"},\"image\":{\"@id\":\"https:\\\/\\\/functionals.com\\\/de\\\/#\\\/schema\\\/logo\\\/image\\\/\"},\"sameAs\":[\"https:\\\/\\\/www.facebook.com\\\/functionals.eu\",\"https:\\\/\\\/www.instagram.com\\\/functionals\",\"https:\\\/\\\/www.linkedin.com\\\/company\\\/functionals-com\"]}]}<\/script>\n<!-- \/ Yoast SEO plugin. -->","yoast_head_json":{"title":"swivel floor - functionals","robots":{"index":"index","follow":"follow","max-snippet":"max-snippet:-1","max-image-preview":"max-image-preview:large","max-video-preview":"max-video-preview:-1"},"canonical":"https:\/\/functionals.com\/de\/leuchten\/swivel-floor\/","og_locale":"de_DE","og_type":"article","og_title":"swivel floor - functionals","og_description":"Wenn eines seiner Produkte als \u201efeine Handwerkskunst\u201c bezeichnet wird, ist das f\u00fcr Dick van Hoff das gr\u00f6\u00dfte Kompliment. Er betont jedoch, dass er sich nicht f\u00fcr Perfektion interessiert. Seine Produkte sind schlicht gefertigt, meist aus rohen Materialien. Die Swivel Light, die er f\u00fcr Functionals entworfen hat, ist ein eindrucksvolles Beispiel: Sie hat markante Linien und besteht aus langlebigem, pulverbeschichtetem Stahl.","og_url":"https:\/\/functionals.com\/de\/leuchten\/swivel-floor\/","og_site_name":"functionals","article_publisher":"https:\/\/www.facebook.com\/functionals.eu","og_image":[{"width":1707,"height":2560,"url":"https:\/\/functionals.com\/wp-content\/uploads\/2024\/08\/Swivel-Floor-Raven-Black-SV-scaled.jpg","type":"image\/jpeg"}],"twitter_card":"summary_large_image","schema":{"@context":"https:\/\/schema.org","@graph":[{"@type":"WebPage","@id":"https:\/\/functionals.com\/de\/leuchten\/swivel-floor\/","url":"https:\/\/functionals.com\/de\/leuchten\/swivel-floor\/","name":"swivel floor - functionals","isPartOf":{"@id":"https:\/\/functionals.com\/de\/#website"},"primaryImageOfPage":{"@id":"https:\/\/functionals.com\/de\/leuchten\/swivel-floor\/#primaryimage"},"image":{"@id":"https:\/\/functionals.com\/de\/leuchten\/swivel-floor\/#primaryimage"},"thumbnailUrl":"https:\/\/functionals.com\/wp-content\/uploads\/2024\/08\/Swivel-Floor-Raven-Black-SV-scaled.jpg","datePublished":"2024-08-29T15:06:26+00:00","breadcrumb":{"@id":"https:\/\/functionals.com\/de\/leuchten\/swivel-floor\/#breadcrumb"},"inLanguage":"de","potentialAction":[{"@type":"ReadAction","target":["https:\/\/functionals.com\/de\/leuchten\/swivel-floor\/"]}],"author":{"@type":"Organization","name":"Heabb","url":"https:\/\/heabb.nl"}},{"@type":"ImageObject","inLanguage":"de","@id":"https:\/\/functionals.com\/de\/leuchten\/swivel-floor\/#primaryimage","url":"https:\/\/functionals.com\/wp-content\/uploads\/2024\/08\/Swivel-Floor-Raven-Black-SV-scaled.jpg","contentUrl":"https:\/\/functionals.com\/wp-content\/uploads\/2024\/08\/Swivel-Floor-Raven-Black-SV-scaled.jpg","width":1707,"height":2560},{"@type":"BreadcrumbList","@id":"https:\/\/functionals.com\/de\/leuchten\/swivel-floor\/#breadcrumb","itemListElement":[{"@type":"ListItem","position":1,"name":"home","item":"https:\/\/functionals.com\/de\/"},{"@type":"ListItem","position":2,"name":"produkte","item":"https:\/\/functionals.com\/de\/produkte\/"},{"@type":"ListItem","position":3,"name":"swivel floor"}]},{"@type":"WebSite","@id":"https:\/\/functionals.com\/de\/#website","url":"https:\/\/functionals.com\/de\/","name":"Functionals","description":"organising spaces","publisher":{"@id":"https:\/\/functionals.com\/de\/#organization"},"potentialAction":[{"@type":"SearchAction","target":{"@type":"EntryPoint","urlTemplate":"https:\/\/functionals.com\/de\/?s={search_term_string}"},"query-input":{"@type":"PropertyValueSpecification","valueRequired":true,"valueName":"search_term_string"}}],"inLanguage":"de"},{"@type":"Organization","@id":"https:\/\/functionals.com\/de\/#organization","name":"Functionals","url":"https:\/\/functionals.com\/de\/","logo":{"@type":"ImageObject","inLanguage":"de","@id":"https:\/\/functionals.com\/de\/#\/schema\/logo\/image\/","url":"https:\/\/functionals.com\/wp-content\/uploads\/2024\/08\/Functionals-logo-5cm-300dpi.jpg","contentUrl":"https:\/\/functionals.com\/wp-content\/uploads\/2024\/08\/Functionals-logo-5cm-300dpi.jpg","width":591,"height":997,"caption":"Functionals"},"image":{"@id":"https:\/\/functionals.com\/de\/#\/schema\/logo\/image\/"},"sameAs":["https:\/\/www.facebook.com\/functionals.eu","https:\/\/www.instagram.com\/functionals","https:\/\/www.linkedin.com\/company\/functionals-com"]}]}},"_links":{"self":[{"href":"https:\/\/functionals.com\/de\/wp-json\/wp\/v2\/product\/25212","targetHints":{"allow":["GET"]}}],"collection":[{"href":"https:\/\/functionals.com\/de\/wp-json\/wp\/v2\/product"}],"about":[{"href":"https:\/\/functionals.com\/de\/wp-json\/wp\/v2\/types\/product"}],"wp:featuredmedia":[{"embeddable":true,"href":"https:\/\/functionals.com\/de\/wp-json\/wp\/v2\/media\/12590"}],"wp:attachment":[{"href":"https:\/\/functionals.com\/de\/wp-json\/wp\/v2\/media?parent=25212"}],"wp:term":[{"taxonomy":"product_brand","embeddable":true,"href":"https:\/\/functionals.com\/de\/wp-json\/wp\/v2\/product_brand?post=25212"},{"taxonomy":"product_cat","embeddable":true,"href":"https:\/\/functionals.com\/de\/wp-json\/wp\/v2\/product_cat?post=25212"},{"taxonomy":"product_tag","embeddable":true,"href":"https:\/\/functionals.com\/de\/wp-json\/wp\/v2\/product_tag?post=25212"}],"curies":[{"name":"wp","href":"https:\/\/api.w.org\/{rel}","templated":true}]}}