{"id":25061,"date":"2024-10-22T09:30:53","date_gmt":"2024-10-22T07:30:53","guid":{"rendered":"https:\/\/functionals.com\/uncategorized\/monolite-high-round-2\/"},"modified":"2026-03-03T13:43:38","modified_gmt":"2026-03-03T12:43:38","slug":"monolite-high-round-2","status":"publish","type":"product","link":"https:\/\/functionals.com\/de\/tische\/monolite-high-round-2\/","title":{"rendered":"monolite high round"},"content":{"rendered":"","protected":false},"excerpt":{"rendered":"<p>Bei der Gestaltung der Monolite-Tischserie lie\u00df sich Boris Berlin von Monolithen inspirieren \u2013 gro\u00dfen, plattenf\u00f6rmigen Skulpturen aus einem einzigen Gesteinsblock. Ebenso klar in der Form hat der Monolite eine selbsttragende Tischplatte \u2013 ein st\u00fctzender Rahmen ist nicht notwendig. Die matte Beschichtung in einer Farbe unterstreicht den monolithischen Charakter. Monolite ist in verschiedenen Gr\u00f6\u00dfen und Farben erh\u00e4ltlich. Dank der vielen Optionen gibt es einen Monolite f\u00fcr jeden Konferenzraum, jedes B\u00fcro oder Esszimmer.<\/p>\n","protected":false},"featured_media":11668,"template":"","meta":{"_acf_changed":false,"inline_featured_image":false},"product_brand":[],"product_cat":[182],"product_tag":[],"class_list":{"0":"post-25061","1":"product","2":"type-product","3":"status-publish","4":"has-post-thumbnail","6":"product_cat-tische","7":"pa_designer-boris-berlin-de","9":"first","10":"instock","11":"taxable","12":"shipping-taxable","13":"purchasable","14":"product-type-variable"},"acf":[],"yoast_head":"<!-- This site is optimized with the Yoast SEO plugin v27.5 - https:\/\/yoast.com\/product\/yoast-seo-wordpress\/ -->\n<title>monolite high round - functionals<\/title>\n<meta name=\"robots\" content=\"index, follow, max-snippet:-1, max-image-preview:large, max-video-preview:-1\" \/>\n<link rel=\"canonical\" href=\"https:\/\/functionals.com\/de\/tische\/monolite-high-round-2\/\" \/>\n<meta property=\"og:locale\" content=\"de_DE\" \/>\n<meta property=\"og:type\" content=\"article\" \/>\n<meta property=\"og:title\" content=\"monolite high round - functionals\" \/>\n<meta property=\"og:description\" content=\"Bei der Gestaltung der Monolite-Tischserie lie\u00df sich Boris Berlin von Monolithen inspirieren \u2013 gro\u00dfen, plattenf\u00f6rmigen Skulpturen aus einem einzigen Gesteinsblock. Ebenso klar in der Form hat der Monolite eine selbsttragende Tischplatte \u2013 ein st\u00fctzender Rahmen ist nicht notwendig. Die matte Beschichtung in einer Farbe unterstreicht den monolithischen Charakter. Monolite ist in verschiedenen Gr\u00f6\u00dfen und Farben erh\u00e4ltlich. Dank der vielen Optionen gibt es einen Monolite f\u00fcr jeden Konferenzraum, jedes B\u00fcro oder Esszimmer.\" \/>\n<meta property=\"og:url\" content=\"https:\/\/functionals.com\/de\/tische\/monolite-high-round-2\/\" \/>\n<meta property=\"og:site_name\" content=\"functionals\" \/>\n<meta property=\"article:publisher\" content=\"https:\/\/www.facebook.com\/functionals.eu\" \/>\n<meta property=\"article:modified_time\" content=\"2026-03-03T12:43:38+00:00\" \/>\n<meta property=\"og:image\" content=\"https:\/\/functionals.com\/wp-content\/uploads\/2024\/12\/family-portait-1.jpg\" \/>\n\t<meta property=\"og:image:width\" content=\"2000\" \/>\n\t<meta property=\"og:image:height\" content=\"1317\" \/>\n\t<meta property=\"og:image:type\" content=\"image\/jpeg\" \/>\n<meta name=\"twitter:card\" content=\"summary_large_image\" \/>\n<script type=\"application\/ld+json\" class=\"yoast-schema-graph\">{\"@context\":\"https:\\\/\\\/schema.org\",\"@graph\":[{\"@type\":\"WebPage\",\"@id\":\"https:\\\/\\\/functionals.com\\\/de\\\/tische\\\/monolite-high-round-2\\\/\",\"url\":\"https:\\\/\\\/functionals.com\\\/de\\\/tische\\\/monolite-high-round-2\\\/\",\"name\":\"monolite high round - functionals\",\"isPartOf\":{\"@id\":\"https:\\\/\\\/functionals.com\\\/de\\\/#website\"},\"primaryImageOfPage\":{\"@id\":\"https:\\\/\\\/functionals.com\\\/de\\\/tische\\\/monolite-high-round-2\\\/#primaryimage\"},\"image\":{\"@id\":\"https:\\\/\\\/functionals.com\\\/de\\\/tische\\\/monolite-high-round-2\\\/#primaryimage\"},\"thumbnailUrl\":\"https:\\\/\\\/functionals.com\\\/wp-content\\\/uploads\\\/2024\\\/10\\\/Monolite-High-Round-Pfleiderer-White-110-FV-scaled.jpg\",\"datePublished\":\"2024-10-22T07:30:53+00:00\",\"dateModified\":\"2026-03-03T12:43:38+00:00\",\"breadcrumb\":{\"@id\":\"https:\\\/\\\/functionals.com\\\/de\\\/tische\\\/monolite-high-round-2\\\/#breadcrumb\"},\"inLanguage\":\"de\",\"potentialAction\":[{\"@type\":\"ReadAction\",\"target\":[\"https:\\\/\\\/functionals.com\\\/de\\\/tische\\\/monolite-high-round-2\\\/\"]}],\"author\":{\"@type\":\"Organization\",\"name\":\"Heabb\",\"url\":\"https:\\\/\\\/heabb.nl\"}},{\"@type\":\"ImageObject\",\"inLanguage\":\"de\",\"@id\":\"https:\\\/\\\/functionals.com\\\/de\\\/tische\\\/monolite-high-round-2\\\/#primaryimage\",\"url\":\"https:\\\/\\\/functionals.com\\\/wp-content\\\/uploads\\\/2024\\\/10\\\/Monolite-High-Round-Pfleiderer-White-110-FV-scaled.jpg\",\"contentUrl\":\"https:\\\/\\\/functionals.com\\\/wp-content\\\/uploads\\\/2024\\\/10\\\/Monolite-High-Round-Pfleiderer-White-110-FV-scaled.jpg\",\"width\":1707,\"height\":2560},{\"@type\":\"BreadcrumbList\",\"@id\":\"https:\\\/\\\/functionals.com\\\/de\\\/tische\\\/monolite-high-round-2\\\/#breadcrumb\",\"itemListElement\":[{\"@type\":\"ListItem\",\"position\":1,\"name\":\"home\",\"item\":\"https:\\\/\\\/functionals.com\\\/de\\\/\"},{\"@type\":\"ListItem\",\"position\":2,\"name\":\"produkte\",\"item\":\"https:\\\/\\\/functionals.com\\\/de\\\/produkte\\\/\"},{\"@type\":\"ListItem\",\"position\":3,\"name\":\"monolite high round\"}]},{\"@type\":\"WebSite\",\"@id\":\"https:\\\/\\\/functionals.com\\\/de\\\/#website\",\"url\":\"https:\\\/\\\/functionals.com\\\/de\\\/\",\"name\":\"Functionals\",\"description\":\"organising spaces\",\"publisher\":{\"@id\":\"https:\\\/\\\/functionals.com\\\/de\\\/#organization\"},\"potentialAction\":[{\"@type\":\"SearchAction\",\"target\":{\"@type\":\"EntryPoint\",\"urlTemplate\":\"https:\\\/\\\/functionals.com\\\/de\\\/?s={search_term_string}\"},\"query-input\":{\"@type\":\"PropertyValueSpecification\",\"valueRequired\":true,\"valueName\":\"search_term_string\"}}],\"inLanguage\":\"de\"},{\"@type\":\"Organization\",\"@id\":\"https:\\\/\\\/functionals.com\\\/de\\\/#organization\",\"name\":\"Functionals\",\"url\":\"https:\\\/\\\/functionals.com\\\/de\\\/\",\"logo\":{\"@type\":\"ImageObject\",\"inLanguage\":\"de\",\"@id\":\"https:\\\/\\\/functionals.com\\\/de\\\/#\\\/schema\\\/logo\\\/image\\\/\",\"url\":\"https:\\\/\\\/functionals.com\\\/wp-content\\\/uploads\\\/2024\\\/08\\\/Functionals-logo-5cm-300dpi.jpg\",\"contentUrl\":\"https:\\\/\\\/functionals.com\\\/wp-content\\\/uploads\\\/2024\\\/08\\\/Functionals-logo-5cm-300dpi.jpg\",\"width\":591,\"height\":997,\"caption\":\"Functionals\"},\"image\":{\"@id\":\"https:\\\/\\\/functionals.com\\\/de\\\/#\\\/schema\\\/logo\\\/image\\\/\"},\"sameAs\":[\"https:\\\/\\\/www.facebook.com\\\/functionals.eu\",\"https:\\\/\\\/www.instagram.com\\\/functionals\",\"https:\\\/\\\/www.linkedin.com\\\/company\\\/functionals-com\"]}]}<\/script>\n<!-- \/ Yoast SEO plugin. -->","yoast_head_json":{"title":"monolite high round - functionals","robots":{"index":"index","follow":"follow","max-snippet":"max-snippet:-1","max-image-preview":"max-image-preview:large","max-video-preview":"max-video-preview:-1"},"canonical":"https:\/\/functionals.com\/de\/tische\/monolite-high-round-2\/","og_locale":"de_DE","og_type":"article","og_title":"monolite high round - functionals","og_description":"Bei der Gestaltung der Monolite-Tischserie lie\u00df sich Boris Berlin von Monolithen inspirieren \u2013 gro\u00dfen, plattenf\u00f6rmigen Skulpturen aus einem einzigen Gesteinsblock. Ebenso klar in der Form hat der Monolite eine selbsttragende Tischplatte \u2013 ein st\u00fctzender Rahmen ist nicht notwendig. Die matte Beschichtung in einer Farbe unterstreicht den monolithischen Charakter. Monolite ist in verschiedenen Gr\u00f6\u00dfen und Farben erh\u00e4ltlich. Dank der vielen Optionen gibt es einen Monolite f\u00fcr jeden Konferenzraum, jedes B\u00fcro oder Esszimmer.","og_url":"https:\/\/functionals.com\/de\/tische\/monolite-high-round-2\/","og_site_name":"functionals","article_publisher":"https:\/\/www.facebook.com\/functionals.eu","article_modified_time":"2026-03-03T12:43:38+00:00","og_image":[{"width":2000,"height":1317,"url":"https:\/\/functionals.com\/wp-content\/uploads\/2024\/12\/family-portait-1.jpg","type":"image\/jpeg"}],"twitter_card":"summary_large_image","schema":{"@context":"https:\/\/schema.org","@graph":[{"@type":"WebPage","@id":"https:\/\/functionals.com\/de\/tische\/monolite-high-round-2\/","url":"https:\/\/functionals.com\/de\/tische\/monolite-high-round-2\/","name":"monolite high round - functionals","isPartOf":{"@id":"https:\/\/functionals.com\/de\/#website"},"primaryImageOfPage":{"@id":"https:\/\/functionals.com\/de\/tische\/monolite-high-round-2\/#primaryimage"},"image":{"@id":"https:\/\/functionals.com\/de\/tische\/monolite-high-round-2\/#primaryimage"},"thumbnailUrl":"https:\/\/functionals.com\/wp-content\/uploads\/2024\/10\/Monolite-High-Round-Pfleiderer-White-110-FV-scaled.jpg","datePublished":"2024-10-22T07:30:53+00:00","dateModified":"2026-03-03T12:43:38+00:00","breadcrumb":{"@id":"https:\/\/functionals.com\/de\/tische\/monolite-high-round-2\/#breadcrumb"},"inLanguage":"de","potentialAction":[{"@type":"ReadAction","target":["https:\/\/functionals.com\/de\/tische\/monolite-high-round-2\/"]}],"author":{"@type":"Organization","name":"Heabb","url":"https:\/\/heabb.nl"}},{"@type":"ImageObject","inLanguage":"de","@id":"https:\/\/functionals.com\/de\/tische\/monolite-high-round-2\/#primaryimage","url":"https:\/\/functionals.com\/wp-content\/uploads\/2024\/10\/Monolite-High-Round-Pfleiderer-White-110-FV-scaled.jpg","contentUrl":"https:\/\/functionals.com\/wp-content\/uploads\/2024\/10\/Monolite-High-Round-Pfleiderer-White-110-FV-scaled.jpg","width":1707,"height":2560},{"@type":"BreadcrumbList","@id":"https:\/\/functionals.com\/de\/tische\/monolite-high-round-2\/#breadcrumb","itemListElement":[{"@type":"ListItem","position":1,"name":"home","item":"https:\/\/functionals.com\/de\/"},{"@type":"ListItem","position":2,"name":"produkte","item":"https:\/\/functionals.com\/de\/produkte\/"},{"@type":"ListItem","position":3,"name":"monolite high round"}]},{"@type":"WebSite","@id":"https:\/\/functionals.com\/de\/#website","url":"https:\/\/functionals.com\/de\/","name":"Functionals","description":"organising spaces","publisher":{"@id":"https:\/\/functionals.com\/de\/#organization"},"potentialAction":[{"@type":"SearchAction","target":{"@type":"EntryPoint","urlTemplate":"https:\/\/functionals.com\/de\/?s={search_term_string}"},"query-input":{"@type":"PropertyValueSpecification","valueRequired":true,"valueName":"search_term_string"}}],"inLanguage":"de"},{"@type":"Organization","@id":"https:\/\/functionals.com\/de\/#organization","name":"Functionals","url":"https:\/\/functionals.com\/de\/","logo":{"@type":"ImageObject","inLanguage":"de","@id":"https:\/\/functionals.com\/de\/#\/schema\/logo\/image\/","url":"https:\/\/functionals.com\/wp-content\/uploads\/2024\/08\/Functionals-logo-5cm-300dpi.jpg","contentUrl":"https:\/\/functionals.com\/wp-content\/uploads\/2024\/08\/Functionals-logo-5cm-300dpi.jpg","width":591,"height":997,"caption":"Functionals"},"image":{"@id":"https:\/\/functionals.com\/de\/#\/schema\/logo\/image\/"},"sameAs":["https:\/\/www.facebook.com\/functionals.eu","https:\/\/www.instagram.com\/functionals","https:\/\/www.linkedin.com\/company\/functionals-com"]}]}},"_links":{"self":[{"href":"https:\/\/functionals.com\/de\/wp-json\/wp\/v2\/product\/25061","targetHints":{"allow":["GET"]}}],"collection":[{"href":"https:\/\/functionals.com\/de\/wp-json\/wp\/v2\/product"}],"about":[{"href":"https:\/\/functionals.com\/de\/wp-json\/wp\/v2\/types\/product"}],"wp:featuredmedia":[{"embeddable":true,"href":"https:\/\/functionals.com\/de\/wp-json\/wp\/v2\/media\/11668"}],"wp:attachment":[{"href":"https:\/\/functionals.com\/de\/wp-json\/wp\/v2\/media?parent=25061"}],"wp:term":[{"taxonomy":"product_brand","embeddable":true,"href":"https:\/\/functionals.com\/de\/wp-json\/wp\/v2\/product_brand?post=25061"},{"taxonomy":"product_cat","embeddable":true,"href":"https:\/\/functionals.com\/de\/wp-json\/wp\/v2\/product_cat?post=25061"},{"taxonomy":"product_tag","embeddable":true,"href":"https:\/\/functionals.com\/de\/wp-json\/wp\/v2\/product_tag?post=25061"}],"curies":[{"name":"wp","href":"https:\/\/api.w.org\/{rel}","templated":true}]}}