{"id":24785,"date":"2024-10-03T13:51:16","date_gmt":"2024-10-03T11:51:16","guid":{"rendered":"https:\/\/functionals.com\/uncategorized\/krok-hjh-30-60-90-2\/"},"modified":"2024-10-03T13:51:16","modified_gmt":"2024-10-03T11:51:16","slug":"krok-hjh-30-60-90-2","status":"publish","type":"product","link":"https:\/\/functionals.com\/de\/wandgarderobe\/krok-hjh-30-60-90-2\/","title":{"rendered":"krok hjh 30-60-90"},"content":{"rendered":"","protected":false},"excerpt":{"rendered":"<p>Die Krok-Serie von Wandhaken besticht durch ihre Schlichtheit. Die drei Wandgarderoben Krok HJH 30, 60 und 90 verf\u00fcgen \u00fcber zwei, f\u00fcnf oder acht hochwertige Doppelhaken aus Kunststoff. Die stabile Stahlwandplatte kann mit den mitgelieferten, farblich passenden Schrauben an Holz-, Ziegel- oder Betonw\u00e4nden montiert werden.  <\/p>\n","protected":false},"featured_media":6717,"template":"","meta":{"_acf_changed":false,"inline_featured_image":false},"product_brand":[],"product_cat":[191],"product_tag":[3330,3331,3345,3346],"class_list":{"0":"post-24785","1":"product","2":"type-product","3":"status-publish","4":"has-post-thumbnail","6":"product_cat-wandgarderobe","7":"product_tag-coat-rack-de","8":"product_tag-kapstok-de","9":"product_tag-wall-coat-rack-de","10":"product_tag-wandkapstok-de","11":"pa_designer-mia-lagerman-ehlen-johansson-de","13":"first","14":"instock","15":"taxable","16":"shipping-taxable","17":"purchasable","18":"product-type-variable"},"acf":[],"yoast_head":"<!-- This site is optimized with the Yoast SEO plugin v27.5 - https:\/\/yoast.com\/product\/yoast-seo-wordpress\/ -->\n<title>krok hjh 30-60-90 - functionals<\/title>\n<meta name=\"robots\" content=\"index, follow, max-snippet:-1, max-image-preview:large, max-video-preview:-1\" \/>\n<link rel=\"canonical\" href=\"https:\/\/functionals.com\/de\/wandgarderobe\/krok-hjh-30-60-90-2\/\" \/>\n<meta property=\"og:locale\" content=\"de_DE\" \/>\n<meta property=\"og:type\" content=\"article\" \/>\n<meta property=\"og:title\" content=\"krok hjh 30-60-90 - functionals\" \/>\n<meta property=\"og:description\" content=\"Die Krok-Serie von Wandhaken besticht durch ihre Schlichtheit. Die drei Wandgarderoben Krok HJH 30, 60 und 90 verf\u00fcgen \u00fcber zwei, f\u00fcnf oder acht hochwertige Doppelhaken aus Kunststoff. Die stabile Stahlwandplatte kann mit den mitgelieferten, farblich passenden Schrauben an Holz-, Ziegel- oder Betonw\u00e4nden montiert werden.\" \/>\n<meta property=\"og:url\" content=\"https:\/\/functionals.com\/de\/wandgarderobe\/krok-hjh-30-60-90-2\/\" \/>\n<meta property=\"og:site_name\" content=\"functionals\" \/>\n<meta property=\"article:publisher\" content=\"https:\/\/www.facebook.com\/functionals.eu\" \/>\n<meta property=\"og:image\" content=\"https:\/\/functionals.com\/wp-content\/uploads\/2024\/10\/Krok-HJH-30-Maroon-Red-FV-scaled.jpg\" \/>\n\t<meta property=\"og:image:width\" content=\"1707\" \/>\n\t<meta property=\"og:image:height\" content=\"2560\" \/>\n\t<meta property=\"og:image:type\" content=\"image\/jpeg\" \/>\n<meta name=\"twitter:card\" content=\"summary_large_image\" \/>\n<script type=\"application\/ld+json\" class=\"yoast-schema-graph\">{\"@context\":\"https:\\\/\\\/schema.org\",\"@graph\":[{\"@type\":\"WebPage\",\"@id\":\"https:\\\/\\\/functionals.com\\\/de\\\/wandgarderobe\\\/krok-hjh-30-60-90-2\\\/\",\"url\":\"https:\\\/\\\/functionals.com\\\/de\\\/wandgarderobe\\\/krok-hjh-30-60-90-2\\\/\",\"name\":\"krok hjh 30-60-90 - functionals\",\"isPartOf\":{\"@id\":\"https:\\\/\\\/functionals.com\\\/de\\\/#website\"},\"primaryImageOfPage\":{\"@id\":\"https:\\\/\\\/functionals.com\\\/de\\\/wandgarderobe\\\/krok-hjh-30-60-90-2\\\/#primaryimage\"},\"image\":{\"@id\":\"https:\\\/\\\/functionals.com\\\/de\\\/wandgarderobe\\\/krok-hjh-30-60-90-2\\\/#primaryimage\"},\"thumbnailUrl\":\"https:\\\/\\\/functionals.com\\\/wp-content\\\/uploads\\\/2024\\\/10\\\/Krok-HJH-30-Maroon-Red-FV-scaled.jpg\",\"datePublished\":\"2024-10-03T11:51:16+00:00\",\"breadcrumb\":{\"@id\":\"https:\\\/\\\/functionals.com\\\/de\\\/wandgarderobe\\\/krok-hjh-30-60-90-2\\\/#breadcrumb\"},\"inLanguage\":\"de\",\"potentialAction\":[{\"@type\":\"ReadAction\",\"target\":[\"https:\\\/\\\/functionals.com\\\/de\\\/wandgarderobe\\\/krok-hjh-30-60-90-2\\\/\"]}],\"author\":{\"@type\":\"Organization\",\"name\":\"Heabb\",\"url\":\"https:\\\/\\\/heabb.nl\"}},{\"@type\":\"ImageObject\",\"inLanguage\":\"de\",\"@id\":\"https:\\\/\\\/functionals.com\\\/de\\\/wandgarderobe\\\/krok-hjh-30-60-90-2\\\/#primaryimage\",\"url\":\"https:\\\/\\\/functionals.com\\\/wp-content\\\/uploads\\\/2024\\\/10\\\/Krok-HJH-30-Maroon-Red-FV-scaled.jpg\",\"contentUrl\":\"https:\\\/\\\/functionals.com\\\/wp-content\\\/uploads\\\/2024\\\/10\\\/Krok-HJH-30-Maroon-Red-FV-scaled.jpg\",\"width\":1707,\"height\":2560},{\"@type\":\"BreadcrumbList\",\"@id\":\"https:\\\/\\\/functionals.com\\\/de\\\/wandgarderobe\\\/krok-hjh-30-60-90-2\\\/#breadcrumb\",\"itemListElement\":[{\"@type\":\"ListItem\",\"position\":1,\"name\":\"home\",\"item\":\"https:\\\/\\\/functionals.com\\\/de\\\/\"},{\"@type\":\"ListItem\",\"position\":2,\"name\":\"produkte\",\"item\":\"https:\\\/\\\/functionals.com\\\/de\\\/produkte\\\/\"},{\"@type\":\"ListItem\",\"position\":3,\"name\":\"krok hjh 30-60-90\"}]},{\"@type\":\"WebSite\",\"@id\":\"https:\\\/\\\/functionals.com\\\/de\\\/#website\",\"url\":\"https:\\\/\\\/functionals.com\\\/de\\\/\",\"name\":\"Functionals\",\"description\":\"organising spaces\",\"publisher\":{\"@id\":\"https:\\\/\\\/functionals.com\\\/de\\\/#organization\"},\"potentialAction\":[{\"@type\":\"SearchAction\",\"target\":{\"@type\":\"EntryPoint\",\"urlTemplate\":\"https:\\\/\\\/functionals.com\\\/de\\\/?s={search_term_string}\"},\"query-input\":{\"@type\":\"PropertyValueSpecification\",\"valueRequired\":true,\"valueName\":\"search_term_string\"}}],\"inLanguage\":\"de\"},{\"@type\":\"Organization\",\"@id\":\"https:\\\/\\\/functionals.com\\\/de\\\/#organization\",\"name\":\"Functionals\",\"url\":\"https:\\\/\\\/functionals.com\\\/de\\\/\",\"logo\":{\"@type\":\"ImageObject\",\"inLanguage\":\"de\",\"@id\":\"https:\\\/\\\/functionals.com\\\/de\\\/#\\\/schema\\\/logo\\\/image\\\/\",\"url\":\"https:\\\/\\\/functionals.com\\\/wp-content\\\/uploads\\\/2024\\\/08\\\/Functionals-logo-5cm-300dpi.jpg\",\"contentUrl\":\"https:\\\/\\\/functionals.com\\\/wp-content\\\/uploads\\\/2024\\\/08\\\/Functionals-logo-5cm-300dpi.jpg\",\"width\":591,\"height\":997,\"caption\":\"Functionals\"},\"image\":{\"@id\":\"https:\\\/\\\/functionals.com\\\/de\\\/#\\\/schema\\\/logo\\\/image\\\/\"},\"sameAs\":[\"https:\\\/\\\/www.facebook.com\\\/functionals.eu\",\"https:\\\/\\\/www.instagram.com\\\/functionals\",\"https:\\\/\\\/www.linkedin.com\\\/company\\\/functionals-com\"]}]}<\/script>\n<!-- \/ Yoast SEO plugin. -->","yoast_head_json":{"title":"krok hjh 30-60-90 - functionals","robots":{"index":"index","follow":"follow","max-snippet":"max-snippet:-1","max-image-preview":"max-image-preview:large","max-video-preview":"max-video-preview:-1"},"canonical":"https:\/\/functionals.com\/de\/wandgarderobe\/krok-hjh-30-60-90-2\/","og_locale":"de_DE","og_type":"article","og_title":"krok hjh 30-60-90 - functionals","og_description":"Die Krok-Serie von Wandhaken besticht durch ihre Schlichtheit. Die drei Wandgarderoben Krok HJH 30, 60 und 90 verf\u00fcgen \u00fcber zwei, f\u00fcnf oder acht hochwertige Doppelhaken aus Kunststoff. Die stabile Stahlwandplatte kann mit den mitgelieferten, farblich passenden Schrauben an Holz-, Ziegel- oder Betonw\u00e4nden montiert werden.","og_url":"https:\/\/functionals.com\/de\/wandgarderobe\/krok-hjh-30-60-90-2\/","og_site_name":"functionals","article_publisher":"https:\/\/www.facebook.com\/functionals.eu","og_image":[{"width":1707,"height":2560,"url":"https:\/\/functionals.com\/wp-content\/uploads\/2024\/10\/Krok-HJH-30-Maroon-Red-FV-scaled.jpg","type":"image\/jpeg"}],"twitter_card":"summary_large_image","schema":{"@context":"https:\/\/schema.org","@graph":[{"@type":"WebPage","@id":"https:\/\/functionals.com\/de\/wandgarderobe\/krok-hjh-30-60-90-2\/","url":"https:\/\/functionals.com\/de\/wandgarderobe\/krok-hjh-30-60-90-2\/","name":"krok hjh 30-60-90 - functionals","isPartOf":{"@id":"https:\/\/functionals.com\/de\/#website"},"primaryImageOfPage":{"@id":"https:\/\/functionals.com\/de\/wandgarderobe\/krok-hjh-30-60-90-2\/#primaryimage"},"image":{"@id":"https:\/\/functionals.com\/de\/wandgarderobe\/krok-hjh-30-60-90-2\/#primaryimage"},"thumbnailUrl":"https:\/\/functionals.com\/wp-content\/uploads\/2024\/10\/Krok-HJH-30-Maroon-Red-FV-scaled.jpg","datePublished":"2024-10-03T11:51:16+00:00","breadcrumb":{"@id":"https:\/\/functionals.com\/de\/wandgarderobe\/krok-hjh-30-60-90-2\/#breadcrumb"},"inLanguage":"de","potentialAction":[{"@type":"ReadAction","target":["https:\/\/functionals.com\/de\/wandgarderobe\/krok-hjh-30-60-90-2\/"]}],"author":{"@type":"Organization","name":"Heabb","url":"https:\/\/heabb.nl"}},{"@type":"ImageObject","inLanguage":"de","@id":"https:\/\/functionals.com\/de\/wandgarderobe\/krok-hjh-30-60-90-2\/#primaryimage","url":"https:\/\/functionals.com\/wp-content\/uploads\/2024\/10\/Krok-HJH-30-Maroon-Red-FV-scaled.jpg","contentUrl":"https:\/\/functionals.com\/wp-content\/uploads\/2024\/10\/Krok-HJH-30-Maroon-Red-FV-scaled.jpg","width":1707,"height":2560},{"@type":"BreadcrumbList","@id":"https:\/\/functionals.com\/de\/wandgarderobe\/krok-hjh-30-60-90-2\/#breadcrumb","itemListElement":[{"@type":"ListItem","position":1,"name":"home","item":"https:\/\/functionals.com\/de\/"},{"@type":"ListItem","position":2,"name":"produkte","item":"https:\/\/functionals.com\/de\/produkte\/"},{"@type":"ListItem","position":3,"name":"krok hjh 30-60-90"}]},{"@type":"WebSite","@id":"https:\/\/functionals.com\/de\/#website","url":"https:\/\/functionals.com\/de\/","name":"Functionals","description":"organising spaces","publisher":{"@id":"https:\/\/functionals.com\/de\/#organization"},"potentialAction":[{"@type":"SearchAction","target":{"@type":"EntryPoint","urlTemplate":"https:\/\/functionals.com\/de\/?s={search_term_string}"},"query-input":{"@type":"PropertyValueSpecification","valueRequired":true,"valueName":"search_term_string"}}],"inLanguage":"de"},{"@type":"Organization","@id":"https:\/\/functionals.com\/de\/#organization","name":"Functionals","url":"https:\/\/functionals.com\/de\/","logo":{"@type":"ImageObject","inLanguage":"de","@id":"https:\/\/functionals.com\/de\/#\/schema\/logo\/image\/","url":"https:\/\/functionals.com\/wp-content\/uploads\/2024\/08\/Functionals-logo-5cm-300dpi.jpg","contentUrl":"https:\/\/functionals.com\/wp-content\/uploads\/2024\/08\/Functionals-logo-5cm-300dpi.jpg","width":591,"height":997,"caption":"Functionals"},"image":{"@id":"https:\/\/functionals.com\/de\/#\/schema\/logo\/image\/"},"sameAs":["https:\/\/www.facebook.com\/functionals.eu","https:\/\/www.instagram.com\/functionals","https:\/\/www.linkedin.com\/company\/functionals-com"]}]}},"_links":{"self":[{"href":"https:\/\/functionals.com\/de\/wp-json\/wp\/v2\/product\/24785","targetHints":{"allow":["GET"]}}],"collection":[{"href":"https:\/\/functionals.com\/de\/wp-json\/wp\/v2\/product"}],"about":[{"href":"https:\/\/functionals.com\/de\/wp-json\/wp\/v2\/types\/product"}],"wp:featuredmedia":[{"embeddable":true,"href":"https:\/\/functionals.com\/de\/wp-json\/wp\/v2\/media\/6717"}],"wp:attachment":[{"href":"https:\/\/functionals.com\/de\/wp-json\/wp\/v2\/media?parent=24785"}],"wp:term":[{"taxonomy":"product_brand","embeddable":true,"href":"https:\/\/functionals.com\/de\/wp-json\/wp\/v2\/product_brand?post=24785"},{"taxonomy":"product_cat","embeddable":true,"href":"https:\/\/functionals.com\/de\/wp-json\/wp\/v2\/product_cat?post=24785"},{"taxonomy":"product_tag","embeddable":true,"href":"https:\/\/functionals.com\/de\/wp-json\/wp\/v2\/product_tag?post=24785"}],"curies":[{"name":"wp","href":"https:\/\/api.w.org\/{rel}","templated":true}]}}