{"id":24397,"date":"2025-02-25T11:07:32","date_gmt":"2025-02-25T10:07:32","guid":{"rendered":"https:\/\/functionals.com\/uncategorized\/ben-2\/"},"modified":"2025-02-25T11:07:32","modified_gmt":"2025-02-25T10:07:32","slug":"ben-2","status":"publish","type":"product","link":"https:\/\/functionals.com\/de\/banke\/ben-2\/","title":{"rendered":"ben"},"content":{"rendered":"","protected":false},"excerpt":{"rendered":"<p>Ben verleiht \u00f6ffentlichen Sitzgelegenheiten eine neue Dimension. Die Bank ist nicht nur f\u00fcr die intensive Nutzung in stark frequentierten Zonen gedacht, sie strahlt auch eine dezente Zur\u00fcckhaltung aus, die jeden Raum auf die n\u00e4chste Stufe hebt. Die unverw\u00fcstliche Konstruktion aus pulverbeschichtetem Stahl und Aluminium eignet sich sowohl f\u00fcr den Innen- als auch f\u00fcr den Au\u00dfenbereich, vom belebten Flughafen bis zum privaten Garten.  <\/p>\n","protected":false},"featured_media":20371,"template":"","meta":{"_acf_changed":false,"inline_featured_image":false},"product_brand":[],"product_cat":[148],"product_tag":[3309],"class_list":{"0":"post-24397","1":"product","2":"type-product","3":"status-publish","4":"has-post-thumbnail","6":"product_cat-banke","7":"product_tag-indoor-de","8":"pa_designer-kaschkasch-de","10":"first","11":"instock","12":"taxable","13":"shipping-taxable","14":"purchasable","15":"product-type-variable"},"acf":[],"yoast_head":"<!-- This site is optimized with the Yoast SEO plugin v27.3 - https:\/\/yoast.com\/product\/yoast-seo-wordpress\/ -->\n<title>ben - functionals<\/title>\n<meta name=\"robots\" content=\"index, follow, max-snippet:-1, max-image-preview:large, max-video-preview:-1\" \/>\n<link rel=\"canonical\" href=\"https:\/\/functionals.com\/de\/banke\/ben-2\/\" \/>\n<meta property=\"og:locale\" content=\"de_DE\" \/>\n<meta property=\"og:type\" content=\"article\" \/>\n<meta property=\"og:title\" content=\"ben - functionals\" \/>\n<meta property=\"og:description\" content=\"Ben verleiht \u00f6ffentlichen Sitzgelegenheiten eine neue Dimension. Die Bank ist nicht nur f\u00fcr die intensive Nutzung in stark frequentierten Zonen gedacht, sie strahlt auch eine dezente Zur\u00fcckhaltung aus, die jeden Raum auf die n\u00e4chste Stufe hebt. Die unverw\u00fcstliche Konstruktion aus pulverbeschichtetem Stahl und Aluminium eignet sich sowohl f\u00fcr den Innen- als auch f\u00fcr den Au\u00dfenbereich, vom belebten Flughafen bis zum privaten Garten.\" \/>\n<meta property=\"og:url\" content=\"https:\/\/functionals.com\/de\/banke\/ben-2\/\" \/>\n<meta property=\"og:site_name\" content=\"functionals\" \/>\n<meta property=\"article:publisher\" content=\"https:\/\/www.facebook.com\/functionals.eu\" \/>\n<meta property=\"og:image\" content=\"https:\/\/functionals.com\/wp-content\/uploads\/2025\/03\/Ben-180-Leg-Concrete-FV-Oxide-scaled.jpg\" \/>\n\t<meta property=\"og:image:width\" content=\"1707\" \/>\n\t<meta property=\"og:image:height\" content=\"2560\" \/>\n\t<meta property=\"og:image:type\" content=\"image\/jpeg\" \/>\n<meta name=\"twitter:card\" content=\"summary_large_image\" \/>\n<script type=\"application\/ld+json\" class=\"yoast-schema-graph\">{\"@context\":\"https:\\\/\\\/schema.org\",\"@graph\":[{\"@type\":\"WebPage\",\"@id\":\"https:\\\/\\\/functionals.com\\\/de\\\/banke\\\/ben-2\\\/\",\"url\":\"https:\\\/\\\/functionals.com\\\/de\\\/banke\\\/ben-2\\\/\",\"name\":\"ben - functionals\",\"isPartOf\":{\"@id\":\"https:\\\/\\\/functionals.com\\\/de\\\/#website\"},\"primaryImageOfPage\":{\"@id\":\"https:\\\/\\\/functionals.com\\\/de\\\/banke\\\/ben-2\\\/#primaryimage\"},\"image\":{\"@id\":\"https:\\\/\\\/functionals.com\\\/de\\\/banke\\\/ben-2\\\/#primaryimage\"},\"thumbnailUrl\":\"https:\\\/\\\/functionals.com\\\/wp-content\\\/uploads\\\/2025\\\/03\\\/Ben-180-Leg-Concrete-FV-Oxide-scaled.jpg\",\"datePublished\":\"2025-02-25T10:07:32+00:00\",\"breadcrumb\":{\"@id\":\"https:\\\/\\\/functionals.com\\\/de\\\/banke\\\/ben-2\\\/#breadcrumb\"},\"inLanguage\":\"de\",\"potentialAction\":[{\"@type\":\"ReadAction\",\"target\":[\"https:\\\/\\\/functionals.com\\\/de\\\/banke\\\/ben-2\\\/\"]}],\"author\":{\"@type\":\"Organization\",\"name\":\"Heabb\",\"url\":\"https:\\\/\\\/heabb.nl\"}},{\"@type\":\"ImageObject\",\"inLanguage\":\"de\",\"@id\":\"https:\\\/\\\/functionals.com\\\/de\\\/banke\\\/ben-2\\\/#primaryimage\",\"url\":\"https:\\\/\\\/functionals.com\\\/wp-content\\\/uploads\\\/2025\\\/03\\\/Ben-180-Leg-Concrete-FV-Oxide-scaled.jpg\",\"contentUrl\":\"https:\\\/\\\/functionals.com\\\/wp-content\\\/uploads\\\/2025\\\/03\\\/Ben-180-Leg-Concrete-FV-Oxide-scaled.jpg\",\"width\":1707,\"height\":2560},{\"@type\":\"BreadcrumbList\",\"@id\":\"https:\\\/\\\/functionals.com\\\/de\\\/banke\\\/ben-2\\\/#breadcrumb\",\"itemListElement\":[{\"@type\":\"ListItem\",\"position\":1,\"name\":\"home\",\"item\":\"https:\\\/\\\/functionals.com\\\/de\\\/\"},{\"@type\":\"ListItem\",\"position\":2,\"name\":\"produkte\",\"item\":\"https:\\\/\\\/functionals.com\\\/de\\\/produkte\\\/\"},{\"@type\":\"ListItem\",\"position\":3,\"name\":\"ben\"}]},{\"@type\":\"WebSite\",\"@id\":\"https:\\\/\\\/functionals.com\\\/de\\\/#website\",\"url\":\"https:\\\/\\\/functionals.com\\\/de\\\/\",\"name\":\"Functionals\",\"description\":\"organising spaces\",\"publisher\":{\"@id\":\"https:\\\/\\\/functionals.com\\\/de\\\/#organization\"},\"potentialAction\":[{\"@type\":\"SearchAction\",\"target\":{\"@type\":\"EntryPoint\",\"urlTemplate\":\"https:\\\/\\\/functionals.com\\\/de\\\/?s={search_term_string}\"},\"query-input\":{\"@type\":\"PropertyValueSpecification\",\"valueRequired\":true,\"valueName\":\"search_term_string\"}}],\"inLanguage\":\"de\"},{\"@type\":\"Organization\",\"@id\":\"https:\\\/\\\/functionals.com\\\/de\\\/#organization\",\"name\":\"Functionals\",\"url\":\"https:\\\/\\\/functionals.com\\\/de\\\/\",\"logo\":{\"@type\":\"ImageObject\",\"inLanguage\":\"de\",\"@id\":\"https:\\\/\\\/functionals.com\\\/de\\\/#\\\/schema\\\/logo\\\/image\\\/\",\"url\":\"https:\\\/\\\/functionals.com\\\/wp-content\\\/uploads\\\/2024\\\/08\\\/Functionals-logo-5cm-300dpi.jpg\",\"contentUrl\":\"https:\\\/\\\/functionals.com\\\/wp-content\\\/uploads\\\/2024\\\/08\\\/Functionals-logo-5cm-300dpi.jpg\",\"width\":591,\"height\":997,\"caption\":\"Functionals\"},\"image\":{\"@id\":\"https:\\\/\\\/functionals.com\\\/de\\\/#\\\/schema\\\/logo\\\/image\\\/\"},\"sameAs\":[\"https:\\\/\\\/www.facebook.com\\\/functionals.eu\",\"https:\\\/\\\/www.instagram.com\\\/functionals\",\"https:\\\/\\\/www.linkedin.com\\\/company\\\/functionals-com\"]}]}<\/script>\n<!-- \/ Yoast SEO plugin. -->","yoast_head_json":{"title":"ben - functionals","robots":{"index":"index","follow":"follow","max-snippet":"max-snippet:-1","max-image-preview":"max-image-preview:large","max-video-preview":"max-video-preview:-1"},"canonical":"https:\/\/functionals.com\/de\/banke\/ben-2\/","og_locale":"de_DE","og_type":"article","og_title":"ben - functionals","og_description":"Ben verleiht \u00f6ffentlichen Sitzgelegenheiten eine neue Dimension. Die Bank ist nicht nur f\u00fcr die intensive Nutzung in stark frequentierten Zonen gedacht, sie strahlt auch eine dezente Zur\u00fcckhaltung aus, die jeden Raum auf die n\u00e4chste Stufe hebt. Die unverw\u00fcstliche Konstruktion aus pulverbeschichtetem Stahl und Aluminium eignet sich sowohl f\u00fcr den Innen- als auch f\u00fcr den Au\u00dfenbereich, vom belebten Flughafen bis zum privaten Garten.","og_url":"https:\/\/functionals.com\/de\/banke\/ben-2\/","og_site_name":"functionals","article_publisher":"https:\/\/www.facebook.com\/functionals.eu","og_image":[{"width":1707,"height":2560,"url":"https:\/\/functionals.com\/wp-content\/uploads\/2025\/03\/Ben-180-Leg-Concrete-FV-Oxide-scaled.jpg","type":"image\/jpeg"}],"twitter_card":"summary_large_image","schema":{"@context":"https:\/\/schema.org","@graph":[{"@type":"WebPage","@id":"https:\/\/functionals.com\/de\/banke\/ben-2\/","url":"https:\/\/functionals.com\/de\/banke\/ben-2\/","name":"ben - functionals","isPartOf":{"@id":"https:\/\/functionals.com\/de\/#website"},"primaryImageOfPage":{"@id":"https:\/\/functionals.com\/de\/banke\/ben-2\/#primaryimage"},"image":{"@id":"https:\/\/functionals.com\/de\/banke\/ben-2\/#primaryimage"},"thumbnailUrl":"https:\/\/functionals.com\/wp-content\/uploads\/2025\/03\/Ben-180-Leg-Concrete-FV-Oxide-scaled.jpg","datePublished":"2025-02-25T10:07:32+00:00","breadcrumb":{"@id":"https:\/\/functionals.com\/de\/banke\/ben-2\/#breadcrumb"},"inLanguage":"de","potentialAction":[{"@type":"ReadAction","target":["https:\/\/functionals.com\/de\/banke\/ben-2\/"]}],"author":{"@type":"Organization","name":"Heabb","url":"https:\/\/heabb.nl"}},{"@type":"ImageObject","inLanguage":"de","@id":"https:\/\/functionals.com\/de\/banke\/ben-2\/#primaryimage","url":"https:\/\/functionals.com\/wp-content\/uploads\/2025\/03\/Ben-180-Leg-Concrete-FV-Oxide-scaled.jpg","contentUrl":"https:\/\/functionals.com\/wp-content\/uploads\/2025\/03\/Ben-180-Leg-Concrete-FV-Oxide-scaled.jpg","width":1707,"height":2560},{"@type":"BreadcrumbList","@id":"https:\/\/functionals.com\/de\/banke\/ben-2\/#breadcrumb","itemListElement":[{"@type":"ListItem","position":1,"name":"home","item":"https:\/\/functionals.com\/de\/"},{"@type":"ListItem","position":2,"name":"produkte","item":"https:\/\/functionals.com\/de\/produkte\/"},{"@type":"ListItem","position":3,"name":"ben"}]},{"@type":"WebSite","@id":"https:\/\/functionals.com\/de\/#website","url":"https:\/\/functionals.com\/de\/","name":"Functionals","description":"organising spaces","publisher":{"@id":"https:\/\/functionals.com\/de\/#organization"},"potentialAction":[{"@type":"SearchAction","target":{"@type":"EntryPoint","urlTemplate":"https:\/\/functionals.com\/de\/?s={search_term_string}"},"query-input":{"@type":"PropertyValueSpecification","valueRequired":true,"valueName":"search_term_string"}}],"inLanguage":"de"},{"@type":"Organization","@id":"https:\/\/functionals.com\/de\/#organization","name":"Functionals","url":"https:\/\/functionals.com\/de\/","logo":{"@type":"ImageObject","inLanguage":"de","@id":"https:\/\/functionals.com\/de\/#\/schema\/logo\/image\/","url":"https:\/\/functionals.com\/wp-content\/uploads\/2024\/08\/Functionals-logo-5cm-300dpi.jpg","contentUrl":"https:\/\/functionals.com\/wp-content\/uploads\/2024\/08\/Functionals-logo-5cm-300dpi.jpg","width":591,"height":997,"caption":"Functionals"},"image":{"@id":"https:\/\/functionals.com\/de\/#\/schema\/logo\/image\/"},"sameAs":["https:\/\/www.facebook.com\/functionals.eu","https:\/\/www.instagram.com\/functionals","https:\/\/www.linkedin.com\/company\/functionals-com"]}]}},"_links":{"self":[{"href":"https:\/\/functionals.com\/de\/wp-json\/wp\/v2\/product\/24397","targetHints":{"allow":["GET"]}}],"collection":[{"href":"https:\/\/functionals.com\/de\/wp-json\/wp\/v2\/product"}],"about":[{"href":"https:\/\/functionals.com\/de\/wp-json\/wp\/v2\/types\/product"}],"wp:featuredmedia":[{"embeddable":true,"href":"https:\/\/functionals.com\/de\/wp-json\/wp\/v2\/media\/20371"}],"wp:attachment":[{"href":"https:\/\/functionals.com\/de\/wp-json\/wp\/v2\/media?parent=24397"}],"wp:term":[{"taxonomy":"product_brand","embeddable":true,"href":"https:\/\/functionals.com\/de\/wp-json\/wp\/v2\/product_brand?post=24397"},{"taxonomy":"product_cat","embeddable":true,"href":"https:\/\/functionals.com\/de\/wp-json\/wp\/v2\/product_cat?post=24397"},{"taxonomy":"product_tag","embeddable":true,"href":"https:\/\/functionals.com\/de\/wp-json\/wp\/v2\/product_tag?post=24397"}],"curies":[{"name":"wp","href":"https:\/\/api.w.org\/{rel}","templated":true}]}}