{"id":24318,"date":"2024-08-23T12:28:07","date_gmt":"2024-08-23T10:28:07","guid":{"rendered":"https:\/\/functionals.com\/uncategorized\/aquarius-sg-2\/"},"modified":"2024-08-23T12:28:07","modified_gmt":"2024-08-23T10:28:07","slug":"aquarius-sg-2","status":"publish","type":"product","link":"https:\/\/functionals.com\/de\/stahlschranke\/aquarius-sg-2\/","title":{"rendered":"aquarius sg"},"content":{"rendered":"","protected":false},"excerpt":{"rendered":"<p>Wenn Sie Ihre Tasche oder Ihren Mantel sicher verstauen m\u00f6chten, bietet der Aquarius SG die passende L\u00f6sung. Der Garderobenschrank besteht aus robustem Stahl und ist serienm\u00e4\u00dfig mit Zylinderschl\u00f6ssern oder Vorh\u00e4ngeschl\u00f6ssern erh\u00e4ltlich. Die Spinde sind auf einem Sockel, einem Gestell oder einer Kombination aus Gestell und Sitzbank verf\u00fcgbar. Das Geh\u00e4use ist in unseren Functionals-Farben sowie in zwanzig speziellen RAL-Farben mit feiner Struktur erh\u00e4ltlich. Die dazugeh\u00f6rige Kleiderstange verf\u00fcgt \u00fcber drei verschiebbare Haken.    <\/p>\n","protected":false},"featured_media":13270,"template":"","meta":{"_acf_changed":false,"inline_featured_image":false},"product_brand":[],"product_cat":[189,193],"product_tag":[3368,3371,3364,3367],"class_list":{"0":"post-24318","1":"product","2":"type-product","3":"status-publish","4":"has-post-thumbnail","6":"product_cat-lockers","7":"product_cat-stahlschranke","8":"product_tag-aquarius","9":"product_tag-functionals","10":"product_tag-functionals-design-team","11":"product_tag-locker","12":"pa_designer-functionals-team-de","14":"first","15":"instock","16":"taxable","17":"shipping-taxable","18":"purchasable","19":"product-type-variable"},"acf":[],"yoast_head":"<!-- This site is optimized with the Yoast SEO plugin v27.5 - https:\/\/yoast.com\/product\/yoast-seo-wordpress\/ -->\n<title>aquarius sg - functionals<\/title>\n<meta name=\"robots\" content=\"index, follow, max-snippet:-1, max-image-preview:large, max-video-preview:-1\" \/>\n<link rel=\"canonical\" href=\"https:\/\/functionals.com\/de\/stahlschranke\/aquarius-sg-2\/\" \/>\n<meta property=\"og:locale\" content=\"de_DE\" \/>\n<meta property=\"og:type\" content=\"article\" \/>\n<meta property=\"og:title\" content=\"aquarius sg - functionals\" \/>\n<meta property=\"og:description\" content=\"Wenn Sie Ihre Tasche oder Ihren Mantel sicher verstauen m\u00f6chten, bietet der Aquarius SG die passende L\u00f6sung. Der Garderobenschrank besteht aus robustem Stahl und ist serienm\u00e4\u00dfig mit Zylinderschl\u00f6ssern oder Vorh\u00e4ngeschl\u00f6ssern erh\u00e4ltlich. Die Spinde sind auf einem Sockel, einem Gestell oder einer Kombination aus Gestell und Sitzbank verf\u00fcgbar. Das Geh\u00e4use ist in unseren Functionals-Farben sowie in zwanzig speziellen RAL-Farben mit feiner Struktur erh\u00e4ltlich. Die dazugeh\u00f6rige Kleiderstange verf\u00fcgt \u00fcber drei verschiebbare Haken.\" \/>\n<meta property=\"og:url\" content=\"https:\/\/functionals.com\/de\/stahlschranke\/aquarius-sg-2\/\" \/>\n<meta property=\"og:site_name\" content=\"functionals\" \/>\n<meta property=\"article:publisher\" content=\"https:\/\/www.facebook.com\/functionals.eu\" \/>\n<meta property=\"og:image\" content=\"https:\/\/functionals.com\/wp-content\/uploads\/2024\/08\/Aquarius-SG3402-P-RAL9010-FV-scaled.jpg\" \/>\n\t<meta property=\"og:image:width\" content=\"1707\" \/>\n\t<meta property=\"og:image:height\" content=\"2560\" \/>\n\t<meta property=\"og:image:type\" content=\"image\/jpeg\" \/>\n<meta name=\"twitter:card\" content=\"summary_large_image\" \/>\n<script type=\"application\/ld+json\" class=\"yoast-schema-graph\">{\"@context\":\"https:\\\/\\\/schema.org\",\"@graph\":[{\"@type\":\"WebPage\",\"@id\":\"https:\\\/\\\/functionals.com\\\/de\\\/stahlschranke\\\/aquarius-sg-2\\\/\",\"url\":\"https:\\\/\\\/functionals.com\\\/de\\\/stahlschranke\\\/aquarius-sg-2\\\/\",\"name\":\"aquarius sg - functionals\",\"isPartOf\":{\"@id\":\"https:\\\/\\\/functionals.com\\\/de\\\/#website\"},\"primaryImageOfPage\":{\"@id\":\"https:\\\/\\\/functionals.com\\\/de\\\/stahlschranke\\\/aquarius-sg-2\\\/#primaryimage\"},\"image\":{\"@id\":\"https:\\\/\\\/functionals.com\\\/de\\\/stahlschranke\\\/aquarius-sg-2\\\/#primaryimage\"},\"thumbnailUrl\":\"https:\\\/\\\/functionals.com\\\/wp-content\\\/uploads\\\/2024\\\/08\\\/Aquarius-SG3402-P-RAL9010-FV-scaled.jpg\",\"datePublished\":\"2024-08-23T10:28:07+00:00\",\"breadcrumb\":{\"@id\":\"https:\\\/\\\/functionals.com\\\/de\\\/stahlschranke\\\/aquarius-sg-2\\\/#breadcrumb\"},\"inLanguage\":\"de\",\"potentialAction\":[{\"@type\":\"ReadAction\",\"target\":[\"https:\\\/\\\/functionals.com\\\/de\\\/stahlschranke\\\/aquarius-sg-2\\\/\"]}],\"author\":{\"@type\":\"Organization\",\"name\":\"Heabb\",\"url\":\"https:\\\/\\\/heabb.nl\"}},{\"@type\":\"ImageObject\",\"inLanguage\":\"de\",\"@id\":\"https:\\\/\\\/functionals.com\\\/de\\\/stahlschranke\\\/aquarius-sg-2\\\/#primaryimage\",\"url\":\"https:\\\/\\\/functionals.com\\\/wp-content\\\/uploads\\\/2024\\\/08\\\/Aquarius-SG3402-P-RAL9010-FV-scaled.jpg\",\"contentUrl\":\"https:\\\/\\\/functionals.com\\\/wp-content\\\/uploads\\\/2024\\\/08\\\/Aquarius-SG3402-P-RAL9010-FV-scaled.jpg\",\"width\":1707,\"height\":2560},{\"@type\":\"BreadcrumbList\",\"@id\":\"https:\\\/\\\/functionals.com\\\/de\\\/stahlschranke\\\/aquarius-sg-2\\\/#breadcrumb\",\"itemListElement\":[{\"@type\":\"ListItem\",\"position\":1,\"name\":\"home\",\"item\":\"https:\\\/\\\/functionals.com\\\/de\\\/\"},{\"@type\":\"ListItem\",\"position\":2,\"name\":\"produkte\",\"item\":\"https:\\\/\\\/functionals.com\\\/de\\\/produkte\\\/\"},{\"@type\":\"ListItem\",\"position\":3,\"name\":\"aquarius sg\"}]},{\"@type\":\"WebSite\",\"@id\":\"https:\\\/\\\/functionals.com\\\/de\\\/#website\",\"url\":\"https:\\\/\\\/functionals.com\\\/de\\\/\",\"name\":\"Functionals\",\"description\":\"organising spaces\",\"publisher\":{\"@id\":\"https:\\\/\\\/functionals.com\\\/de\\\/#organization\"},\"potentialAction\":[{\"@type\":\"SearchAction\",\"target\":{\"@type\":\"EntryPoint\",\"urlTemplate\":\"https:\\\/\\\/functionals.com\\\/de\\\/?s={search_term_string}\"},\"query-input\":{\"@type\":\"PropertyValueSpecification\",\"valueRequired\":true,\"valueName\":\"search_term_string\"}}],\"inLanguage\":\"de\"},{\"@type\":\"Organization\",\"@id\":\"https:\\\/\\\/functionals.com\\\/de\\\/#organization\",\"name\":\"Functionals\",\"url\":\"https:\\\/\\\/functionals.com\\\/de\\\/\",\"logo\":{\"@type\":\"ImageObject\",\"inLanguage\":\"de\",\"@id\":\"https:\\\/\\\/functionals.com\\\/de\\\/#\\\/schema\\\/logo\\\/image\\\/\",\"url\":\"https:\\\/\\\/functionals.com\\\/wp-content\\\/uploads\\\/2024\\\/08\\\/Functionals-logo-5cm-300dpi.jpg\",\"contentUrl\":\"https:\\\/\\\/functionals.com\\\/wp-content\\\/uploads\\\/2024\\\/08\\\/Functionals-logo-5cm-300dpi.jpg\",\"width\":591,\"height\":997,\"caption\":\"Functionals\"},\"image\":{\"@id\":\"https:\\\/\\\/functionals.com\\\/de\\\/#\\\/schema\\\/logo\\\/image\\\/\"},\"sameAs\":[\"https:\\\/\\\/www.facebook.com\\\/functionals.eu\",\"https:\\\/\\\/www.instagram.com\\\/functionals\",\"https:\\\/\\\/www.linkedin.com\\\/company\\\/functionals-com\"]}]}<\/script>\n<!-- \/ Yoast SEO plugin. -->","yoast_head_json":{"title":"aquarius sg - functionals","robots":{"index":"index","follow":"follow","max-snippet":"max-snippet:-1","max-image-preview":"max-image-preview:large","max-video-preview":"max-video-preview:-1"},"canonical":"https:\/\/functionals.com\/de\/stahlschranke\/aquarius-sg-2\/","og_locale":"de_DE","og_type":"article","og_title":"aquarius sg - functionals","og_description":"Wenn Sie Ihre Tasche oder Ihren Mantel sicher verstauen m\u00f6chten, bietet der Aquarius SG die passende L\u00f6sung. Der Garderobenschrank besteht aus robustem Stahl und ist serienm\u00e4\u00dfig mit Zylinderschl\u00f6ssern oder Vorh\u00e4ngeschl\u00f6ssern erh\u00e4ltlich. Die Spinde sind auf einem Sockel, einem Gestell oder einer Kombination aus Gestell und Sitzbank verf\u00fcgbar. Das Geh\u00e4use ist in unseren Functionals-Farben sowie in zwanzig speziellen RAL-Farben mit feiner Struktur erh\u00e4ltlich. Die dazugeh\u00f6rige Kleiderstange verf\u00fcgt \u00fcber drei verschiebbare Haken.","og_url":"https:\/\/functionals.com\/de\/stahlschranke\/aquarius-sg-2\/","og_site_name":"functionals","article_publisher":"https:\/\/www.facebook.com\/functionals.eu","og_image":[{"width":1707,"height":2560,"url":"https:\/\/functionals.com\/wp-content\/uploads\/2024\/08\/Aquarius-SG3402-P-RAL9010-FV-scaled.jpg","type":"image\/jpeg"}],"twitter_card":"summary_large_image","schema":{"@context":"https:\/\/schema.org","@graph":[{"@type":"WebPage","@id":"https:\/\/functionals.com\/de\/stahlschranke\/aquarius-sg-2\/","url":"https:\/\/functionals.com\/de\/stahlschranke\/aquarius-sg-2\/","name":"aquarius sg - functionals","isPartOf":{"@id":"https:\/\/functionals.com\/de\/#website"},"primaryImageOfPage":{"@id":"https:\/\/functionals.com\/de\/stahlschranke\/aquarius-sg-2\/#primaryimage"},"image":{"@id":"https:\/\/functionals.com\/de\/stahlschranke\/aquarius-sg-2\/#primaryimage"},"thumbnailUrl":"https:\/\/functionals.com\/wp-content\/uploads\/2024\/08\/Aquarius-SG3402-P-RAL9010-FV-scaled.jpg","datePublished":"2024-08-23T10:28:07+00:00","breadcrumb":{"@id":"https:\/\/functionals.com\/de\/stahlschranke\/aquarius-sg-2\/#breadcrumb"},"inLanguage":"de","potentialAction":[{"@type":"ReadAction","target":["https:\/\/functionals.com\/de\/stahlschranke\/aquarius-sg-2\/"]}],"author":{"@type":"Organization","name":"Heabb","url":"https:\/\/heabb.nl"}},{"@type":"ImageObject","inLanguage":"de","@id":"https:\/\/functionals.com\/de\/stahlschranke\/aquarius-sg-2\/#primaryimage","url":"https:\/\/functionals.com\/wp-content\/uploads\/2024\/08\/Aquarius-SG3402-P-RAL9010-FV-scaled.jpg","contentUrl":"https:\/\/functionals.com\/wp-content\/uploads\/2024\/08\/Aquarius-SG3402-P-RAL9010-FV-scaled.jpg","width":1707,"height":2560},{"@type":"BreadcrumbList","@id":"https:\/\/functionals.com\/de\/stahlschranke\/aquarius-sg-2\/#breadcrumb","itemListElement":[{"@type":"ListItem","position":1,"name":"home","item":"https:\/\/functionals.com\/de\/"},{"@type":"ListItem","position":2,"name":"produkte","item":"https:\/\/functionals.com\/de\/produkte\/"},{"@type":"ListItem","position":3,"name":"aquarius sg"}]},{"@type":"WebSite","@id":"https:\/\/functionals.com\/de\/#website","url":"https:\/\/functionals.com\/de\/","name":"Functionals","description":"organising spaces","publisher":{"@id":"https:\/\/functionals.com\/de\/#organization"},"potentialAction":[{"@type":"SearchAction","target":{"@type":"EntryPoint","urlTemplate":"https:\/\/functionals.com\/de\/?s={search_term_string}"},"query-input":{"@type":"PropertyValueSpecification","valueRequired":true,"valueName":"search_term_string"}}],"inLanguage":"de"},{"@type":"Organization","@id":"https:\/\/functionals.com\/de\/#organization","name":"Functionals","url":"https:\/\/functionals.com\/de\/","logo":{"@type":"ImageObject","inLanguage":"de","@id":"https:\/\/functionals.com\/de\/#\/schema\/logo\/image\/","url":"https:\/\/functionals.com\/wp-content\/uploads\/2024\/08\/Functionals-logo-5cm-300dpi.jpg","contentUrl":"https:\/\/functionals.com\/wp-content\/uploads\/2024\/08\/Functionals-logo-5cm-300dpi.jpg","width":591,"height":997,"caption":"Functionals"},"image":{"@id":"https:\/\/functionals.com\/de\/#\/schema\/logo\/image\/"},"sameAs":["https:\/\/www.facebook.com\/functionals.eu","https:\/\/www.instagram.com\/functionals","https:\/\/www.linkedin.com\/company\/functionals-com"]}]}},"_links":{"self":[{"href":"https:\/\/functionals.com\/de\/wp-json\/wp\/v2\/product\/24318","targetHints":{"allow":["GET"]}}],"collection":[{"href":"https:\/\/functionals.com\/de\/wp-json\/wp\/v2\/product"}],"about":[{"href":"https:\/\/functionals.com\/de\/wp-json\/wp\/v2\/types\/product"}],"wp:featuredmedia":[{"embeddable":true,"href":"https:\/\/functionals.com\/de\/wp-json\/wp\/v2\/media\/13270"}],"wp:attachment":[{"href":"https:\/\/functionals.com\/de\/wp-json\/wp\/v2\/media?parent=24318"}],"wp:term":[{"taxonomy":"product_brand","embeddable":true,"href":"https:\/\/functionals.com\/de\/wp-json\/wp\/v2\/product_brand?post=24318"},{"taxonomy":"product_cat","embeddable":true,"href":"https:\/\/functionals.com\/de\/wp-json\/wp\/v2\/product_cat?post=24318"},{"taxonomy":"product_tag","embeddable":true,"href":"https:\/\/functionals.com\/de\/wp-json\/wp\/v2\/product_tag?post=24318"}],"curies":[{"name":"wp","href":"https:\/\/api.w.org\/{rel}","templated":true}]}}