{"id":24292,"date":"2024-08-23T12:03:44","date_gmt":"2024-08-23T10:03:44","guid":{"rendered":"https:\/\/functionals.com\/uncategorized\/aquarius-hvl-2\/"},"modified":"2024-08-23T12:03:44","modified_gmt":"2024-08-23T10:03:44","slug":"aquarius-hvl-2","status":"publish","type":"product","link":"https:\/\/functionals.com\/de\/holzschranke\/aquarius-hvl-2\/","title":{"rendered":"aquarius hvl"},"content":{"rendered":"","protected":false},"excerpt":{"rendered":"<p>Mit seiner bescheidenen H\u00f6he von 132 Zentimetern sorgt der Spind Aquarius HVL f\u00fcr ein gro\u00dfz\u00fcgiges Raumgef\u00fchl in jedem Innenraum. Das Geh\u00e4use ist in Wei\u00df lackiert. Die T\u00fcren sind standardm\u00e4\u00dfig in Wei\u00df, Schwarz, Hellgrau und Dunkelgrau erh\u00e4ltlich. T\u00fcren und Seitenw\u00e4nde sind gegen Aufpreis in etwa 100 verschiedenen Pfleiderer-Holzdekoren und Pfleiderer-Einfarbt\u00f6nen verf\u00fcgbar. Die Modelle sind mit schwarzen Metallsockeln und h\u00f6henverstellbaren F\u00fc\u00dfen ausgestattet.    <\/p>\n","protected":false},"featured_media":16732,"template":"","meta":{"_acf_changed":false,"inline_featured_image":false},"product_brand":[],"product_cat":[194,189],"product_tag":[3368,3371,3364,3366,3365,3374,3369,3370],"class_list":{"0":"post-24292","1":"product","2":"type-product","3":"status-publish","4":"has-post-thumbnail","6":"product_cat-holzschranke","7":"product_cat-lockers","8":"product_tag-aquarius","9":"product_tag-functionals","10":"product_tag-functionals-design-team","11":"product_tag-houten-locker","12":"product_tag-houten-lockerkast","13":"product_tag-lockerkast","14":"product_tag-wooden-locker","15":"product_tag-wooden-locker-cabinet","16":"pa_designer-functionals-team-de","18":"first","19":"instock","20":"taxable","21":"shipping-taxable","22":"purchasable","23":"product-type-variable"},"acf":[],"yoast_head":"<!-- This site is optimized with the Yoast SEO plugin v27.3 - https:\/\/yoast.com\/product\/yoast-seo-wordpress\/ -->\n<title>aquarius hvl - functionals<\/title>\n<meta name=\"robots\" content=\"index, follow, max-snippet:-1, max-image-preview:large, max-video-preview:-1\" \/>\n<link rel=\"canonical\" href=\"https:\/\/functionals.com\/de\/holzschranke\/aquarius-hvl-2\/\" \/>\n<meta property=\"og:locale\" content=\"de_DE\" \/>\n<meta property=\"og:type\" content=\"article\" \/>\n<meta property=\"og:title\" content=\"aquarius hvl - functionals\" \/>\n<meta property=\"og:description\" content=\"Mit seiner bescheidenen H\u00f6he von 132 Zentimetern sorgt der Spind Aquarius HVL f\u00fcr ein gro\u00dfz\u00fcgiges Raumgef\u00fchl in jedem Innenraum. Das Geh\u00e4use ist in Wei\u00df lackiert. Die T\u00fcren sind standardm\u00e4\u00dfig in Wei\u00df, Schwarz, Hellgrau und Dunkelgrau erh\u00e4ltlich. T\u00fcren und Seitenw\u00e4nde sind gegen Aufpreis in etwa 100 verschiedenen Pfleiderer-Holzdekoren und Pfleiderer-Einfarbt\u00f6nen verf\u00fcgbar. Die Modelle sind mit schwarzen Metallsockeln und h\u00f6henverstellbaren F\u00fc\u00dfen ausgestattet.\" \/>\n<meta property=\"og:url\" content=\"https:\/\/functionals.com\/de\/holzschranke\/aquarius-hvl-2\/\" \/>\n<meta property=\"og:site_name\" content=\"functionals\" \/>\n<meta property=\"article:publisher\" content=\"https:\/\/www.facebook.com\/functionals.eu\" \/>\n<meta property=\"og:image\" content=\"https:\/\/functionals.com\/wp-content\/uploads\/2024\/08\/Aquarius-HVL1302P-S-White-FV-scaled.jpg\" \/>\n\t<meta property=\"og:image:width\" content=\"1707\" \/>\n\t<meta property=\"og:image:height\" content=\"2560\" \/>\n\t<meta property=\"og:image:type\" content=\"image\/jpeg\" \/>\n<meta name=\"twitter:card\" content=\"summary_large_image\" \/>\n<script type=\"application\/ld+json\" class=\"yoast-schema-graph\">{\"@context\":\"https:\\\/\\\/schema.org\",\"@graph\":[{\"@type\":\"WebPage\",\"@id\":\"https:\\\/\\\/functionals.com\\\/de\\\/holzschranke\\\/aquarius-hvl-2\\\/\",\"url\":\"https:\\\/\\\/functionals.com\\\/de\\\/holzschranke\\\/aquarius-hvl-2\\\/\",\"name\":\"aquarius hvl - functionals\",\"isPartOf\":{\"@id\":\"https:\\\/\\\/functionals.com\\\/de\\\/#website\"},\"primaryImageOfPage\":{\"@id\":\"https:\\\/\\\/functionals.com\\\/de\\\/holzschranke\\\/aquarius-hvl-2\\\/#primaryimage\"},\"image\":{\"@id\":\"https:\\\/\\\/functionals.com\\\/de\\\/holzschranke\\\/aquarius-hvl-2\\\/#primaryimage\"},\"thumbnailUrl\":\"https:\\\/\\\/functionals.com\\\/wp-content\\\/uploads\\\/2024\\\/08\\\/Aquarius-HVL1302P-S-White-FV-scaled.jpg\",\"datePublished\":\"2024-08-23T10:03:44+00:00\",\"breadcrumb\":{\"@id\":\"https:\\\/\\\/functionals.com\\\/de\\\/holzschranke\\\/aquarius-hvl-2\\\/#breadcrumb\"},\"inLanguage\":\"de\",\"potentialAction\":[{\"@type\":\"ReadAction\",\"target\":[\"https:\\\/\\\/functionals.com\\\/de\\\/holzschranke\\\/aquarius-hvl-2\\\/\"]}],\"author\":{\"@type\":\"Organization\",\"name\":\"Heabb\",\"url\":\"https:\\\/\\\/heabb.nl\"}},{\"@type\":\"ImageObject\",\"inLanguage\":\"de\",\"@id\":\"https:\\\/\\\/functionals.com\\\/de\\\/holzschranke\\\/aquarius-hvl-2\\\/#primaryimage\",\"url\":\"https:\\\/\\\/functionals.com\\\/wp-content\\\/uploads\\\/2024\\\/08\\\/Aquarius-HVL1302P-S-White-FV-scaled.jpg\",\"contentUrl\":\"https:\\\/\\\/functionals.com\\\/wp-content\\\/uploads\\\/2024\\\/08\\\/Aquarius-HVL1302P-S-White-FV-scaled.jpg\",\"width\":1707,\"height\":2560},{\"@type\":\"BreadcrumbList\",\"@id\":\"https:\\\/\\\/functionals.com\\\/de\\\/holzschranke\\\/aquarius-hvl-2\\\/#breadcrumb\",\"itemListElement\":[{\"@type\":\"ListItem\",\"position\":1,\"name\":\"home\",\"item\":\"https:\\\/\\\/functionals.com\\\/de\\\/\"},{\"@type\":\"ListItem\",\"position\":2,\"name\":\"produkte\",\"item\":\"https:\\\/\\\/functionals.com\\\/de\\\/produkte\\\/\"},{\"@type\":\"ListItem\",\"position\":3,\"name\":\"aquarius hvl\"}]},{\"@type\":\"WebSite\",\"@id\":\"https:\\\/\\\/functionals.com\\\/de\\\/#website\",\"url\":\"https:\\\/\\\/functionals.com\\\/de\\\/\",\"name\":\"Functionals\",\"description\":\"organising spaces\",\"publisher\":{\"@id\":\"https:\\\/\\\/functionals.com\\\/de\\\/#organization\"},\"potentialAction\":[{\"@type\":\"SearchAction\",\"target\":{\"@type\":\"EntryPoint\",\"urlTemplate\":\"https:\\\/\\\/functionals.com\\\/de\\\/?s={search_term_string}\"},\"query-input\":{\"@type\":\"PropertyValueSpecification\",\"valueRequired\":true,\"valueName\":\"search_term_string\"}}],\"inLanguage\":\"de\"},{\"@type\":\"Organization\",\"@id\":\"https:\\\/\\\/functionals.com\\\/de\\\/#organization\",\"name\":\"Functionals\",\"url\":\"https:\\\/\\\/functionals.com\\\/de\\\/\",\"logo\":{\"@type\":\"ImageObject\",\"inLanguage\":\"de\",\"@id\":\"https:\\\/\\\/functionals.com\\\/de\\\/#\\\/schema\\\/logo\\\/image\\\/\",\"url\":\"https:\\\/\\\/functionals.com\\\/wp-content\\\/uploads\\\/2024\\\/08\\\/Functionals-logo-5cm-300dpi.jpg\",\"contentUrl\":\"https:\\\/\\\/functionals.com\\\/wp-content\\\/uploads\\\/2024\\\/08\\\/Functionals-logo-5cm-300dpi.jpg\",\"width\":591,\"height\":997,\"caption\":\"Functionals\"},\"image\":{\"@id\":\"https:\\\/\\\/functionals.com\\\/de\\\/#\\\/schema\\\/logo\\\/image\\\/\"},\"sameAs\":[\"https:\\\/\\\/www.facebook.com\\\/functionals.eu\",\"https:\\\/\\\/www.instagram.com\\\/functionals\",\"https:\\\/\\\/www.linkedin.com\\\/company\\\/functionals-com\"]}]}<\/script>\n<!-- \/ Yoast SEO plugin. -->","yoast_head_json":{"title":"aquarius hvl - functionals","robots":{"index":"index","follow":"follow","max-snippet":"max-snippet:-1","max-image-preview":"max-image-preview:large","max-video-preview":"max-video-preview:-1"},"canonical":"https:\/\/functionals.com\/de\/holzschranke\/aquarius-hvl-2\/","og_locale":"de_DE","og_type":"article","og_title":"aquarius hvl - functionals","og_description":"Mit seiner bescheidenen H\u00f6he von 132 Zentimetern sorgt der Spind Aquarius HVL f\u00fcr ein gro\u00dfz\u00fcgiges Raumgef\u00fchl in jedem Innenraum. Das Geh\u00e4use ist in Wei\u00df lackiert. Die T\u00fcren sind standardm\u00e4\u00dfig in Wei\u00df, Schwarz, Hellgrau und Dunkelgrau erh\u00e4ltlich. T\u00fcren und Seitenw\u00e4nde sind gegen Aufpreis in etwa 100 verschiedenen Pfleiderer-Holzdekoren und Pfleiderer-Einfarbt\u00f6nen verf\u00fcgbar. Die Modelle sind mit schwarzen Metallsockeln und h\u00f6henverstellbaren F\u00fc\u00dfen ausgestattet.","og_url":"https:\/\/functionals.com\/de\/holzschranke\/aquarius-hvl-2\/","og_site_name":"functionals","article_publisher":"https:\/\/www.facebook.com\/functionals.eu","og_image":[{"width":1707,"height":2560,"url":"https:\/\/functionals.com\/wp-content\/uploads\/2024\/08\/Aquarius-HVL1302P-S-White-FV-scaled.jpg","type":"image\/jpeg"}],"twitter_card":"summary_large_image","schema":{"@context":"https:\/\/schema.org","@graph":[{"@type":"WebPage","@id":"https:\/\/functionals.com\/de\/holzschranke\/aquarius-hvl-2\/","url":"https:\/\/functionals.com\/de\/holzschranke\/aquarius-hvl-2\/","name":"aquarius hvl - functionals","isPartOf":{"@id":"https:\/\/functionals.com\/de\/#website"},"primaryImageOfPage":{"@id":"https:\/\/functionals.com\/de\/holzschranke\/aquarius-hvl-2\/#primaryimage"},"image":{"@id":"https:\/\/functionals.com\/de\/holzschranke\/aquarius-hvl-2\/#primaryimage"},"thumbnailUrl":"https:\/\/functionals.com\/wp-content\/uploads\/2024\/08\/Aquarius-HVL1302P-S-White-FV-scaled.jpg","datePublished":"2024-08-23T10:03:44+00:00","breadcrumb":{"@id":"https:\/\/functionals.com\/de\/holzschranke\/aquarius-hvl-2\/#breadcrumb"},"inLanguage":"de","potentialAction":[{"@type":"ReadAction","target":["https:\/\/functionals.com\/de\/holzschranke\/aquarius-hvl-2\/"]}],"author":{"@type":"Organization","name":"Heabb","url":"https:\/\/heabb.nl"}},{"@type":"ImageObject","inLanguage":"de","@id":"https:\/\/functionals.com\/de\/holzschranke\/aquarius-hvl-2\/#primaryimage","url":"https:\/\/functionals.com\/wp-content\/uploads\/2024\/08\/Aquarius-HVL1302P-S-White-FV-scaled.jpg","contentUrl":"https:\/\/functionals.com\/wp-content\/uploads\/2024\/08\/Aquarius-HVL1302P-S-White-FV-scaled.jpg","width":1707,"height":2560},{"@type":"BreadcrumbList","@id":"https:\/\/functionals.com\/de\/holzschranke\/aquarius-hvl-2\/#breadcrumb","itemListElement":[{"@type":"ListItem","position":1,"name":"home","item":"https:\/\/functionals.com\/de\/"},{"@type":"ListItem","position":2,"name":"produkte","item":"https:\/\/functionals.com\/de\/produkte\/"},{"@type":"ListItem","position":3,"name":"aquarius hvl"}]},{"@type":"WebSite","@id":"https:\/\/functionals.com\/de\/#website","url":"https:\/\/functionals.com\/de\/","name":"Functionals","description":"organising spaces","publisher":{"@id":"https:\/\/functionals.com\/de\/#organization"},"potentialAction":[{"@type":"SearchAction","target":{"@type":"EntryPoint","urlTemplate":"https:\/\/functionals.com\/de\/?s={search_term_string}"},"query-input":{"@type":"PropertyValueSpecification","valueRequired":true,"valueName":"search_term_string"}}],"inLanguage":"de"},{"@type":"Organization","@id":"https:\/\/functionals.com\/de\/#organization","name":"Functionals","url":"https:\/\/functionals.com\/de\/","logo":{"@type":"ImageObject","inLanguage":"de","@id":"https:\/\/functionals.com\/de\/#\/schema\/logo\/image\/","url":"https:\/\/functionals.com\/wp-content\/uploads\/2024\/08\/Functionals-logo-5cm-300dpi.jpg","contentUrl":"https:\/\/functionals.com\/wp-content\/uploads\/2024\/08\/Functionals-logo-5cm-300dpi.jpg","width":591,"height":997,"caption":"Functionals"},"image":{"@id":"https:\/\/functionals.com\/de\/#\/schema\/logo\/image\/"},"sameAs":["https:\/\/www.facebook.com\/functionals.eu","https:\/\/www.instagram.com\/functionals","https:\/\/www.linkedin.com\/company\/functionals-com"]}]}},"_links":{"self":[{"href":"https:\/\/functionals.com\/de\/wp-json\/wp\/v2\/product\/24292","targetHints":{"allow":["GET"]}}],"collection":[{"href":"https:\/\/functionals.com\/de\/wp-json\/wp\/v2\/product"}],"about":[{"href":"https:\/\/functionals.com\/de\/wp-json\/wp\/v2\/types\/product"}],"wp:featuredmedia":[{"embeddable":true,"href":"https:\/\/functionals.com\/de\/wp-json\/wp\/v2\/media\/16732"}],"wp:attachment":[{"href":"https:\/\/functionals.com\/de\/wp-json\/wp\/v2\/media?parent=24292"}],"wp:term":[{"taxonomy":"product_brand","embeddable":true,"href":"https:\/\/functionals.com\/de\/wp-json\/wp\/v2\/product_brand?post=24292"},{"taxonomy":"product_cat","embeddable":true,"href":"https:\/\/functionals.com\/de\/wp-json\/wp\/v2\/product_cat?post=24292"},{"taxonomy":"product_tag","embeddable":true,"href":"https:\/\/functionals.com\/de\/wp-json\/wp\/v2\/product_tag?post=24292"}],"curies":[{"name":"wp","href":"https:\/\/api.w.org\/{rel}","templated":true}]}}